{"id":26355,"date":"2021-07-26T11:59:51","date_gmt":"2021-07-26T15:59:51","guid":{"rendered":"https:\/\/northstarbrokers.ca\/?page_id=26355"},"modified":"2023-09-07T04:45:35","modified_gmt":"2023-09-07T08:45:35","slug":"pret-argent-rapide-gatineau","status":"publish","type":"page","link":"https:\/\/northstarbrokers.ca\/fr\/pret-argent-rapide-gatineau\/","title":{"rendered":"Pret argent rapide"},"content":{"rendered":"<p>[et_pb_section fb_built=\u00a0\u00bb1&Prime; _builder_version=\u00a0\u00bb4.16&Prime; _module_preset=\u00a0\u00bbdefault\u00a0\u00bb background_image=\u00a0\u00bbhttps:\/\/northstarbrokers.ca\/wp-content\/uploads\/2021\/07\/pret-argent-rapide-gatineau.jpg\u00a0\u00bb custom_padding=\u00a0\u00bb150px||150px||true|false\u00a0\u00bb global_colors_info=\u00a0\u00bb{}\u00a0\u00bb][et_pb_row column_structure=\u00a0\u00bb3_5,2_5&Prime; _builder_version=\u00a0\u00bb4.16&Prime; _module_preset=\u00a0\u00bbdefault\u00a0\u00bb global_colors_info=\u00a0\u00bb{}\u00a0\u00bb][et_pb_column type=\u00a0\u00bb3_5&Prime; _builder_version=\u00a0\u00bb4.16&Prime; _module_preset=\u00a0\u00bbdefault\u00a0\u00bb global_colors_info=\u00a0\u00bb{}\u00a0\u00bb][et_pb_text _builder_version=\u00a0\u00bb4.16&Prime; _module_preset=\u00a0\u00bbdefault\u00a0\u00bb header_font=\u00a0\u00bbPoppins|600|||||||\u00a0\u00bb header_text_color=\u00a0\u00bb#FFFFFF\u00a0\u00bb header_font_size=\u00a0\u00bb34px\u00a0\u00bb header_text_shadow_style=\u00a0\u00bbpreset3&Prime; header_text_shadow_color=\u00a0\u00bb#000000&Prime; global_colors_info=\u00a0\u00bb{}\u00a0\u00bb]<\/p>\n<h1>Pr&ecirc;t d&rsquo;argent rapide &agrave; Gatineau<\/h1>\n<p>[\/et_pb_text][\/et_pb_column][et_pb_column type=\u00a0\u00bb2_5&Prime; _builder_version=\u00a0\u00bb4.16&Prime; _module_preset=\u00a0\u00bbdefault\u00a0\u00bb global_colors_info=\u00a0\u00bb{}\u00a0\u00bb][\/et_pb_column][\/et_pb_row][\/et_pb_section][et_pb_section fb_built=\u00a0\u00bb1&Prime; _builder_version=\u00a0\u00bb4.16&Prime; _module_preset=\u00a0\u00bbdefault\u00a0\u00bb global_colors_info=\u00a0\u00bb{}\u00a0\u00bb][et_pb_row column_structure=\u00a0\u00bb1_2,1_2&Prime; _builder_version=\u00a0\u00bb4.16&Prime; _module_preset=\u00a0\u00bbdefault\u00a0\u00bb global_colors_info=\u00a0\u00bb{}\u00a0\u00bb][et_pb_column type=\u00a0\u00bb1_2&Prime; _builder_version=\u00a0\u00bb4.16&Prime; _module_preset=\u00a0\u00bbdefault\u00a0\u00bb global_colors_info=\u00a0\u00bb{}\u00a0\u00bb][et_pb_text _builder_version=\u00a0\u00bb4.16&Prime; text_font=\u00a0\u00bbRoboto|300|||||||\u00a0\u00bb text_text_color=\u00a0\u00bb#000000&Prime; text_font_size=\u00a0\u00bb18px\u00a0\u00bb text_line_height=\u00a0\u00bb1.8em\u00a0\u00bb header_font=\u00a0\u00bbNunito Sans|700|||||||\u00a0\u00bb header_text_color=\u00a0\u00bb#297FCA\u00a0\u00bb header_line_height=\u00a0\u00bb1.3em\u00a0\u00bb custom_margin=\u00a0\u00bb||||false|false\u00a0\u00bb global_colors_info=\u00a0\u00bb{}\u00a0\u00bb]<\/p>\n<p>\u00c0 la recherche d\u2019un pr\u00eat d\u2019argent rapide \u00e0 Gatineau\u2009? Northstar Brokers lib\u00e8re vos fonds dans les 24 heures suivant votre demande et ce, sans enqu\u00eate de cr\u00e9dit. Nos courtiers vous offrent des pr\u00eats personnels d\u2019un montant allant <strong>de 300 \u00e0 3000\u00a0$ selon vos besoins.<\/strong><\/p>\n<p>[\/et_pb_text][et_pb_button button_url=\u00a0\u00bbhttps:\/\/northstarbrokers.ca\/fr\/demande-en-ligne\/\u00a0\u00bb button_text=\u00a0\u00bbPostuler maintenant\u00a0\u00bb button_alignment=\u00a0\u00bbleft\u00a0\u00bb _builder_version=\u00a0\u00bb4.16&Prime; _module_preset=\u00a0\u00bbdefault\u00a0\u00bb custom_button=\u00a0\u00bbon\u00a0\u00bb button_text_size=\u00a0\u00bb19px\u00a0\u00bb button_text_color=\u00a0\u00bb#FFFFFF\u00a0\u00bb button_bg_color=\u00a0\u00bb#0C71C3&Prime; button_border_width=\u00a0\u00bb0px\u00a0\u00bb button_border_color=\u00a0\u00bb#5C81F3&Prime; button_border_radius=\u00a0\u00bb100px\u00a0\u00bb button_font=\u00a0\u00bbDM Sans||||||||\u00a0\u00bb button_use_icon=\u00a0\u00bboff\u00a0\u00bb custom_margin=\u00a0\u00bb40px||||false|false\u00a0\u00bb custom_padding=\u00a0\u00bb9px|40px|8px|40px|false|true\u00a0\u00bb locked=\u00a0\u00bboff\u00a0\u00bb global_colors_info=\u00a0\u00bb{}\u00a0\u00bb button_text_color__hover_enabled=\u00a0\u00bbon|hover\u00a0\u00bb button_text_color__hover=\u00a0\u00bb#ffffff\u00a0\u00bb button_bg_color__hover_enabled=\u00a0\u00bbon|desktop\u00a0\u00bb button_bg_color__hover=\u00a0\u00bb#5fd58c\u00a0\u00bb button_bg_enable_color__hover=\u00a0\u00bbon\u00a0\u00bb button_border_color__hover_enabled=\u00a0\u00bbon|hover\u00a0\u00bb button_border_color__hover=\u00a0\u00bb#5fd58c\u00a0\u00bb button_letter_spacing__hover_enabled=\u00a0\u00bbon|hover\u00a0\u00bb button_letter_spacing__hover=\u00a0\u00bb0px\u00a0\u00bb][\/et_pb_button][\/et_pb_column][et_pb_column type=\u00a0\u00bb1_2&Prime; _builder_version=\u00a0\u00bb4.16&Prime; _module_preset=\u00a0\u00bbdefault\u00a0\u00bb global_colors_info=\u00a0\u00bb{}\u00a0\u00bb][et_pb_text _builder_version=\u00a0\u00bb4.16&Prime; text_font=\u00a0\u00bbRoboto|300|||||||\u00a0\u00bb text_text_color=\u00a0\u00bb#000000&Prime; text_font_size=\u00a0\u00bb18px\u00a0\u00bb text_line_height=\u00a0\u00bb1.8em\u00a0\u00bb header_font=\u00a0\u00bbNunito Sans|700|||||||\u00a0\u00bb header_text_color=\u00a0\u00bb#297FCA\u00a0\u00bb header_line_height=\u00a0\u00bb1.3em\u00a0\u00bb custom_margin=\u00a0\u00bb||||false|false\u00a0\u00bb global_colors_info=\u00a0\u00bb{}\u00a0\u00bb]Aucune documentation n\u2019est n\u00e9cessaire. Vous n\u2019avez qu\u2019\u00e0 remplir notre formulaire de demande pour que votre pr\u00eat soit d\u00e9pos\u00e9 directement dans votre compte dans la journ\u00e9e qui suit. D\u00e9couvrez maintenant les diff\u00e9rents types de pr\u00eats offerts par nos courtiers exp\u00e9riment\u00e9s.[\/et_pb_text][\/et_pb_column][\/et_pb_row][\/et_pb_section][et_pb_section fb_built=\u00a0\u00bb1&Prime; _builder_version=\u00a0\u00bb4.16&Prime; _module_preset=\u00a0\u00bbdefault\u00a0\u00bb background_color=\u00a0\u00bb#f7f7f7&Prime; global_colors_info=\u00a0\u00bb{}\u00a0\u00bb][et_pb_row column_structure=\u00a0\u00bb1_2,1_2&Prime; _builder_version=\u00a0\u00bb4.16&Prime; _module_preset=\u00a0\u00bbdefault\u00a0\u00bb global_colors_info=\u00a0\u00bb{}\u00a0\u00bb][et_pb_column type=\u00a0\u00bb1_2&Prime; _builder_version=\u00a0\u00bb4.16&Prime; _module_preset=\u00a0\u00bbdefault\u00a0\u00bb global_colors_info=\u00a0\u00bb{}\u00a0\u00bb][et_pb_text _builder_version=\u00a0\u00bb4.16&Prime; _module_preset=\u00a0\u00bbdefault\u00a0\u00bb text_font=\u00a0\u00bbPoppins|800|||||||\u00a0\u00bb text_text_color=\u00a0\u00bb#0C71C3&Prime; text_font_size=\u00a0\u00bb26px\u00a0\u00bb header_2_font=\u00a0\u00bbPoppins|800|||||||\u00a0\u00bb header_2_text_color=\u00a0\u00bb#0C71C3&Prime; global_colors_info=\u00a0\u00bb{}\u00a0\u00bb]<\/p>\n<h2>Pr&ecirc;t d&rsquo;argent rapide &agrave; Gatineau&nbsp;: les offres de nos courtiers<\/h2>\n<p>[\/et_pb_text][et_pb_text _builder_version=\u00a0\u00bb4.16&Prime; _module_preset=\u00a0\u00bbdefault\u00a0\u00bb text_font=\u00a0\u00bbPoppins||||||||\u00a0\u00bb global_colors_info=\u00a0\u00bb{}\u00a0\u00bb]<\/p>\n<p>Chaque situation financi\u00e8re est unique, c\u2019est pourquoi nous offrons un nombre vari\u00e9 de pr\u00eats pour r\u00e9pondre \u00e0 toute situation. Notre service de d\u00e9pannage financier est id\u00e9al lorsque la vie vous r\u00e9serve de durs coups. Les pr\u00eats \u00e0 la banque peuvent prendre jusqu\u2019\u00e0 2 semaines avant d\u2019\u00eatre approuv\u00e9s;certaines situations ne peuvent pas attendre aussi longtemps.\u00a0<\/p>\n<p>[\/et_pb_text][\/et_pb_column][et_pb_column type=\u00a0\u00bb1_2&Prime; _builder_version=\u00a0\u00bb4.16&Prime; _module_preset=\u00a0\u00bbdefault\u00a0\u00bb global_colors_info=\u00a0\u00bb{}\u00a0\u00bb][et_pb_text _builder_version=\u00a0\u00bb4.16&Prime; _module_preset=\u00a0\u00bbdefault\u00a0\u00bb text_font=\u00a0\u00bbPoppins||||||||\u00a0\u00bb global_colors_info=\u00a0\u00bb{}\u00a0\u00bb]<\/p>\n<p>Que ce soit pour payer un solde de carte de cr&eacute;dit, une facture impr&eacute;vue, ou un accident qui engendre des r&eacute;parations co&ucirc;teuses, vous pouvez faire confiance &agrave; nos courtiers. Nous traitons votre demande le plus rapidement possible afin de <strong>lib&eacute;rer les fonds dans un d&eacute;lai maximal de 24 heures.<\/strong> Prenez quelques minutes pour remplir notre formulaire et enlever ce poids de vos &eacute;paules. <\/p>\n<p>Voici maintenant les diff&eacute;rents types de <a href=\"https:\/\/northstarbrokers.ca\/fr\/pret-argent-rapide\/\">pr&ecirc;ts d&rsquo;argent rapide<\/a> offerts &agrave; notre client&egrave;le:<\/p>\n<p>[\/et_pb_text][\/et_pb_column][\/et_pb_row][et_pb_row column_structure=\u00a0\u00bb1_4,1_2,1_4&Prime; _builder_version=\u00a0\u00bb4.16&Prime; _module_preset=\u00a0\u00bbdefault\u00a0\u00bb global_colors_info=\u00a0\u00bb{}\u00a0\u00bb][et_pb_column type=\u00a0\u00bb1_4&Prime; _builder_version=\u00a0\u00bb4.16&Prime; _module_preset=\u00a0\u00bbdefault\u00a0\u00bb global_colors_info=\u00a0\u00bb{}\u00a0\u00bb][et_pb_text _builder_version=\u00a0\u00bb4.16&Prime; _module_preset=\u00a0\u00bbdefault\u00a0\u00bb text_font=\u00a0\u00bbPoppins|800|||||||\u00a0\u00bb text_text_color=\u00a0\u00bb#0C71C3&Prime; text_font_size=\u00a0\u00bb26px\u00a0\u00bb header_2_font=\u00a0\u00bbPoppins|800|||||||\u00a0\u00bb header_2_text_color=\u00a0\u00bb#0C71C3&Prime; global_colors_info=\u00a0\u00bb{}\u00a0\u00bb]<\/p>\n<h3>Avance de paie<\/h3>\n<p>[\/et_pb_text][et_pb_text _builder_version=\u00a0\u00bb4.16&Prime; _module_preset=\u00a0\u00bbdefault\u00a0\u00bb text_font=\u00a0\u00bbPoppins||||||||\u00a0\u00bb global_colors_info=\u00a0\u00bb{}\u00a0\u00bb]<\/p>\n<p>Besoin d&rsquo;un pr&ecirc;t &agrave; court terme&thinsp;? L&rsquo;avance de paie est une excellente solution pour <strong>vous sortir rapidement d&rsquo;une situation financi&egrave;re d&eacute;licate.<\/strong> Si vous &ecirc;tes dans une situation d&rsquo;urgence et ne pouvez attendre que votre banque lib&egrave;re les fonds, vous pouvez contracter une avance de paie avec nos pr&ecirc;teurs priv&eacute;s.<\/p>\n<p>[\/et_pb_text][\/et_pb_column][et_pb_column type=\u00a0\u00bb1_2&Prime; _builder_version=\u00a0\u00bb4.16&Prime; _module_preset=\u00a0\u00bbdefault\u00a0\u00bb global_colors_info=\u00a0\u00bb{}\u00a0\u00bb][et_pb_text _builder_version=\u00a0\u00bb4.16&Prime; _module_preset=\u00a0\u00bbdefault\u00a0\u00bb text_font=\u00a0\u00bbPoppins|800|||||||\u00a0\u00bb text_text_color=\u00a0\u00bb#0C71C3&Prime; text_font_size=\u00a0\u00bb26px\u00a0\u00bb header_2_font=\u00a0\u00bbPoppins|800|||||||\u00a0\u00bb header_2_text_color=\u00a0\u00bb#0C71C3&Prime; global_colors_info=\u00a0\u00bb{}\u00a0\u00bb]<\/p>\n<h3>Pr&ecirc;t pour mauvais cr&eacute;dit<\/h3>\n<p>[\/et_pb_text][et_pb_text _builder_version=\u00a0\u00bb4.16&Prime; _module_preset=\u00a0\u00bbdefault\u00a0\u00bb text_font=\u00a0\u00bbPoppins||||||||\u00a0\u00bb global_colors_info=\u00a0\u00bb{}\u00a0\u00bb]<\/p>\n<p>L&rsquo;avantage principal d&rsquo;un pr&ecirc;t pour mauvais cr&eacute;dit est qu&rsquo;aucune <a href=\"https:\/\/www.canada.ca\/fr\/agence-consommation-matiere-financiere\/services\/dossier-pointage-credit\/information-dossier-credit.html\">enqu&ecirc;te de cr&eacute;dit<\/a> n&rsquo;est r&eacute;alis&eacute;e. Avant d&rsquo;octroyer un pr&ecirc;t, votre institution financi&egrave;re v&eacute;rifiera votre capacit&eacute; &agrave; rembourser le pr&ecirc;t. Si vous avez une mauvaise cote de cr&eacute;dit, <strong>vous pourriez &ecirc;tre refus&eacute;.<\/strong> En plus d&rsquo;avoir essuy&eacute; un refus, l&rsquo;attente pour la lib&eacute;ration de ce pr&ecirc;t vous ralentit et met votre situation financi&egrave;re davantage &agrave; risque. Il est donc tout &agrave; votre avantage de contacter un pr&ecirc;teur priv&eacute; lorsque vous en avez le plus besoin.<\/p>\n<p>En faisant affaire avec Northstar Brokers, vous &ecirc;tes assur&eacute;s d&rsquo;&ecirc;tre approuv&eacute;s et de recevoir vos fonds dans les 24 heures suivant votre demande.<\/p>\n<p>[\/et_pb_text][\/et_pb_column][et_pb_column type=\u00a0\u00bb1_4&Prime; _builder_version=\u00a0\u00bb4.16&Prime; _module_preset=\u00a0\u00bbdefault\u00a0\u00bb global_colors_info=\u00a0\u00bb{}\u00a0\u00bb][et_pb_text _builder_version=\u00a0\u00bb4.16&Prime; _module_preset=\u00a0\u00bbdefault\u00a0\u00bb text_font=\u00a0\u00bbPoppins|800|||||||\u00a0\u00bb text_text_color=\u00a0\u00bb#0C71C3&Prime; text_font_size=\u00a0\u00bb26px\u00a0\u00bb header_2_font=\u00a0\u00bbPoppins|800|||||||\u00a0\u00bb header_2_text_color=\u00a0\u00bb#0C71C3&Prime; global_colors_info=\u00a0\u00bb{}\u00a0\u00bb]<\/p>\n<h3>Pr&ecirc;t sur salaire<\/h3>\n<p>[\/et_pb_text][et_pb_text _builder_version=\u00a0\u00bb4.16&Prime; _module_preset=\u00a0\u00bbdefault\u00a0\u00bb text_font=\u00a0\u00bbPoppins||||||||\u00a0\u00bb global_colors_info=\u00a0\u00bb{}\u00a0\u00bb]<\/p>\n<p>Le <a href=\"https:\/\/northstarbrokers.ca\/fr\/pret-sur-salaire\/\">pr&ecirc;t sur salaire<\/a> est l&rsquo;option la plus int&eacute;ressante pour les emprunteurs qui savent &ecirc;tre en mesure de<strong> rembourser d&egrave;s leur prochaine paie.<\/strong> Si vous &ecirc;tes dans une situation qui ne peut attendre les d&eacute;lais usuels des banques, n&rsquo;h&eacute;sitez pas &agrave; contacter nos courtiers. Nous sommes en mesure de lib&eacute;rer un pr&ecirc;t sur salaire aussit&ocirc;t que la journ&eacute;e m&ecirc;me de votre demande.<\/p>\n<p>[\/et_pb_text][\/et_pb_column][\/et_pb_row][\/et_pb_section][et_pb_section fb_built=\u00a0\u00bb1&Prime; _builder_version=\u00a0\u00bb4.16&Prime; _module_preset=\u00a0\u00bbdefault\u00a0\u00bb background_enable_color=\u00a0\u00bboff\u00a0\u00bb global_colors_info=\u00a0\u00bb{}\u00a0\u00bb][et_pb_row _builder_version=\u00a0\u00bb4.16&Prime; _module_preset=\u00a0\u00bbdefault\u00a0\u00bb global_colors_info=\u00a0\u00bb{}\u00a0\u00bb][et_pb_column type=\u00a0\u00bb4_4&Prime; _builder_version=\u00a0\u00bb4.16&Prime; _module_preset=\u00a0\u00bbdefault\u00a0\u00bb global_colors_info=\u00a0\u00bb{}\u00a0\u00bb][et_pb_text _builder_version=\u00a0\u00bb4.16&Prime; _module_preset=\u00a0\u00bbdefault\u00a0\u00bb text_font=\u00a0\u00bbPoppins|800|||||||\u00a0\u00bb text_text_color=\u00a0\u00bb#0C71C3&Prime; text_font_size=\u00a0\u00bb26px\u00a0\u00bb header_2_font=\u00a0\u00bbPoppins|800|||||||\u00a0\u00bb header_2_text_color=\u00a0\u00bb#0C71C3&Prime; global_colors_info=\u00a0\u00bb{}\u00a0\u00bb]<\/p>\n<h2>Comment obtenir un pr\u00eat d\u2019argent rapide \u00e0 Gatineau\u2009?\u00a0<\/h2>\n<p>[\/et_pb_text][et_pb_text _builder_version=\u00a0\u00bb4.16&Prime; _module_preset=\u00a0\u00bbdefault\u00a0\u00bb text_font=\u00a0\u00bbPoppins||||||||\u00a0\u00bb global_colors_info=\u00a0\u00bb{}\u00a0\u00bb]<\/p>\n<p>Northstar Brokers ne fait aucune enqu&ecirc;te de cr&eacute;dit. Par contre, il y a<strong> quelques crit&egrave;res &agrave; respecter <\/strong>afin d&rsquo;&ecirc;tre &eacute;ligibles &agrave; l&rsquo;un de nos pr&ecirc;ts. Les voici&nbsp;:<\/p>\n<ul>\n<li>R&eacute;sider &agrave; la m&ecirc;me adresse depuis plus de 6 mois&thinsp;;<\/li>\n<li>Occuper un emploi &agrave; temps plein depuis plus de 6 mois&thinsp;;<\/li>\n<li>Ne pas &ecirc;tre en situation de faillite ou d&eacute;clar&eacute; insolvable&thinsp;;<\/li>\n<\/ul>\n<p>Si vous remplissez ces trois conditions, nos courtiers sont ravis d&rsquo;aider &agrave; vous sortir d&rsquo;un p&eacute;trin financier. <\/p>\n<p>[\/et_pb_text][\/et_pb_column][\/et_pb_row][et_pb_row column_structure=\u00a0\u00bb1_2,1_2&Prime; _builder_version=\u00a0\u00bb4.16&Prime; _module_preset=\u00a0\u00bbdefault\u00a0\u00bb global_colors_info=\u00a0\u00bb{}\u00a0\u00bb][et_pb_column type=\u00a0\u00bb1_2&Prime; _builder_version=\u00a0\u00bb4.16&Prime; _module_preset=\u00a0\u00bbdefault\u00a0\u00bb global_colors_info=\u00a0\u00bb{}\u00a0\u00bb][et_pb_text _builder_version=\u00a0\u00bb4.16&Prime; _module_preset=\u00a0\u00bbdefault\u00a0\u00bb text_font=\u00a0\u00bbPoppins|800|||||||\u00a0\u00bb text_text_color=\u00a0\u00bb#0C71C3&Prime; text_font_size=\u00a0\u00bb26px\u00a0\u00bb header_2_font=\u00a0\u00bbPoppins|800|||||||\u00a0\u00bb header_2_text_color=\u00a0\u00bb#0C71C3&Prime; global_colors_info=\u00a0\u00bb{}\u00a0\u00bb]<\/p>\n<h3>Les documents &agrave; fournir avec une demande de pr&ecirc;t d&rsquo;argent rapide &agrave; Gatineau<\/h3>\n<p>[\/et_pb_text][et_pb_text _builder_version=\u00a0\u00bb4.16&Prime; _module_preset=\u00a0\u00bbdefault\u00a0\u00bb text_font=\u00a0\u00bbPoppins||||||||\u00a0\u00bb global_colors_info=\u00a0\u00bb{}\u00a0\u00bb]<\/p>\n<p>Bien qu&rsquo;il n&rsquo;y ait aucune enqu&ecirc;te de cr&eacute;dit, nos pr&ecirc;ts ne seront octroy&eacute;s que si ces documents sont fournis&nbsp;:<\/p>\n<ul>\n<li>Pi&egrave;ces d&rsquo;identit&eacute; avec photo (2)&thinsp;;&nbsp;<\/li>\n<li>Preuve d&rsquo;adresse&thinsp;;&nbsp;<\/li>\n<li>Num&eacute;ro d&rsquo;assurance sociale&thinsp;;&nbsp;<\/li>\n<li>Sp&eacute;cimen de ch&egrave;que&thinsp;;&nbsp;<\/li>\n<li>Un relev&eacute; bancaire datant des 90 derniers jours&thinsp;;&nbsp;<\/li>\n<li>Vos deux derniers talons de paie&thinsp;;<\/li>\n<\/ul>\n<p>[\/et_pb_text][\/et_pb_column][et_pb_column type=\u00a0\u00bb1_2&Prime; _builder_version=\u00a0\u00bb4.16&Prime; _module_preset=\u00a0\u00bbdefault\u00a0\u00bb global_colors_info=\u00a0\u00bb{}\u00a0\u00bb][et_pb_text _builder_version=\u00a0\u00bb4.16&Prime; _module_preset=\u00a0\u00bbdefault\u00a0\u00bb text_font=\u00a0\u00bbPoppins|800|||||||\u00a0\u00bb text_text_color=\u00a0\u00bb#0C71C3&Prime; text_font_size=\u00a0\u00bb26px\u00a0\u00bb header_2_font=\u00a0\u00bbPoppins|800|||||||\u00a0\u00bb header_2_text_color=\u00a0\u00bb#0C71C3&Prime; global_colors_info=\u00a0\u00bb{}\u00a0\u00bb]<\/p>\n<h3>Comment rembourser son pr&ecirc;t&thinsp;?<\/h3>\n<p>[\/et_pb_text][et_pb_text _builder_version=\u00a0\u00bb4.16&Prime; _module_preset=\u00a0\u00bbdefault\u00a0\u00bb text_font=\u00a0\u00bbPoppins||||||||\u00a0\u00bb global_colors_info=\u00a0\u00bb{}\u00a0\u00bb]<\/p>\n<p>Nos courtiers vous offrent de rembourser avec <strong>un taux d&rsquo;int&eacute;r&ecirc;t de 12&nbsp;%.<\/strong> Vous pouvez rembourser&nbsp;:<\/p>\n<ul>\n<li>Selon votre capacit&eacute; de remboursement. Vous pouvez donc choisir de ne payer que les int&eacute;r&ecirc;ts lors de votre premier paiement.&nbsp;<\/li>\n<li>Une partie du capital pour le r&eacute;duire.&nbsp;<\/li>\n<li>En un seul paiement qui inclut capital et int&eacute;r&ecirc;t.&nbsp;<\/li>\n<\/ul>\n<p>Nous comprenons que chaque situation financi&egrave;re est unique et offrons <strong>une certaine flexibilit&eacute;<\/strong> avec nos options de remboursement. N&rsquo;h&eacute;sitez pas &agrave; consulter nos experts financiers pour d&eacute;terminer l&rsquo;option de remboursement la plus adapt&eacute;e &agrave; votre situation.<\/p>\n<p>[\/et_pb_text][\/et_pb_column][\/et_pb_row][\/et_pb_section][et_pb_section fb_built=\u00a0\u00bb1&Prime; _builder_version=\u00a0\u00bb4.16&Prime; _module_preset=\u00a0\u00bbdefault\u00a0\u00bb background_color=\u00a0\u00bb#f7f7f7&Prime; global_colors_info=\u00a0\u00bb{}\u00a0\u00bb][et_pb_row _builder_version=\u00a0\u00bb4.16&Prime; _module_preset=\u00a0\u00bbdefault\u00a0\u00bb global_colors_info=\u00a0\u00bb{}\u00a0\u00bb][et_pb_column type=\u00a0\u00bb4_4&Prime; _builder_version=\u00a0\u00bb4.16&Prime; _module_preset=\u00a0\u00bbdefault\u00a0\u00bb global_colors_info=\u00a0\u00bb{}\u00a0\u00bb][et_pb_text _builder_version=\u00a0\u00bb4.16&Prime; _module_preset=\u00a0\u00bbdefault\u00a0\u00bb text_font=\u00a0\u00bbPoppins|800|||||||\u00a0\u00bb text_text_color=\u00a0\u00bb#0C71C3&Prime; text_font_size=\u00a0\u00bb26px\u00a0\u00bb header_2_font=\u00a0\u00bbPoppins|800|||||||\u00a0\u00bb header_2_text_color=\u00a0\u00bb#0C71C3&Prime; global_colors_info=\u00a0\u00bb{}\u00a0\u00bb]<\/p>\n<h2>Choisissez les courtiers Northstar Brokers pour votre pr&ecirc;t d&rsquo;argent rapide &agrave; Gatineau <\/h2>\n<p>[\/et_pb_text][et_pb_text _builder_version=\u00a0\u00bb4.16&Prime; _module_preset=\u00a0\u00bbdefault\u00a0\u00bb text_font=\u00a0\u00bbPoppins||||||||\u00a0\u00bb global_colors_info=\u00a0\u00bb{}\u00a0\u00bb]<\/p>\n<p>Northstar Brokers est fi&egrave;re d&rsquo;aider les r&eacute;sidents de Gatineau &agrave; se sortir rapidement de situation financi&egrave;re d&eacute;licate gr&acirc;ce &agrave; nos <strong>nombreuses options de d&eacute;pannage financier.<\/strong> Nous sommes l&agrave; pour vous soutenir lorsque vous en avez le plus besoin. Nos pr&ecirc;ts vont de 300 &agrave; 3000 $ et sont octroy&eacute;s dans les 24 heures suivant votre demande.&nbsp;<\/p>\n<p>Pour toutes questions concernant un pr&ecirc;t d&rsquo;argent rapide &agrave; Gatineau, n&rsquo;h&eacute;sitez pas &agrave; contacter nos courtiers. Nous sommes ravis de pouvoir vous aider avec vos impr&eacute;vus financiers.<\/p>\n<p>[\/et_pb_text][\/et_pb_column][\/et_pb_row][et_pb_row _builder_version=\u00a0\u00bb4.16&Prime; _module_preset=\u00a0\u00bbdefault\u00a0\u00bb locked=\u00a0\u00bboff\u00a0\u00bb global_colors_info=\u00a0\u00bb{}\u00a0\u00bb][et_pb_column type=\u00a0\u00bb4_4&Prime; _builder_version=\u00a0\u00bb4.16&Prime; _module_preset=\u00a0\u00bbdefault\u00a0\u00bb global_colors_info=\u00a0\u00bb{}\u00a0\u00bb][et_pb_text _builder_version=\u00a0\u00bb4.16&Prime; _module_preset=\u00a0\u00bbdefault\u00a0\u00bb global_colors_info=\u00a0\u00bb{}\u00a0\u00bb]<!--Yasr Visitor Votes Shortcode--><div id='yasr_visitor_votes_6f1a939fde4e6' class='yasr-visitor-votes'><div class=\"yasr-custom-text-vv-before yasr-custom-text-vv-before-26355\">Click to rate this post!<\/div><div id='yasr-vv-second-row-container-6f1a939fde4e6'\r\n                                        class='yasr-vv-second-row-container'><div id='yasr-visitor-votes-rater-6f1a939fde4e6'\r\n                                      class='yasr-rater-stars-vv'\r\n                                      data-rater-postid='26355'\r\n                                      data-rating='0'\r\n                                      data-rater-starsize='32'\r\n                                      data-rater-readonly='false'\r\n                                      data-rater-nonce='c7104b498b'\r\n                                      data-issingular='false'\r\n                                    ><\/div><div class=\"yasr-vv-stats-text-container\" id=\"yasr-vv-stats-text-container-6f1a939fde4e6\"><svg xmlns=\"https:\/\/www.w3.org\/2000\/svg\" width=\"20\" height=\"20\"\r\n                                   class=\"yasr-dashicons-visitor-stats\"\r\n                                   data-postid=\"26355\"\r\n                                   id=\"yasr-stats-dashicon-6f1a939fde4e6\">\r\n                                   <path d=\"M18 18v-16h-4v16h4zM12 18v-11h-4v11h4zM6 18v-8h-4v8h4z\"><\/path>\r\n                               <\/svg><span id=\"yasr-vv-text-container-6f1a939fde4e6\" class=\"yasr-vv-text-container\">[Total: <span id=\"yasr-vv-votes-number-container-6f1a939fde4e6\">0<\/span>  Average: <span id=\"yasr-vv-average-container-6f1a939fde4e6\">0<\/span>]<\/span><\/div><div id='yasr-vv-loader-6f1a939fde4e6' class='yasr-vv-container-loader'><\/div><\/div><div id='yasr-vv-bottom-container-6f1a939fde4e6' class='yasr-vv-bottom-container'><\/div><\/div><!--End Yasr Visitor Votes Shortcode-->[\/et_pb_text][\/et_pb_column][\/et_pb_row][\/et_pb_section]<\/p>\n<div style='text-align:center' class='yasr-auto-insert-visitor'><!--Yasr Visitor Votes Shortcode--><div id='yasr_visitor_votes_70ed9f7ec36f1' class='yasr-visitor-votes'><div class=\"yasr-custom-text-vv-before yasr-custom-text-vv-before-26355\">Click to rate this post!<\/div><div id='yasr-vv-second-row-container-70ed9f7ec36f1'\r\n                                        class='yasr-vv-second-row-container'><div id='yasr-visitor-votes-rater-70ed9f7ec36f1'\r\n                                      class='yasr-rater-stars-vv'\r\n                                      data-rater-postid='26355'\r\n                                      data-rating='0'\r\n                                      data-rater-starsize='32'\r\n                                      data-rater-readonly='false'\r\n                                      data-rater-nonce='c7104b498b'\r\n                                      data-issingular='false'\r\n                                    ><\/div><div class=\"yasr-vv-stats-text-container\" id=\"yasr-vv-stats-text-container-70ed9f7ec36f1\"><svg xmlns=\"https:\/\/www.w3.org\/2000\/svg\" width=\"20\" height=\"20\"\r\n                                   class=\"yasr-dashicons-visitor-stats\"\r\n                                   data-postid=\"26355\"\r\n                                   id=\"yasr-stats-dashicon-70ed9f7ec36f1\">\r\n                                   <path d=\"M18 18v-16h-4v16h4zM12 18v-11h-4v11h4zM6 18v-8h-4v8h4z\"><\/path>\r\n                               <\/svg><span id=\"yasr-vv-text-container-70ed9f7ec36f1\" class=\"yasr-vv-text-container\">[Total: <span id=\"yasr-vv-votes-number-container-70ed9f7ec36f1\">0<\/span>  Average: <span id=\"yasr-vv-average-container-70ed9f7ec36f1\">0<\/span>]<\/span><\/div><div id='yasr-vv-loader-70ed9f7ec36f1' class='yasr-vv-container-loader'><\/div><\/div><div id='yasr-vv-bottom-container-70ed9f7ec36f1' class='yasr-vv-bottom-container'><\/div><\/div><!--End Yasr Visitor Votes Shortcode--><\/div>","protected":false},"excerpt":{"rendered":"<p>Pr&ecirc;t d&rsquo;argent rapide &agrave; Gatineau\u00c0 la recherche d\u2019un pr\u00eat d\u2019argent rapide \u00e0 Gatineau\u2009? Northstar Brokers lib\u00e8re vos fonds dans les 24 heures suivant votre demande et ce, sans enqu\u00eate de cr\u00e9dit. Nos courtiers vous offrent des pr\u00eats personnels d\u2019un montant allant de 300 \u00e0 3000\u00a0$ selon vos besoins.Aucune documentation n\u2019est n\u00e9cessaire. Vous n\u2019avez qu\u2019\u00e0 remplir [&hellip;]<\/p>\n","protected":false},"author":23,"featured_media":0,"parent":0,"menu_order":0,"comment_status":"closed","ping_status":"closed","template":"","meta":{"_et_pb_use_builder":"on","_et_pb_old_content":"","_et_gb_content_width":"","yasr_overall_rating":0,"yasr_post_is_review":"","yasr_auto_insert_disabled":"","yasr_review_type":"","footnotes":""},"class_list":["post-26355","page","type-page","status-publish","hentry"],"yasr_visitor_votes":{"stars_attributes":{"read_only":false,"span_bottom":false},"number_of_votes":0,"sum_votes":0},"_links":{"self":[{"href":"https:\/\/northstarbrokers.ca\/fr\/wp-json\/wp\/v2\/pages\/26355"}],"collection":[{"href":"https:\/\/northstarbrokers.ca\/fr\/wp-json\/wp\/v2\/pages"}],"about":[{"href":"https:\/\/northstarbrokers.ca\/fr\/wp-json\/wp\/v2\/types\/page"}],"author":[{"embeddable":true,"href":"https:\/\/northstarbrokers.ca\/fr\/wp-json\/wp\/v2\/users\/23"}],"replies":[{"embeddable":true,"href":"https:\/\/northstarbrokers.ca\/fr\/wp-json\/wp\/v2\/comments?post=26355"}],"version-history":[{"count":0,"href":"https:\/\/northstarbrokers.ca\/fr\/wp-json\/wp\/v2\/pages\/26355\/revisions"}],"wp:attachment":[{"href":"https:\/\/northstarbrokers.ca\/fr\/wp-json\/wp\/v2\/media?parent=26355"}],"curies":[{"name":"wp","href":"https:\/\/api.w.org\/{rel}","templated":true}]}}