{"id":25921,"date":"2021-02-17T17:26:25","date_gmt":"2021-02-17T17:26:25","guid":{"rendered":"https:\/\/northstarbrokers.ca\/?page_id=25921"},"modified":"2021-02-17T17:26:27","modified_gmt":"2021-02-17T17:26:27","slug":"pret-personnel-sans-refus","status":"publish","type":"page","link":"https:\/\/northstarbrokers.ca\/fr\/pret-personnel-sans-refus\/","title":{"rendered":"Pr\u00eat personnel sans refus"},"content":{"rendered":"\n[et_pb_section fb_built=\u00a0\u00bb1&Prime; _builder_version=\u00a0\u00bb4.9.0&Prime; _module_preset=\u00a0\u00bbdefault\u00a0\u00bb custom_padding=\u00a0\u00bb150px||150px||true|false\u00a0\u00bb hover_enabled=\u00a0\u00bb0&Prime; alt=\u00a0\u00bbPr\u00eat personnel aucun cr\u00e9dit refuse\u00a0\u00bb title_text=\u00a0\u00bbpret-personnel-sans-refus\u00a0\u00bb background_image=\u00a0\u00bbhttps:\/\/northstarbrokers.ca\/wp-content\/uploads\/2021\/02\/pret-personnel-sans-refus.jpg\u00a0\u00bb sticky_enabled=\u00a0\u00bb0&Prime;][et_pb_row column_structure=\u00a0\u00bb3_5,2_5&Prime; _builder_version=\u00a0\u00bb4.8.1&Prime; _module_preset=\u00a0\u00bbdefault\u00a0\u00bb][et_pb_column type=\u00a0\u00bb3_5&Prime; _builder_version=\u00a0\u00bb4.8.1&Prime; _module_preset=\u00a0\u00bbdefault\u00a0\u00bb][et_pb_text _builder_version=\u00a0\u00bb4.9.0&Prime; _module_preset=\u00a0\u00bbdefault\u00a0\u00bb header_font=\u00a0\u00bbPoppins|600|||||||\u00a0\u00bb header_text_color=\u00a0\u00bb#FFFFFF\u00a0\u00bb header_font_size=\u00a0\u00bb34px\u00a0\u00bb hover_enabled=\u00a0\u00bb0&Prime; header_text_shadow_style=\u00a0\u00bbpreset3&Prime; header_text_shadow_color=\u00a0\u00bb#000000&Prime; sticky_enabled=\u00a0\u00bb0&Prime;]<h1>Pr\u00eat personnel sans refus<\/h1>[\/et_pb_text][\/et_pb_column][et_pb_column type=\u00a0\u00bb2_5&Prime; _builder_version=\u00a0\u00bb4.8.1&Prime; _module_preset=\u00a0\u00bbdefault\u00a0\u00bb][\/et_pb_column][\/et_pb_row][\/et_pb_section][et_pb_section fb_built=\u00a0\u00bb1&Prime; _builder_version=\u00a0\u00bb4.8.1&Prime; _module_preset=\u00a0\u00bbdefault\u00a0\u00bb][et_pb_row column_structure=\u00a0\u00bb1_2,1_2&Prime; _builder_version=\u00a0\u00bb4.8.1&Prime; _module_preset=\u00a0\u00bbdefault\u00a0\u00bb][et_pb_column type=\u00a0\u00bb1_2&Prime; _builder_version=\u00a0\u00bb4.8.1&Prime; _module_preset=\u00a0\u00bbdefault\u00a0\u00bb][et_pb_text _builder_version=\u00a0\u00bb4.9.0&Prime; text_font=\u00a0\u00bbRoboto|300|||||||\u00a0\u00bb text_text_color=\u00a0\u00bb#000000&Prime; text_font_size=\u00a0\u00bb18px\u00a0\u00bb text_line_height=\u00a0\u00bb1.8em\u00a0\u00bb header_font=\u00a0\u00bbNunito Sans|700|||||||\u00a0\u00bb header_text_color=\u00a0\u00bb#297FCA\u00a0\u00bb header_line_height=\u00a0\u00bb1.3em\u00a0\u00bb custom_margin=\u00a0\u00bb||||false|false\u00a0\u00bb hover_enabled=\u00a0\u00bb0&Prime; sticky_enabled=\u00a0\u00bb0&Prime;]<p>Northstar Brokers offre un service de pr\u00eat personnel sans refus pour ceux qui rencontrent des impr\u00e9vus financiers. Notre service est id\u00e9al pour vous sortir d\u2019une urgence, car nous pouvons lib\u00e9rer des fonds <strong>dans les 24 heures suivant votre demande<\/strong>. Si vous \u00eates dans une situation o\u00f9 vous ne pouvez attendre les d\u00e9lais de votre institution financi\u00e8re, nous pouvons vous aider.<\/p>[\/et_pb_text][et_pb_button button_url=\u00a0\u00bbhttps:\/\/northstarbrokers.ca\/fr\/demande-en-ligne\/\u00a0\u00bb button_text=\u00a0\u00bbPostuler Maintenant!\u00a0\u00bb button_alignment=\u00a0\u00bbleft\u00a0\u00bb _builder_version=\u00a0\u00bb4.8.1&Prime; _module_preset=\u00a0\u00bbdefault\u00a0\u00bb custom_button=\u00a0\u00bbon\u00a0\u00bb button_text_size=\u00a0\u00bb19px\u00a0\u00bb button_text_color=\u00a0\u00bb#FFFFFF\u00a0\u00bb button_bg_color=\u00a0\u00bb#0C71C3&Prime; button_border_width=\u00a0\u00bb0px\u00a0\u00bb button_border_color=\u00a0\u00bb#5C81F3&Prime; button_border_radius=\u00a0\u00bb100px\u00a0\u00bb button_font=\u00a0\u00bbDM Sans||||||||\u00a0\u00bb button_use_icon=\u00a0\u00bboff\u00a0\u00bb custom_margin=\u00a0\u00bb40px||||false|false\u00a0\u00bb custom_padding=\u00a0\u00bb9px|40px|8px|40px|false|true\u00a0\u00bb locked=\u00a0\u00bboff\u00a0\u00bb button_text_color__hover_enabled=\u00a0\u00bbon|hover\u00a0\u00bb button_text_color__hover=\u00a0\u00bb#ffffff\u00a0\u00bb button_bg_color__hover_enabled=\u00a0\u00bbon|desktop\u00a0\u00bb button_bg_color__hover=\u00a0\u00bb#5fd58c\u00a0\u00bb button_bg_enable_color__hover=\u00a0\u00bbon\u00a0\u00bb button_border_color__hover_enabled=\u00a0\u00bbon|hover\u00a0\u00bb button_border_color__hover=\u00a0\u00bb#5fd58c\u00a0\u00bb button_letter_spacing__hover_enabled=\u00a0\u00bbon|hover\u00a0\u00bb button_letter_spacing__hover=\u00a0\u00bb0px\u00a0\u00bb][\/et_pb_button][\/et_pb_column][et_pb_column type=\u00a0\u00bb1_2&Prime; _builder_version=\u00a0\u00bb4.8.1&Prime; _module_preset=\u00a0\u00bbdefault\u00a0\u00bb][et_pb_text _builder_version=\u00a0\u00bb4.9.0&Prime; text_font=\u00a0\u00bbPoppins|700|||||||\u00a0\u00bb text_text_color=\u00a0\u00bb#000000&Prime; text_font_size=\u00a0\u00bb26px\u00a0\u00bb text_line_height=\u00a0\u00bb1.1em\u00a0\u00bb header_font=\u00a0\u00bbPoppins|800|||||||\u00a0\u00bb header_text_color=\u00a0\u00bb#000000&Prime; header_line_height=\u00a0\u00bb1.3em\u00a0\u00bb header_3_font=\u00a0\u00bbPoppins|700|||||||\u00a0\u00bb hover_enabled=\u00a0\u00bb0&Prime; header_font_size_tablet=\u00a0\u00bb\u00a0\u00bb header_font_size_phone=\u00a0\u00bb25px\u00a0\u00bb header_font_size_last_edited=\u00a0\u00bbon|desktop\u00a0\u00bb sticky_enabled=\u00a0\u00bb0&Prime;]<h3>Qu\u2019est-ce qu\u2019un service de pr\u00eat sans refus\u2009?\n<\/h3>[\/et_pb_text][et_pb_text _builder_version=\u00a0\u00bb4.9.0&Prime; _module_preset=\u00a0\u00bbdefault\u00a0\u00bb text_font=\u00a0\u00bbPoppins||||||||\u00a0\u00bb header_3_font=\u00a0\u00bbRoboto||||||||\u00a0\u00bb header_3_font_size=\u00a0\u00bb18px\u00a0\u00bb hover_enabled=\u00a0\u00bb0&Prime; sticky_enabled=\u00a0\u00bb0&Prime;]<p>Un pr\u00eat personnel sans refus peut vous \u00eatre offert, peu importe votre cote de cr\u00e9dit. Notre large r\u00e9seau de pr\u00eateurs fiables nous permet de vous offrir des pr\u00eats <strong>pouvant aller jusqu\u2019\u00e0 3000 $<\/strong> sous certaines conditions.<\/p>[\/et_pb_text][\/et_pb_column][\/et_pb_row][\/et_pb_section][et_pb_section fb_built=\u00a0\u00bb1&Prime; _builder_version=\u00a0\u00bb4.8.1&Prime; _module_preset=\u00a0\u00bbdefault\u00a0\u00bb background_color=\u00a0\u00bb#f7f7f7&Prime;][et_pb_row column_structure=\u00a0\u00bb1_2,1_2&Prime; _builder_version=\u00a0\u00bb4.8.1&Prime; _module_preset=\u00a0\u00bbdefault\u00a0\u00bb][et_pb_column type=\u00a0\u00bb1_2&Prime; _builder_version=\u00a0\u00bb4.8.1&Prime; _module_preset=\u00a0\u00bbdefault\u00a0\u00bb][et_pb_text _builder_version=\u00a0\u00bb4.9.0&Prime; _module_preset=\u00a0\u00bbdefault\u00a0\u00bb text_font=\u00a0\u00bbPoppins|800|||||||\u00a0\u00bb text_text_color=\u00a0\u00bb#0C71C3&Prime; text_font_size=\u00a0\u00bb26px\u00a0\u00bb header_2_font=\u00a0\u00bbPoppins|800|||||||\u00a0\u00bb header_2_text_color=\u00a0\u00bb#0C71C3&Prime; hover_enabled=\u00a0\u00bb0&Prime; sticky_enabled=\u00a0\u00bb0&Prime;]<h2>Un pr\u00eat personnel sans refus adapt\u00e9 \u00e0 vos besoins\n<\/h2>[\/et_pb_text][et_pb_text _builder_version=\u00a0\u00bb4.9.0&Prime; _module_preset=\u00a0\u00bbdefault\u00a0\u00bb text_font=\u00a0\u00bbPoppins|800|||||||\u00a0\u00bb text_text_color=\u00a0\u00bb#0C71C3&Prime; text_font_size=\u00a0\u00bb26px\u00a0\u00bb header_2_font=\u00a0\u00bbPoppins|800|||||||\u00a0\u00bb header_2_text_color=\u00a0\u00bb#0C71C3&Prime; hover_enabled=\u00a0\u00bb0&Prime; sticky_enabled=\u00a0\u00bb0&Prime;]<h3>Un service professionnel et discret<\/h3>\n<p>&nbsp;<\/p>[\/et_pb_text][et_pb_text _builder_version=\u00a0\u00bb4.9.0&Prime; _module_preset=\u00a0\u00bbdefault\u00a0\u00bb text_font=\u00a0\u00bbPoppins||||||||\u00a0\u00bb header_3_font=\u00a0\u00bbPoppins|700|||||||\u00a0\u00bb header_3_text_color=\u00a0\u00bb#0C71C3&Prime; hover_enabled=\u00a0\u00bb0&Prime; sticky_enabled=\u00a0\u00bb0&Prime;]<p>En 2019, le taux d\u2019endettement moyen des foyers canadiens<a href=\"https:\/\/www.lesaffaires.com\/mes-finances\/retraite\/le-taux-d-endettement-moyen-canadien-monte-de-28-en-2019\/616269\" target=\"_blank\" rel=\"noopener noreferrer\"> a mont\u00e9 de 2,8 %<\/a>. En d\u2019autres termes, de plus en plus d\u2019individus voient leur coussin diminuer et \u00e9prouvent des difficult\u00e9s \u00e0 se parer contre les urgences financi\u00e8res. Les impr\u00e9vus ne frappent pas \u00e0 votre porte quelques semaines d\u2019avance pour vous pr\u00e9venir. C\u2019est pourquoi il est important d\u2019avoir<strong> acc\u00e8s \u00e0 de l\u2019argent rapidement<\/strong> en cas de besoin.<\/p>\n<p>Nos pr\u00eateurs comprennent que les situations urgentes ne peuvent attendre. C\u2019est pourquoi nous offrons un service de pr\u00eat personnel sans refus adapt\u00e9 aux besoins de notre client\u00e8le. Nous sommes en mesure de vous offrir un pr\u00eat personnel aucun cr\u00e9dit refus\u00e9 \u00e0 court terme d\u2019<strong>un montant variant de 300 $ \u00e0 3000 $.<\/strong><\/p>\n<p>Outre notre service de pr\u00eat personnel, nous pouvons aussi vous aider \u00e0<strong> am\u00e9liorer votre cr\u00e9dit <\/strong>ou consolider vos dettes. Notre mission est de vous offrir un soutien financier rapide, professionnel et adapt\u00e9 \u00e0 vos besoins.<\/p>[\/et_pb_text][\/et_pb_column][et_pb_column type=\u00a0\u00bb1_2&Prime; _builder_version=\u00a0\u00bb4.8.1&Prime; _module_preset=\u00a0\u00bbdefault\u00a0\u00bb][et_pb_text _builder_version=\u00a0\u00bb4.9.0&Prime; _module_preset=\u00a0\u00bbdefault\u00a0\u00bb text_font=\u00a0\u00bbPoppins|800|||||||\u00a0\u00bb text_text_color=\u00a0\u00bb#0C71C3&Prime; text_font_size=\u00a0\u00bb26px\u00a0\u00bb header_2_font=\u00a0\u00bbPoppins|800|||||||\u00a0\u00bb header_2_text_color=\u00a0\u00bb#0C71C3&Prime; hover_enabled=\u00a0\u00bb0&Prime; sticky_enabled=\u00a0\u00bb0&Prime;]<h2 style=\"text-align: left;\">Obtenez de l\u2019argent rapidement et simplement<\/h2>[\/et_pb_text][et_pb_text _builder_version=\u00a0\u00bb4.9.0&Prime; _module_preset=\u00a0\u00bbdefault\u00a0\u00bb text_font=\u00a0\u00bbPoppins|800|||||||\u00a0\u00bb text_text_color=\u00a0\u00bb#0C71C3&Prime; text_font_size=\u00a0\u00bb26px\u00a0\u00bb header_2_font=\u00a0\u00bbPoppins|800|||||||\u00a0\u00bb header_2_text_color=\u00a0\u00bb#0C71C3&Prime; hover_enabled=\u00a0\u00bb0&Prime; sticky_enabled=\u00a0\u00bb0&Prime;]<h3 style=\"text-align: left;\">Un pr\u00eat personnel sans refus pour vos urgences<\/h3>[\/et_pb_text][et_pb_text _builder_version=\u00a0\u00bb4.9.0&Prime; _module_preset=\u00a0\u00bbdefault\u00a0\u00bb text_font=\u00a0\u00bbPoppins||||||||\u00a0\u00bb hover_enabled=\u00a0\u00bb0&Prime; sticky_enabled=\u00a0\u00bb0&Prime;]<p>L\u2019avantage principal de faire affaire avec nos courtiers au lieu de votre institution financi\u00e8re habituelle est la rapidit\u00e9 avec laquelle nous pouvons lib\u00e9rer les fonds. Certaines urgences ne peuvent pas attendre entre 10 et 20 jours pour qu\u2019une banque approuve le pr\u00eat. Si c\u2019est votre cas, sachez que nos courtiers peuvent vous permettre d\u2019avoir acc\u00e8s \u00e0 des fonds <strong>aussi t\u00f4t que la m\u00eame journ\u00e9e de votre demande. <\/strong>De plus, puisque nous ne faisons pas d\u2019enqu\u00eate de cr\u00e9dit, le processus pour approuver les demandes de fonds est beaucoup plus rapide.<\/p>\n<p>Un autre avantage est que nous n\u2019avons <strong>aucuns frais cach\u00e9s. <\/strong>L\u2019ouverture d\u2019un dossier chez Northstar Brokers est gratuite.\u00a0<\/p>[\/et_pb_text][\/et_pb_column][\/et_pb_row][\/et_pb_section][et_pb_section fb_built=\u00a0\u00bb1&Prime; _builder_version=\u00a0\u00bb4.8.1&Prime; _module_preset=\u00a0\u00bbdefault\u00a0\u00bb][et_pb_row _builder_version=\u00a0\u00bb4.8.1&Prime; _module_preset=\u00a0\u00bbdefault\u00a0\u00bb][et_pb_column type=\u00a0\u00bb4_4&Prime; _builder_version=\u00a0\u00bb4.8.1&Prime; _module_preset=\u00a0\u00bbdefault\u00a0\u00bb][et_pb_text _builder_version=\u00a0\u00bb4.9.0&Prime; _module_preset=\u00a0\u00bbdefault\u00a0\u00bb text_font=\u00a0\u00bbPoppins|800|||||||\u00a0\u00bb text_text_color=\u00a0\u00bb#0C71C3&Prime; text_font_size=\u00a0\u00bb26px\u00a0\u00bb header_2_font=\u00a0\u00bbPoppins|800|||||||\u00a0\u00bb header_2_text_color=\u00a0\u00bb#0C71C3&Prime; hover_enabled=\u00a0\u00bb0&Prime; sticky_enabled=\u00a0\u00bb0&Prime;]<h2>Pourquoi faire un pr\u00eat personnel sans refus avec nos courtiers\u2009?\n<\/h2>[\/et_pb_text][et_pb_text _builder_version=\u00a0\u00bb4.9.0&Prime; _module_preset=\u00a0\u00bbdefault\u00a0\u00bb text_font=\u00a0\u00bbPoppins||||||||\u00a0\u00bb hover_enabled=\u00a0\u00bb0&Prime; sticky_enabled=\u00a0\u00bb0&Prime;]<p>Northstar Brokers \u0153uvre dans le domaine des pr\u00eats personnels <strong>depuis plus de 12 ans. <\/strong>Nous avons b\u00e2ti un tr\u00e8s grand r\u00e9seau de pr\u00eateurs fiables \u00e0 travers les ann\u00e9es. C\u2019est ce qui nous permet d\u2019offrir \u00e0 notre client\u00e8le l\u2019un des services de pr\u00eat sans refus le plus rapide.<\/p>\n<p>Nous offrons aux Montr\u00e9alais et aux Canadiens de <strong>nombreuses options de pr\u00eats<\/strong> adapt\u00e9s \u00e0 leurs besoins. Outre le pr\u00eat sans refus, voici quelques-unes de nos solutions de soutien financier :<\/p>\n<ul>\n<li><a href=\"https:\/\/northstarbrokers.ca\/fr\/avance-de-fonds\/\" target=\"_blank\" rel=\"noopener noreferrer\">Avances de fonds<\/a><\/li>\n<li><a href=\"https:\/\/northstarbrokers.ca\/fr\/pret-sur-salaire\/\" target=\"_blank\" rel=\"noopener noreferrer\">Pr\u00eats sur salaire<\/a><\/li>\n<li><a href=\"https:\/\/northstarbrokers.ca\/fr\/pret-mauvais-credit\/\" target=\"_blank\" rel=\"noopener noreferrer\">Pr\u00eats mauvais cr\u00e9dit<\/a><\/li>\n<li>Et plus encore.<\/li>\n<\/ul>\n<p>En plus d\u2019offrir du soutien financier pour vos urgences, nos courtiers peuvent vous aider \u00e0 am\u00e9liorer votre cr\u00e9dit ou consolider vos dettes. Nous sommes fiers d\u2019offrir un service qui r\u00e9pond \u00e0 tous les besoins de notre client\u00e8le.<\/p>\n<p>Pour avoir plus de renseignements au sujet de notre service de pr\u00eat personnel sans refus, contactez-nous. Nous prendrons l\u2019appel et discuterons avec vous avec grand plaisir.<\/p>[\/et_pb_text][\/et_pb_column][\/et_pb_row][et_pb_row _builder_version=\u00a0\u00bb4.8.1&Prime; _module_preset=\u00a0\u00bbdefault\u00a0\u00bb locked=\u00a0\u00bboff\u00a0\u00bb][et_pb_column type=\u00a0\u00bb4_4&Prime; _builder_version=\u00a0\u00bb4.8.1&Prime; _module_preset=\u00a0\u00bbdefault\u00a0\u00bb][et_pb_text _builder_version=\u00a0\u00bb4.8.1&Prime; _module_preset=\u00a0\u00bbdefault\u00a0\u00bb]<!--Yasr Visitor Votes Shortcode--><div id='yasr_visitor_votes_6e4972016555c' class='yasr-visitor-votes'><div class=\"yasr-custom-text-vv-before yasr-custom-text-vv-before-25921\">Click to rate this post!<\/div><div id='yasr-vv-second-row-container-6e4972016555c'\r\n                                        class='yasr-vv-second-row-container'><div id='yasr-visitor-votes-rater-6e4972016555c'\r\n                                      class='yasr-rater-stars-vv'\r\n                                      data-rater-postid='25921'\r\n                                      data-rating='4.2'\r\n                                      data-rater-starsize='32'\r\n                                      data-rater-readonly='false'\r\n                                      data-rater-nonce='b8456f3e30'\r\n                                      data-issingular='false'\r\n                                    ><\/div><div class=\"yasr-vv-stats-text-container\" id=\"yasr-vv-stats-text-container-6e4972016555c\"><svg xmlns=\"https:\/\/www.w3.org\/2000\/svg\" width=\"20\" height=\"20\"\r\n                                   class=\"yasr-dashicons-visitor-stats\"\r\n                                   data-postid=\"25921\"\r\n                                   id=\"yasr-stats-dashicon-6e4972016555c\">\r\n                                   <path d=\"M18 18v-16h-4v16h4zM12 18v-11h-4v11h4zM6 18v-8h-4v8h4z\"><\/path>\r\n                               <\/svg><span id=\"yasr-vv-text-container-6e4972016555c\" class=\"yasr-vv-text-container\">[Total: <span id=\"yasr-vv-votes-number-container-6e4972016555c\">10<\/span>  Average: <span id=\"yasr-vv-average-container-6e4972016555c\">4.2<\/span>]<\/span><\/div><div id='yasr-vv-loader-6e4972016555c' class='yasr-vv-container-loader'><\/div><\/div><div id='yasr-vv-bottom-container-6e4972016555c' class='yasr-vv-bottom-container'><\/div><\/div><!--End Yasr Visitor Votes Shortcode-->[\/et_pb_text][\/et_pb_column][\/et_pb_row][\/et_pb_section]\n<div style='text-align:center' class='yasr-auto-insert-visitor'><!--Yasr Visitor Votes Shortcode--><div id='yasr_visitor_votes_c5551e8497645' class='yasr-visitor-votes'><div class=\"yasr-custom-text-vv-before yasr-custom-text-vv-before-25921\">Click to rate this post!<\/div><div id='yasr-vv-second-row-container-c5551e8497645'\r\n                                        class='yasr-vv-second-row-container'><div id='yasr-visitor-votes-rater-c5551e8497645'\r\n                                      class='yasr-rater-stars-vv'\r\n                                      data-rater-postid='25921'\r\n                                      data-rating='4.2'\r\n                                      data-rater-starsize='32'\r\n                                      data-rater-readonly='false'\r\n                                      data-rater-nonce='b8456f3e30'\r\n                                      data-issingular='false'\r\n                                    ><\/div><div class=\"yasr-vv-stats-text-container\" id=\"yasr-vv-stats-text-container-c5551e8497645\"><svg xmlns=\"https:\/\/www.w3.org\/2000\/svg\" width=\"20\" height=\"20\"\r\n                                   class=\"yasr-dashicons-visitor-stats\"\r\n                                   data-postid=\"25921\"\r\n                                   id=\"yasr-stats-dashicon-c5551e8497645\">\r\n                                   <path d=\"M18 18v-16h-4v16h4zM12 18v-11h-4v11h4zM6 18v-8h-4v8h4z\"><\/path>\r\n                               <\/svg><span id=\"yasr-vv-text-container-c5551e8497645\" class=\"yasr-vv-text-container\">[Total: <span id=\"yasr-vv-votes-number-container-c5551e8497645\">10<\/span>  Average: <span id=\"yasr-vv-average-container-c5551e8497645\">4.2<\/span>]<\/span><\/div><div id='yasr-vv-loader-c5551e8497645' class='yasr-vv-container-loader'><\/div><\/div><div id='yasr-vv-bottom-container-c5551e8497645' class='yasr-vv-bottom-container'><\/div><\/div><!--End Yasr Visitor Votes Shortcode--><\/div>","protected":false},"excerpt":{"rendered":"<p>Pr\u00eat personnel sans refusNorthstar Brokers offre un service de pr\u00eat personnel sans refus pour ceux qui rencontrent des impr\u00e9vus financiers. Notre service est id\u00e9al pour vous sortir d\u2019une urgence, car nous pouvons lib\u00e9rer des fonds dans les 24 heures suivant votre demande. Si vous \u00eates dans une situation o\u00f9 vous ne pouvez attendre les d\u00e9lais [&hellip;]<\/p>\n","protected":false},"author":23,"featured_media":0,"parent":0,"menu_order":0,"comment_status":"closed","ping_status":"closed","template":"","meta":{"_et_pb_use_builder":"on","_et_pb_old_content":"","_et_gb_content_width":"","yasr_overall_rating":0,"yasr_post_is_review":"","yasr_auto_insert_disabled":"","yasr_review_type":"","footnotes":""},"class_list":["post-25921","page","type-page","status-publish","hentry"],"yasr_visitor_votes":{"stars_attributes":{"read_only":false,"span_bottom":false},"number_of_votes":10,"sum_votes":42},"_links":{"self":[{"href":"https:\/\/northstarbrokers.ca\/fr\/wp-json\/wp\/v2\/pages\/25921"}],"collection":[{"href":"https:\/\/northstarbrokers.ca\/fr\/wp-json\/wp\/v2\/pages"}],"about":[{"href":"https:\/\/northstarbrokers.ca\/fr\/wp-json\/wp\/v2\/types\/page"}],"author":[{"embeddable":true,"href":"https:\/\/northstarbrokers.ca\/fr\/wp-json\/wp\/v2\/users\/23"}],"replies":[{"embeddable":true,"href":"https:\/\/northstarbrokers.ca\/fr\/wp-json\/wp\/v2\/comments?post=25921"}],"version-history":[{"count":0,"href":"https:\/\/northstarbrokers.ca\/fr\/wp-json\/wp\/v2\/pages\/25921\/revisions"}],"wp:attachment":[{"href":"https:\/\/northstarbrokers.ca\/fr\/wp-json\/wp\/v2\/media?parent=25921"}],"curies":[{"name":"wp","href":"https:\/\/api.w.org\/{rel}","templated":true}]}}