{"id":25554,"date":"2021-01-26T14:01:45","date_gmt":"2021-01-26T14:01:45","guid":{"rendered":"http:\/\/dev.northstarbrokers.ca\/pret-a-court-terme\/"},"modified":"2021-04-26T08:20:06","modified_gmt":"2021-04-26T12:20:06","slug":"pret-a-court-terme","status":"publish","type":"page","link":"https:\/\/northstarbrokers.ca\/fr\/pret-a-court-terme\/","title":{"rendered":"Pr\u00eat \u00e0 court terme"},"content":{"rendered":"\n\n[et_pb_section fb_built=\u00a0\u00bb1&Prime; _builder_version=\u00a0\u00bb4.8.1&Prime; _module_preset=\u00a0\u00bbdefault\u00a0\u00bb background_image=\u00a0\u00bbhttps:\/\/northstarbrokers.ca\/wp-content\/uploads\/2021\/01\/shortloan.jpg\u00a0\u00bb custom_padding=\u00a0\u00bb150px||150px||true|false\u00a0\u00bb hover_enabled=\u00a0\u00bb0&Prime; title_text=\u00a0\u00bbshortloan\u00a0\u00bb sticky_enabled=\u00a0\u00bb0&Prime;][et_pb_row column_structure=\u00a0\u00bb3_5,2_5&Prime; _builder_version=\u00a0\u00bb4.8.1&Prime; _module_preset=\u00a0\u00bbdefault\u00a0\u00bb][et_pb_column type=\u00a0\u00bb3_5&Prime; _builder_version=\u00a0\u00bb4.8.1&Prime; _module_preset=\u00a0\u00bbdefault\u00a0\u00bb][et_pb_text _builder_version=\u00a0\u00bb4.8.1&Prime; _module_preset=\u00a0\u00bbdefault\u00a0\u00bb header_font=\u00a0\u00bbPoppins|600|||||||\u00a0\u00bb header_text_color=\u00a0\u00bb#FFFFFF\u00a0\u00bb header_font_size=\u00a0\u00bb34px\u00a0\u00bb hover_enabled=\u00a0\u00bb0&Prime; header_text_shadow_style=\u00a0\u00bbpreset3&Prime; header_text_shadow_color=\u00a0\u00bb#000000&Prime; sticky_enabled=\u00a0\u00bb0&Prime;]<h1>Pr\u00eat \u00e0 court terme<\/h1>[\/et_pb_text][\/et_pb_column][et_pb_column type=\u00a0\u00bb2_5&Prime; _builder_version=\u00a0\u00bb4.8.1&Prime; _module_preset=\u00a0\u00bbdefault\u00a0\u00bb][\/et_pb_column][\/et_pb_row][\/et_pb_section][et_pb_section fb_built=\u00a0\u00bb1&Prime; _builder_version=\u00a0\u00bb4.8.1&Prime; _module_preset=\u00a0\u00bbdefault\u00a0\u00bb][et_pb_row _builder_version=\u00a0\u00bb4.8.1&Prime; _module_preset=\u00a0\u00bbdefault\u00a0\u00bb hover_enabled=\u00a0\u00bb0&Prime; sticky_enabled=\u00a0\u00bb0&Prime;][et_pb_column type=\u00a0\u00bb4_4&Prime; _builder_version=\u00a0\u00bb4.8.1&Prime; _module_preset=\u00a0\u00bbdefault\u00a0\u00bb][et_pb_text _builder_version=\u00a0\u00bb4.8.1&Prime; text_font=\u00a0\u00bbPoppins|700|||||||\u00a0\u00bb text_text_color=\u00a0\u00bb#000000&Prime; text_font_size=\u00a0\u00bb26px\u00a0\u00bb text_line_height=\u00a0\u00bb1.1em\u00a0\u00bb header_font=\u00a0\u00bbPoppins|700|||||||\u00a0\u00bb header_text_color=\u00a0\u00bb#000000&Prime; header_line_height=\u00a0\u00bb1.3em\u00a0\u00bb hover_enabled=\u00a0\u00bb0&Prime; header_font_size_tablet=\u00a0\u00bb\u00a0\u00bb header_font_size_phone=\u00a0\u00bb25px\u00a0\u00bb header_font_size_last_edited=\u00a0\u00bbon|desktop\u00a0\u00bb sticky_enabled=\u00a0\u00bb0&Prime;]<h3>Comprendre le pr\u00eat d\u2019argent sans enqu\u00eate de cr\u00e9dit en 4 \u00e9tapes.<\/h3>\n[\/et_pb_text][et_pb_text _builder_version=\u00a0\u00bb4.8.1&Prime; text_font=\u00a0\u00bbRoboto|300|||||||\u00a0\u00bb text_text_color=\u00a0\u00bb#000000&Prime; text_font_size=\u00a0\u00bb18px\u00a0\u00bb text_line_height=\u00a0\u00bb1.8em\u00a0\u00bb header_font=\u00a0\u00bbNunito Sans|700|||||||\u00a0\u00bb header_text_color=\u00a0\u00bb#297FCA\u00a0\u00bb header_line_height=\u00a0\u00bb1.3em\u00a0\u00bb custom_margin=\u00a0\u00bb-27px||\u00a0\u00bb hover_enabled=\u00a0\u00bb0&Prime; sticky_enabled=\u00a0\u00bb0&Prime;]<p>Pour financer un besoin urgent de tr\u00e9sorerie, un pr\u00eat \u00e0 court terme est sans doute la solution la plus ad\u00e9quate. Malheureusement, obtenir rapidement ce type d\u2019accompagnement aupr\u00e8s d\u2019une banque ou d\u2019un \u00e9tablissement de cr\u00e9dit est souvent bien moins simple et \u00e9vident qu\u2019on pourrait l\u2019esp\u00e9rer. Et si, comme c\u2019est g\u00e9n\u00e9ralement le cas, l\u2019organisme de pr\u00eat auquel vous vous adressez d\u00e9cide de passer en revue votre pass\u00e9 d\u2019emprunteur, les choses peuvent devenir encore plus compliqu\u00e9es. En effet, une enqu\u00eate de cr\u00e9dit peut affecter votre cote et donc r\u00e9duire fortement vos chances d\u2019obtenir votre pr\u00eat. Bienheureusement, il est possible aujourd\u2019hui de contourner cet obstacle en souscrivant \u00e0 un pr\u00eat d\u2019argent sans enqu\u00eate de cr\u00e9dit. Mais en quoi cela consiste-t-il ?<\/p>\n[\/et_pb_text][\/et_pb_column][\/et_pb_row][\/et_pb_section][et_pb_section fb_built=\u00a0\u00bb1&Prime; _builder_version=\u00a0\u00bb4.8.1&Prime; _module_preset=\u00a0\u00bbdefault\u00a0\u00bb background_color=\u00a0\u00bb#f7f7f7&Prime;][et_pb_row column_structure=\u00a0\u00bb1_4,1_4,1_4,1_4&Prime; _builder_version=\u00a0\u00bb4.8.1&Prime; _module_preset=\u00a0\u00bbdefault\u00a0\u00bb hover_enabled=\u00a0\u00bb0&Prime; sticky_enabled=\u00a0\u00bb0&Prime;][et_pb_column type=\u00a0\u00bb1_4&Prime; _builder_version=\u00a0\u00bb4.8.1&Prime; _module_preset=\u00a0\u00bbdefault\u00a0\u00bb][et_pb_text _builder_version=\u00a0\u00bb4.8.1&Prime; _module_preset=\u00a0\u00bbdefault\u00a0\u00bb text_font=\u00a0\u00bbPoppins|800|||||||\u00a0\u00bb text_text_color=\u00a0\u00bb#0C71C3&Prime; text_font_size=\u00a0\u00bb26px\u00a0\u00bb header_2_font=\u00a0\u00bbPoppins|800|||||||\u00a0\u00bb header_2_text_color=\u00a0\u00bb#0C71C3&Prime; hover_enabled=\u00a0\u00bb0&Prime; sticky_enabled=\u00a0\u00bb0&Prime;]<h2>Vous avez un besoin de financement urgent?<\/h2>\n[\/et_pb_text][et_pb_text _builder_version=\u00a0\u00bb4.8.1&Prime; _module_preset=\u00a0\u00bbdefault\u00a0\u00bb text_font=\u00a0\u00bbPoppins||||||||\u00a0\u00bb hover_enabled=\u00a0\u00bb0&Prime; sticky_enabled=\u00a0\u00bb0&Prime;]<p>Comme dans toute d\u00e9marche de pr\u00eat, tout commence par un besoin de financement. Dans le cas d\u2019esp\u00e8ce, il s\u2019agit d\u2019obtenir un appui financier afin de r\u00e9pondre \u00e0 un besoin n\u00e9cessitant une r\u00e9ponse financi\u00e8re imm\u00e9diate. De fa\u00e7on plus concr\u00e8te, un pr\u00eat d\u2019argent sans enqu\u00eate de cr\u00e9dit peut \u00eatre sollicit\u00e9 afin de faire face \u00e0 une p\u00e9riode financi\u00e8re difficile en vous donnant, par exemple, les moyens de r\u00e9gler des factures urgentes pour \u00e9viter une coupure de service, de payer votre loyer, ou encore d\u2019effectuer un remboursement \u00e0 temps afin de ne pas avoir \u00e0 supporter des p\u00e9nalit\u00e9s suppl\u00e9mentaires. L\u2019objectif est donc de vous aider \u00e0 obtenir des fonds rapidement pour couvrir une d\u00e9pense imm\u00e9diate tout en conservant vos autres ressources financi\u00e8res pour vos besoins courants.<\/p>\n[\/et_pb_text][\/et_pb_column][et_pb_column type=\u00a0\u00bb1_4&Prime; _builder_version=\u00a0\u00bb4.8.1&Prime; _module_preset=\u00a0\u00bbdefault\u00a0\u00bb][et_pb_text _builder_version=\u00a0\u00bb4.8.1&Prime; _module_preset=\u00a0\u00bbdefault\u00a0\u00bb text_font=\u00a0\u00bbPoppins|800|||||||\u00a0\u00bb text_text_color=\u00a0\u00bb#0C71C3&Prime; text_font_size=\u00a0\u00bb26px\u00a0\u00bb header_2_font=\u00a0\u00bbPoppins|800|||||||\u00a0\u00bb header_2_text_color=\u00a0\u00bb#0C71C3&Prime; hover_enabled=\u00a0\u00bb0&Prime; sticky_enabled=\u00a0\u00bb0&Prime;]<h2>Vous soumettez une demande en ligne<\/h2>[\/et_pb_text][et_pb_text _builder_version=\u00a0\u00bb4.8.1&Prime; _module_preset=\u00a0\u00bbdefault\u00a0\u00bb text_font=\u00a0\u00bbPoppins||||||||\u00a0\u00bb hover_enabled=\u00a0\u00bb0&Prime; sticky_enabled=\u00a0\u00bb0&Prime;]<p>Le caract\u00e8re urgent de votre besoin implique une proc\u00e9dure simple et rapide. Ainsi, pour rendre effective votre d\u00e9marche, il vous suffit de remplir le formulaire de demande en ligne et de fournir les documents qui vous sont demand\u00e9s pour constituer votre dossier : pi\u00e8ces d\u2019identit\u00e9, preuves de r\u00e9sidence, derni\u00e8res fiches de paie et relev\u00e9s bancaires. L\u2019objectif ici n\u2019est pas d\u2019\u00e9valuer votre potentielle solvabilit\u00e9 ou d\u2019enqu\u00eater sur votre pass\u00e9 d\u2019emprunteur, mais plut\u00f4t de prendre r\u00e9ellement connaissance de votre besoin et de s\u2019assurer de votre identit\u00e9 et de votre capacit\u00e9 brute \u00e0 rembourser le pr\u00eat sollicit\u00e9.<\/p>[\/et_pb_text][et_pb_button button_url=\u00a0\u00bbhttps:\/\/northstarbrokers.ca\/fr\/demande-en-ligne\/\u00a0\u00bb button_text=\u00a0\u00bbPostuler Maintenant!\u00a0\u00bb button_alignment=\u00a0\u00bbleft\u00a0\u00bb _builder_version=\u00a0\u00bb4.8.1&Prime; _module_preset=\u00a0\u00bbdefault\u00a0\u00bb custom_button=\u00a0\u00bbon\u00a0\u00bb button_text_size=\u00a0\u00bb19px\u00a0\u00bb button_text_color=\u00a0\u00bb#FFFFFF\u00a0\u00bb button_bg_color=\u00a0\u00bb#0C71C3&Prime; button_border_width=\u00a0\u00bb0px\u00a0\u00bb button_border_color=\u00a0\u00bb#5C81F3&Prime; button_border_radius=\u00a0\u00bb100px\u00a0\u00bb button_font=\u00a0\u00bbDM Sans||||||||\u00a0\u00bb button_use_icon=\u00a0\u00bboff\u00a0\u00bb custom_margin=\u00a0\u00bb40px||||false|false\u00a0\u00bb custom_padding=\u00a0\u00bb9px|40px|8px|40px|false|true\u00a0\u00bb locked=\u00a0\u00bboff\u00a0\u00bb button_text_color__hover_enabled=\u00a0\u00bbon|hover\u00a0\u00bb button_text_color__hover=\u00a0\u00bb#ffffff\u00a0\u00bb button_bg_color__hover_enabled=\u00a0\u00bbon|desktop\u00a0\u00bb button_bg_color__hover=\u00a0\u00bb#5fd58c\u00a0\u00bb button_bg_enable_color__hover=\u00a0\u00bbon\u00a0\u00bb button_border_color__hover_enabled=\u00a0\u00bbon|hover\u00a0\u00bb button_border_color__hover=\u00a0\u00bb#5fd58c\u00a0\u00bb button_letter_spacing__hover_enabled=\u00a0\u00bbon|hover\u00a0\u00bb button_letter_spacing__hover=\u00a0\u00bb0px\u00a0\u00bb][\/et_pb_button][\/et_pb_column][et_pb_column type=\u00a0\u00bb1_4&Prime; _builder_version=\u00a0\u00bb4.8.1&Prime; _module_preset=\u00a0\u00bbdefault\u00a0\u00bb][et_pb_text _builder_version=\u00a0\u00bb4.8.1&Prime; _module_preset=\u00a0\u00bbdefault\u00a0\u00bb text_font=\u00a0\u00bbPoppins|800|||||||\u00a0\u00bb text_text_color=\u00a0\u00bb#0C71C3&Prime; text_font_size=\u00a0\u00bb26px\u00a0\u00bb header_2_font=\u00a0\u00bbPoppins|800|||||||\u00a0\u00bb header_2_text_color=\u00a0\u00bb#0C71C3&Prime; hover_enabled=\u00a0\u00bb0&Prime; sticky_enabled=\u00a0\u00bb0&Prime;]<h2>Pas d\u2019enqu\u00eate de cr\u00e9dit et une totale confidentialit\u00e9<\/h2>[\/et_pb_text][et_pb_text _builder_version=\u00a0\u00bb4.8.1&Prime; _module_preset=\u00a0\u00bbdefault\u00a0\u00bb text_font=\u00a0\u00bbPoppins||||||||\u00a0\u00bb hover_enabled=\u00a0\u00bb0&Prime; sticky_enabled=\u00a0\u00bb0&Prime;]Le premier principe d\u2019un pr\u00eat d\u2019argent sans enqu\u00eate de cr\u00e9dit est qu\u2019il peut \u00eatre octroy\u00e9 \u00e0 tout demandeur justifiant de revenus suffisants pour en assurer le remboursement, ind\u00e9pendamment de sa cote de cr\u00e9dit. Contrairement \u00e0 ce qui est fait habituellement par les organismes de pr\u00eat personnel, vous ne faites donc l\u2019objet d\u2019aucune enqu\u00eate de cr\u00e9dit dont les r\u00e9sultats pourraient constituer un obstacle \u00e0 l\u2019obtention de votre cr\u00e9dit d\u2019urgence. Les pr\u00eateurs intervenant dans cette op\u00e9ration sont dispos\u00e9s \u00e0 \u00ab prendre le risque \u00bb de vous accompagner sans s\u2019attarder sur d\u2019\u00e9ventuels ant\u00e9c\u00e9dents de cr\u00e9dits n\u00e9gatifs. En termes plus clairs, aucune discrimination n\u2019est faite et vous pouvez donc obtenir le soutien financier que vous demandez m\u00eame si vous avez une mauvaise cote de cr\u00e9dit. Par ailleurs, comme dans toute d\u00e9marche financi\u00e8re, la confidentialit\u00e9 est de rigueur. Vos donn\u00e9es personnelles et financi\u00e8res font l\u2019objet d\u2019un traitement et d\u2019une conservation totalement s\u00e9curis\u00e9s.[\/et_pb_text][\/et_pb_column][et_pb_column type=\u00a0\u00bb1_4&Prime; _builder_version=\u00a0\u00bb4.8.1&Prime; _module_preset=\u00a0\u00bbdefault\u00a0\u00bb][et_pb_text _builder_version=\u00a0\u00bb4.8.1&Prime; _module_preset=\u00a0\u00bbdefault\u00a0\u00bb text_font=\u00a0\u00bbPoppins|800|||||||\u00a0\u00bb text_text_color=\u00a0\u00bb#0C71C3&Prime; text_font_size=\u00a0\u00bb26px\u00a0\u00bb header_2_font=\u00a0\u00bbPoppins|800|||||||\u00a0\u00bb header_2_text_color=\u00a0\u00bb#0C71C3&Prime; hover_enabled=\u00a0\u00bb0&Prime; sticky_enabled=\u00a0\u00bb0&Prime;]<h2>Vos fonds disponibles en 24 heures<\/h2>[\/et_pb_text][et_pb_text _builder_version=\u00a0\u00bb4.8.1&Prime; _module_preset=\u00a0\u00bbdefault\u00a0\u00bb text_font=\u00a0\u00bbPoppins||||||||\u00a0\u00bb hover_enabled=\u00a0\u00bb0&Prime; sticky_enabled=\u00a0\u00bb0&Prime;]Parce qu\u2019un pr\u00eat d\u2019argent sans enqu\u00eate de cr\u00e9dit est avant tout destin\u00e9 \u00e0 r\u00e9gler un besoin urgent, chaque demande est trait\u00e9e dans le d\u00e9lai le plus court possible. Ainsi, d\u00e8s que votre demande et les documents demand\u00e9s sont re\u00e7us et approuv\u00e9s, vous \u00eates recontact\u00e9 dans les heures qui suivent afin de signer le contrat. La mise en place du pr\u00eat sur votre compte bancaire s\u2019effectue ensuite tr\u00e8s rapidement. En tout, la proc\u00e9dure compl\u00e8te ne dure pas plus de 24 heures. Vous pouvez ainsi disposer de vos fonds d\u00e8s le jour ouvr\u00e9 suivant votre demande de pr\u00eat. Tout ce qu\u2019il vous reste \u00e0 faire ensuite est d\u2019assurer le remboursement de votre pr\u00eat comme convenu dans votre contrat. Comme vous pouvez le constater, le pr\u00eat d\u2019argent sans enqu\u00eate de cr\u00e9dit est une solution tr\u00e8s pratique pour vous tirer rapidement d\u2019une situation financi\u00e8re compliqu\u00e9e. Pour y souscrire, rendez-vous directement sur notre page et profitez de notre expertise en mati\u00e8re de pr\u00eat rapide \u00e0 court terme, et de notre r\u00e9seau de pr\u00eateurs.[\/et_pb_text][\/et_pb_column][\/et_pb_row][\/et_pb_section]\n\n<div style='text-align:center' class='yasr-auto-insert-visitor'><!--Yasr Visitor Votes Shortcode--><div id='yasr_visitor_votes_1d2f91104e6ae' class='yasr-visitor-votes'><div class=\"yasr-custom-text-vv-before yasr-custom-text-vv-before-25554\">Click to rate this post!<\/div><div id='yasr-vv-second-row-container-1d2f91104e6ae'\r\n                                        class='yasr-vv-second-row-container'><div id='yasr-visitor-votes-rater-1d2f91104e6ae'\r\n                                      class='yasr-rater-stars-vv'\r\n                                      data-rater-postid='25554'\r\n                                      data-rating='0'\r\n                                      data-rater-starsize='32'\r\n                                      data-rater-readonly='false'\r\n                                      data-rater-nonce='412402eb07'\r\n                                      data-issingular='false'\r\n                                    ><\/div><div class=\"yasr-vv-stats-text-container\" id=\"yasr-vv-stats-text-container-1d2f91104e6ae\"><svg xmlns=\"https:\/\/www.w3.org\/2000\/svg\" width=\"20\" height=\"20\"\r\n                                   class=\"yasr-dashicons-visitor-stats\"\r\n                                   data-postid=\"25554\"\r\n                                   id=\"yasr-stats-dashicon-1d2f91104e6ae\">\r\n                                   <path d=\"M18 18v-16h-4v16h4zM12 18v-11h-4v11h4zM6 18v-8h-4v8h4z\"><\/path>\r\n                               <\/svg><span id=\"yasr-vv-text-container-1d2f91104e6ae\" class=\"yasr-vv-text-container\">[Total: <span id=\"yasr-vv-votes-number-container-1d2f91104e6ae\">0<\/span>  Average: <span id=\"yasr-vv-average-container-1d2f91104e6ae\">0<\/span>]<\/span><\/div><div id='yasr-vv-loader-1d2f91104e6ae' class='yasr-vv-container-loader'><\/div><\/div><div id='yasr-vv-bottom-container-1d2f91104e6ae' class='yasr-vv-bottom-container'><\/div><\/div><!--End Yasr Visitor Votes Shortcode--><\/div>","protected":false},"excerpt":{"rendered":"<p>Pr\u00eat \u00e0 court termeComprendre le pr\u00eat d\u2019argent sans enqu\u00eate de cr\u00e9dit en 4 \u00e9tapes. Pour financer un besoin urgent de tr\u00e9sorerie, un pr\u00eat \u00e0 court terme est sans doute la solution la plus ad\u00e9quate. Malheureusement, obtenir rapidement ce type d\u2019accompagnement aupr\u00e8s d\u2019une banque ou d\u2019un \u00e9tablissement de cr\u00e9dit est souvent bien moins simple et \u00e9vident [&hellip;]<\/p>\n","protected":false},"author":11,"featured_media":0,"parent":0,"menu_order":0,"comment_status":"closed","ping_status":"closed","template":"","meta":{"_et_pb_use_builder":"on","_et_pb_old_content":"","_et_gb_content_width":"","yasr_overall_rating":0,"yasr_post_is_review":"","yasr_auto_insert_disabled":"","yasr_review_type":"","footnotes":""},"class_list":["post-25554","page","type-page","status-publish","hentry"],"yasr_visitor_votes":{"stars_attributes":{"read_only":false,"span_bottom":false},"number_of_votes":0,"sum_votes":0},"_links":{"self":[{"href":"https:\/\/northstarbrokers.ca\/fr\/wp-json\/wp\/v2\/pages\/25554"}],"collection":[{"href":"https:\/\/northstarbrokers.ca\/fr\/wp-json\/wp\/v2\/pages"}],"about":[{"href":"https:\/\/northstarbrokers.ca\/fr\/wp-json\/wp\/v2\/types\/page"}],"author":[{"embeddable":true,"href":"https:\/\/northstarbrokers.ca\/fr\/wp-json\/wp\/v2\/users\/11"}],"replies":[{"embeddable":true,"href":"https:\/\/northstarbrokers.ca\/fr\/wp-json\/wp\/v2\/comments?post=25554"}],"version-history":[{"count":0,"href":"https:\/\/northstarbrokers.ca\/fr\/wp-json\/wp\/v2\/pages\/25554\/revisions"}],"wp:attachment":[{"href":"https:\/\/northstarbrokers.ca\/fr\/wp-json\/wp\/v2\/media?parent=25554"}],"curies":[{"name":"wp","href":"https:\/\/api.w.org\/{rel}","templated":true}]}}