{"id":25538,"date":"2021-01-25T21:56:18","date_gmt":"2021-01-25T21:56:18","guid":{"rendered":"http:\/\/dev.northstarbrokers.ca\/pret-personnel-avec-mauvais-credit\/"},"modified":"2023-09-07T04:02:45","modified_gmt":"2023-09-07T08:02:45","slug":"pret-personnel-avec-mauvais-credit","status":"publish","type":"page","link":"https:\/\/northstarbrokers.ca\/fr\/pret-personnel-avec-mauvais-credit\/","title":{"rendered":"Pret personnel avec mauvais credit"},"content":{"rendered":"<p>[et_pb_section fb_built=\u00a0\u00bb1&Prime; _builder_version=\u00a0\u00bb4.16&Prime; _module_preset=\u00a0\u00bbdefault\u00a0\u00bb background_image=\u00a0\u00bbhttps:\/\/northstarbrokers.ca\/wp-content\/uploads\/2021\/01\/personal-loan.jpg\u00a0\u00bb custom_padding=\u00a0\u00bb150px||150px||true|false\u00a0\u00bb global_colors_info=\u00a0\u00bb{}\u00a0\u00bb][et_pb_row column_structure=\u00a0\u00bb1_2,1_2&Prime; _builder_version=\u00a0\u00bb4.16&Prime; _module_preset=\u00a0\u00bbdefault\u00a0\u00bb global_colors_info=\u00a0\u00bb{}\u00a0\u00bb][et_pb_column type=\u00a0\u00bb1_2&Prime; _builder_version=\u00a0\u00bb4.16&Prime; _module_preset=\u00a0\u00bbdefault\u00a0\u00bb global_colors_info=\u00a0\u00bb{}\u00a0\u00bb][\/et_pb_column][et_pb_column type=\u00a0\u00bb1_2&Prime; _builder_version=\u00a0\u00bb4.16&Prime; _module_preset=\u00a0\u00bbdefault\u00a0\u00bb global_colors_info=\u00a0\u00bb{}\u00a0\u00bb][et_pb_text _builder_version=\u00a0\u00bb4.16&Prime; _module_preset=\u00a0\u00bbdefault\u00a0\u00bb header_font=\u00a0\u00bbPoppins|600|||||||\u00a0\u00bb header_text_color=\u00a0\u00bb#000000&Prime; header_font_size=\u00a0\u00bb34px\u00a0\u00bb header_line_height=\u00a0\u00bb1.2em\u00a0\u00bb header_text_shadow_style=\u00a0\u00bbpreset3&Prime; header_text_shadow_blur_strength=\u00a0\u00bb0.33em\u00a0\u00bb header_text_shadow_color=\u00a0\u00bb#FFFFFF\u00a0\u00bb global_colors_info=\u00a0\u00bb{}\u00a0\u00bb]<\/p>\n<h1>Pr\u00eat personnel avec mauvais cr\u00e9dit<\/h1>\n<p>[\/et_pb_text][\/et_pb_column][\/et_pb_row][\/et_pb_section][et_pb_section fb_built=\u00a0\u00bb1&Prime; _builder_version=\u00a0\u00bb4.16&Prime; _module_preset=\u00a0\u00bbdefault\u00a0\u00bb global_colors_info=\u00a0\u00bb{}\u00a0\u00bb][et_pb_row column_structure=\u00a0\u00bb2_3,1_3&Prime; _builder_version=\u00a0\u00bb4.16&Prime; _module_preset=\u00a0\u00bbdefault\u00a0\u00bb global_colors_info=\u00a0\u00bb{}\u00a0\u00bb][et_pb_column type=\u00a0\u00bb2_3&Prime; _builder_version=\u00a0\u00bb4.16&Prime; _module_preset=\u00a0\u00bbdefault\u00a0\u00bb global_colors_info=\u00a0\u00bb{}\u00a0\u00bb][et_pb_text _builder_version=\u00a0\u00bb4.16&Prime; text_font=\u00a0\u00bbPoppins|700|||||||\u00a0\u00bb text_text_color=\u00a0\u00bb#000000&Prime; text_font_size=\u00a0\u00bb26px\u00a0\u00bb text_line_height=\u00a0\u00bb1.1em\u00a0\u00bb header_font=\u00a0\u00bbPoppins|700|||||||\u00a0\u00bb header_text_color=\u00a0\u00bb#000000&Prime; header_line_height=\u00a0\u00bb1.3em\u00a0\u00bb header_font_size_tablet=\u00a0\u00bb\u00a0\u00bb header_font_size_phone=\u00a0\u00bb25px\u00a0\u00bb header_font_size_last_edited=\u00a0\u00bbon|desktop\u00a0\u00bb global_colors_info=\u00a0\u00bb{}\u00a0\u00bb]<\/p>\n<p>Comment est-ce possible de recevoir un pr\u00eat personnel avec un mauvais cr\u00e9dit?<\/p>\n<p>[\/et_pb_text][et_pb_text _builder_version=\u00a0\u00bb4.16&Prime; text_font=\u00a0\u00bbRoboto|300|||||||\u00a0\u00bb text_text_color=\u00a0\u00bb#000000&Prime; text_font_size=\u00a0\u00bb18px\u00a0\u00bb text_line_height=\u00a0\u00bb1.8em\u00a0\u00bb header_font=\u00a0\u00bbNunito Sans|700|||||||\u00a0\u00bb header_text_color=\u00a0\u00bb#297FCA\u00a0\u00bb header_line_height=\u00a0\u00bb1.3em\u00a0\u00bb custom_margin=\u00a0\u00bb-27px||\u00a0\u00bb global_colors_info=\u00a0\u00bb{}\u00a0\u00bb]<\/p>\n<p>Lorsque vous tentez d\u2019obtenir un pr\u00eat personnel, l\u2019organisme qui va vous octroyer le pr\u00eat va consulter votre solvabilit\u00e9. La solvabilit\u00e9 est donc un \u00e9l\u00e9ment essentiel dans la prise d\u00e9cision de ses organismes de pr\u00eats. Pour les \u00e9tablissements de cr\u00e9dit ou les institutions financi\u00e8res, il est essentiel que vous soyez en mesure de tenir vos engagements concernant le remboursement du pr\u00eat.<\/p>\n<p>C\u2019est pourquoi une enqu\u00eate de cr\u00e9dit va la plupart du temps \u00eatre effectu\u00e9e par l\u2019organisme pr\u00eateur. Elle va servir \u00e0 \u00e9valuer, en se basant sur vos emprunts ant\u00e9rieurs, dans quelle mesure le risque de vous pr\u00eater de l\u2019argent est \u00e9lev\u00e9. Si vous avez eu des ant\u00e9c\u00e9dents n\u00e9gatifs concernant vos cr\u00e9dits, cela portera pr\u00e9judice \u00e0 votre demande de pr\u00eat personnel. En effet, tr\u00e8s peu d\u2019organismes pr\u00eateurs sont pr\u00eats \u00e0 proposer un pr\u00eat \u00e0 une personne disposant d\u2019un mauvais cr\u00e9dit.<\/p>\n<p>Il vaut mieux passer par un autre organisme qui sera pr\u00eat \u00e0 vous accorder un pr\u00eat personnel m\u00eame avec un mauvais cr\u00e9dit. Gr\u00e2ce \u00e0 cette demande de pr\u00eat personnel rapide pour mauvais cr\u00e9dit, vous serez \u00e0 m\u00eame d\u2019effectuer des remboursements inattendus rapidement.<\/p>\n<p>[\/et_pb_text][\/et_pb_column][et_pb_column type=\u00a0\u00bb1_3&Prime; _builder_version=\u00a0\u00bb4.16&Prime; _module_preset=\u00a0\u00bbdefault\u00a0\u00bb global_colors_info=\u00a0\u00bb{}\u00a0\u00bb][et_pb_text _builder_version=\u00a0\u00bb4.16&Prime; text_font=\u00a0\u00bbPoppins|700|||||||\u00a0\u00bb text_text_color=\u00a0\u00bb#000000&Prime; text_font_size=\u00a0\u00bb26px\u00a0\u00bb text_line_height=\u00a0\u00bb1.1em\u00a0\u00bb header_font=\u00a0\u00bbPoppins|800|||||||\u00a0\u00bb header_text_color=\u00a0\u00bb#000000&Prime; header_line_height=\u00a0\u00bb1.3em\u00a0\u00bb header_3_font=\u00a0\u00bbPoppins|700|||||||\u00a0\u00bb header_font_size_tablet=\u00a0\u00bb\u00a0\u00bb header_font_size_phone=\u00a0\u00bb25px\u00a0\u00bb header_font_size_last_edited=\u00a0\u00bbon|desktop\u00a0\u00bb global_colors_info=\u00a0\u00bb{}\u00a0\u00bb]<\/p>\n<h2>NOS SERVICES<\/h2>\n<p>[\/et_pb_text][et_pb_text _builder_version=\u00a0\u00bb4.16&Prime; _module_preset=\u00a0\u00bbdefault\u00a0\u00bb text_font=\u00a0\u00bbPoppins||||||||\u00a0\u00bb header_3_font=\u00a0\u00bbRoboto||||||||\u00a0\u00bb header_3_font_size=\u00a0\u00bb18px\u00a0\u00bb header_3_line_height=\u00a0\u00bb1.4em\u00a0\u00bb locked=\u00a0\u00bboff\u00a0\u00bb global_colors_info=\u00a0\u00bb{}\u00a0\u00bb]<\/p>\n<p><strong><a href=\"https:\/\/northstarbrokers.ca\/fr\/prets-sans-enquete-de-credit\/\">Pr\u00eats sans enqu\u00eate de cr\u00e9dit<\/a><br \/> <\/strong>Votre pass\u00e9 ne devrait pas affecter votre avenir<\/p>\n<p><strong><a href=\"https:\/\/northstarbrokers.ca\/fr\/consolidation-de-dettes\/\">Consolidation de dettes<\/a><br \/> <\/strong>Un pr\u00eat pour tout r\u00e9gler<\/p>\n<p><strong><a href=\"https:\/\/northstarbrokers.ca\/fr\/pret-mauvais-credit\/\">Pr\u00eats pour les mauvais cr\u00e9dits<\/a><br \/> <\/strong>De l\u2019argent quand vous en avez le plus besoin<\/p>\n<p><strong><a href=\"https:\/\/northstarbrokers.ca\/fr\/avance-de-fonds\/\">Avance de fonds en ligne<\/a><br \/> <\/strong>Obtenez avance de fonds en ligne dont vous avez besoin, quand vous en avez besoin!<\/p>\n<p><strong><a href=\"https:\/\/northstarbrokers.ca\/fr\/pret-argent-rapide\/\">Pr\u00eat argent rapide<\/a><br \/> <\/strong>Pr\u00eat rapide \u2013 C\u2019est simple!<\/p>\n<p><strong><a href=\"https:\/\/northstarbrokers.ca\/fr\/refaire-son-credit\/\">Refaire son cr\u00e9dit<\/a><br \/> <\/strong>Une bonne cote de cr\u00e9dit peut vous faire \u00e9conomiser de l\u2019argent<\/p>\n<p>[\/et_pb_text][et_pb_button button_url=\u00a0\u00bbhttps:\/\/northstarbrokers.ca\/fr\/demande-en-ligne\/\u00a0\u00bb button_text=\u00a0\u00bbPostuler Maintenant!\u00a0\u00bb button_alignment=\u00a0\u00bbleft\u00a0\u00bb _builder_version=\u00a0\u00bb4.16&Prime; _module_preset=\u00a0\u00bbdefault\u00a0\u00bb custom_button=\u00a0\u00bbon\u00a0\u00bb button_text_size=\u00a0\u00bb19px\u00a0\u00bb button_text_color=\u00a0\u00bb#FFFFFF\u00a0\u00bb button_bg_color=\u00a0\u00bb#0C71C3&Prime; button_border_width=\u00a0\u00bb0px\u00a0\u00bb button_border_color=\u00a0\u00bb#5C81F3&Prime; button_border_radius=\u00a0\u00bb100px\u00a0\u00bb button_font=\u00a0\u00bbDM Sans||||||||\u00a0\u00bb button_use_icon=\u00a0\u00bboff\u00a0\u00bb custom_margin=\u00a0\u00bb40px||||false|false\u00a0\u00bb custom_padding=\u00a0\u00bb9px|40px|8px|40px|false|true\u00a0\u00bb locked=\u00a0\u00bboff\u00a0\u00bb global_colors_info=\u00a0\u00bb{}\u00a0\u00bb button_text_color__hover_enabled=\u00a0\u00bbon|hover\u00a0\u00bb button_text_color__hover=\u00a0\u00bb#ffffff\u00a0\u00bb button_bg_color__hover_enabled=\u00a0\u00bbon|desktop\u00a0\u00bb button_bg_color__hover=\u00a0\u00bb#5fd58c\u00a0\u00bb button_bg_enable_color__hover=\u00a0\u00bbon\u00a0\u00bb button_border_color__hover_enabled=\u00a0\u00bbon|hover\u00a0\u00bb button_border_color__hover=\u00a0\u00bb#5fd58c\u00a0\u00bb button_letter_spacing__hover_enabled=\u00a0\u00bbon|hover\u00a0\u00bb button_letter_spacing__hover=\u00a0\u00bb0px\u00a0\u00bb][\/et_pb_button][\/et_pb_column][\/et_pb_row][\/et_pb_section][et_pb_section fb_built=\u00a0\u00bb1&Prime; _builder_version=\u00a0\u00bb4.16&Prime; _module_preset=\u00a0\u00bbdefault\u00a0\u00bb background_color=\u00a0\u00bb#f7f7f7&Prime; global_colors_info=\u00a0\u00bb{}\u00a0\u00bb][et_pb_row column_structure=\u00a0\u00bb1_2,1_4,1_4&Prime; _builder_version=\u00a0\u00bb4.16&Prime; _module_preset=\u00a0\u00bbdefault\u00a0\u00bb global_colors_info=\u00a0\u00bb{}\u00a0\u00bb][et_pb_column type=\u00a0\u00bb1_2&Prime; _builder_version=\u00a0\u00bb4.16&Prime; _module_preset=\u00a0\u00bbdefault\u00a0\u00bb global_colors_info=\u00a0\u00bb{}\u00a0\u00bb][et_pb_text _builder_version=\u00a0\u00bb4.16&Prime; _module_preset=\u00a0\u00bbdefault\u00a0\u00bb text_font=\u00a0\u00bbPoppins|800|||||||\u00a0\u00bb text_text_color=\u00a0\u00bb#0C71C3&Prime; text_font_size=\u00a0\u00bb26px\u00a0\u00bb header_2_font=\u00a0\u00bbPoppins|800|||||||\u00a0\u00bb header_2_text_color=\u00a0\u00bb#0C71C3&Prime; global_colors_info=\u00a0\u00bb{}\u00a0\u00bb]<\/p>\n<h2>Mauvais cr\u00e9dit et cote de cr\u00e9dit<\/h2>\n<p>[\/et_pb_text][et_pb_text _builder_version=\u00a0\u00bb4.16&Prime; _module_preset=\u00a0\u00bbdefault\u00a0\u00bb text_font=\u00a0\u00bbPoppins||||||||\u00a0\u00bb global_colors_info=\u00a0\u00bb{}\u00a0\u00bb]<\/p>\n<p>Lorsque vous contractez un pr\u00eat avec un organisme, toutes les donn\u00e9es li\u00e9es \u00e0 l\u2019emprunt et au suivi de celui-ci sont enregistr\u00e9es et r\u00e9sum\u00e9es par des bureaux de cr\u00e9dit. Il existe une multitude de bureaux de cr\u00e9dit, mais les principaux au Canada sont au nombre de deux : <a href=\"https:\/\/www.consumer.equifax.ca\/about-equifax\/\">Equifax<\/a> et <a href=\"https:\/\/www.transunion.ca\/fr\/about-us\/a-propos-de-transunion\">TransUnion<\/a>. Ils ont comme mission de d\u00e9livrer, \u00e0 tous les organismes qui pr\u00eatent de l\u2019argent, toute information concernant les finances personnelles.<\/p>\n<p>Donc d\u00e8s que vous r\u00e9alisez une demande de pr\u00eats, l\u2019organisme pr\u00eateur peut directement avoir acc\u00e8s \u00e0 toutes les informations sur votre pass\u00e9 d\u2019emprunteur gr\u00e2ce aux bureaux de cr\u00e9dits. L\u2019organisme, que ce soit une banque ou un pr\u00eateur priv\u00e9, va recevoir les donn\u00e9es indispensables pour noter votre solvabilit\u00e9 avec la cote de cr\u00e9dit. Celle-ci va tenir compte de votre pass\u00e9 d\u2019emprunteur et va analyser chaque pr\u00eat contract\u00e9 par le pass\u00e9. Elle va ensuite attribuer une note en fonction du respect du remboursement de l\u2019\u00e9ch\u00e9ance de chaque pr\u00eat.<\/p>\n<p>Si vous avez donc respect\u00e9 vos engagements de remboursement \u00e0 temps, votre cote sera \u00e9lev\u00e9e. En revanche, si vous n\u2019avez pas rembours\u00e9 \u00e0 temps voir simplement pas rembours\u00e9 des pr\u00eats, vous aurez une cote basse : une mauvaise cote de cr\u00e9dit. Pour l\u2019organisme de pr\u00eat, cela fera donc de vous une personne \u00e0 risque et les chances qu\u2019il vous octroie un pr\u00eat sont donc faibles\u2026<\/p>\n<p>[\/et_pb_text][\/et_pb_column][et_pb_column type=\u00a0\u00bb1_4&Prime; _builder_version=\u00a0\u00bb4.16&Prime; _module_preset=\u00a0\u00bbdefault\u00a0\u00bb global_colors_info=\u00a0\u00bb{}\u00a0\u00bb][et_pb_text _builder_version=\u00a0\u00bb4.16&Prime; _module_preset=\u00a0\u00bbdefault\u00a0\u00bb text_font=\u00a0\u00bbPoppins|800|||||||\u00a0\u00bb text_text_color=\u00a0\u00bb#0C71C3&Prime; text_font_size=\u00a0\u00bb26px\u00a0\u00bb header_2_font=\u00a0\u00bbPoppins|800|||||||\u00a0\u00bb header_2_text_color=\u00a0\u00bb#0C71C3&Prime; global_colors_info=\u00a0\u00bb{}\u00a0\u00bb]<\/p>\n<h2>Une solution adapt\u00e9e : le pr\u00eat personnel mauvais cr\u00e9dit<\/h2>\n<p>[\/et_pb_text][et_pb_text _builder_version=\u00a0\u00bb4.16&Prime; _module_preset=\u00a0\u00bbdefault\u00a0\u00bb text_font=\u00a0\u00bbPoppins||||||||\u00a0\u00bb global_colors_info=\u00a0\u00bb{}\u00a0\u00bb]<\/p>\n<p>M\u00eame s\u2019il est vrai que beaucoup d\u2019organismes de pr\u00eats effectuent une enqu\u00eate de cr\u00e9dit au moment d\u2019une demande, certains pr\u00eateurs sont plus souples et n\u2019effectuent pas cette enqu\u00eate. En effet, face \u00e0 un besoin d\u2019argent urgent certains pr\u00eateurs peuvent vous octroyer un <a href=\"https:\/\/northstarbrokers.ca\/fr\/prets-sans-enquete-de-credit\/\">pr\u00eat sans enqu\u00eate de cr\u00e9dit<\/a> et donc m\u00eame avec une note de cr\u00e9dit affect\u00e9e par des d\u00e9fauts de remboursements par le pass\u00e9.<\/p>\n<p>Ces pr\u00eateurs estiment que certaines erreurs du pass\u00e9 ne doivent pas influencer votre capacit\u00e9 d\u2019emprunt et ne doivent en aucun cas \u00eatre consid\u00e9r\u00e9es comme un handicap pour pouvoir faire face \u00e0 un besoin d\u2019argent rapide pour payer une facture qui doit se r\u00e9gler rapidement. Gr\u00e2ce \u00e0 un pr\u00eat sans enqu\u00eate, vous pouvez donc repartir du bon pied et traverser une mauvaise passe rapidement et efficacement.<\/p>\n<p>[\/et_pb_text][\/et_pb_column][et_pb_column type=\u00a0\u00bb1_4&Prime; _builder_version=\u00a0\u00bb4.16&Prime; _module_preset=\u00a0\u00bbdefault\u00a0\u00bb global_colors_info=\u00a0\u00bb{}\u00a0\u00bb][et_pb_text _builder_version=\u00a0\u00bb4.16&Prime; _module_preset=\u00a0\u00bbdefault\u00a0\u00bb text_font=\u00a0\u00bbPoppins|800|||||||\u00a0\u00bb text_text_color=\u00a0\u00bb#0C71C3&Prime; text_font_size=\u00a0\u00bb26px\u00a0\u00bb header_2_font=\u00a0\u00bbPoppins|800|||||||\u00a0\u00bb header_2_text_color=\u00a0\u00bb#0C71C3&Prime; global_colors_info=\u00a0\u00bb{}\u00a0\u00bb]<\/p>\n<h2 style=\"text-align: left;\">Simple, rapide et efficace!<\/h2>\n<p>[\/et_pb_text][et_pb_text _builder_version=\u00a0\u00bb4.16&Prime; _module_preset=\u00a0\u00bbdefault\u00a0\u00bb text_font=\u00a0\u00bbPoppins||||||||\u00a0\u00bb global_colors_info=\u00a0\u00bb{}\u00a0\u00bb]<\/p>\n<p>Il est d\u00e9sormais simple\u00a0 d\u2019obtenir un pr\u00eat personnel pour mauvais cr\u00e9dit au Canada. Vous avez juste besoin de contacter une compagnie comme Northstar Brokers, une entreprise de courtage sp\u00e9cialis\u00e9e.<\/p>\n<p>Les d\u00e9marches sont tr\u00e8s simples : il vous suffit de nous envoyer quelques documents. En aucun cas une v\u00e9rification de cr\u00e9dit ne sera effectu\u00e9e.<\/p>\n<p>Nous vous garantissons une r\u00e9ponse dans les 90 minutes apr\u00e8s votre demande en ligne et apr\u00e8s avoir rempli le formulaire. Si vous \u00eates admissible, vous aurez d\u00e8s lors dans les 24h les fonds de votre pr\u00eat sur votre compte bancaire.<\/p>\n<p>[\/et_pb_text][\/et_pb_column][\/et_pb_row][et_pb_row _builder_version=\u00a0\u00bb4.16&Prime; _module_preset=\u00a0\u00bbdefault\u00a0\u00bb locked=\u00a0\u00bboff\u00a0\u00bb global_colors_info=\u00a0\u00bb{}\u00a0\u00bb][et_pb_column type=\u00a0\u00bb4_4&Prime; _builder_version=\u00a0\u00bb4.16&Prime; _module_preset=\u00a0\u00bbdefault\u00a0\u00bb global_colors_info=\u00a0\u00bb{}\u00a0\u00bb][et_pb_text _builder_version=\u00a0\u00bb4.16&Prime; _module_preset=\u00a0\u00bbdefault\u00a0\u00bb global_colors_info=\u00a0\u00bb{}\u00a0\u00bb]<!--Yasr Visitor Votes Shortcode--><div id='yasr_visitor_votes_5c54b4163a9f4' class='yasr-visitor-votes'><div class=\"yasr-custom-text-vv-before yasr-custom-text-vv-before-25538\">Click to rate this post!<\/div><div id='yasr-vv-second-row-container-5c54b4163a9f4'\r\n                                        class='yasr-vv-second-row-container'><div id='yasr-visitor-votes-rater-5c54b4163a9f4'\r\n                                      class='yasr-rater-stars-vv'\r\n                                      data-rater-postid='25538'\r\n                                      data-rating='4'\r\n                                      data-rater-starsize='32'\r\n                                      data-rater-readonly='false'\r\n                                      data-rater-nonce='8f7ffd24bf'\r\n                                      data-issingular='false'\r\n                                    ><\/div><div class=\"yasr-vv-stats-text-container\" id=\"yasr-vv-stats-text-container-5c54b4163a9f4\"><svg xmlns=\"https:\/\/www.w3.org\/2000\/svg\" width=\"20\" height=\"20\"\r\n                                   class=\"yasr-dashicons-visitor-stats\"\r\n                                   data-postid=\"25538\"\r\n                                   id=\"yasr-stats-dashicon-5c54b4163a9f4\">\r\n                                   <path d=\"M18 18v-16h-4v16h4zM12 18v-11h-4v11h4zM6 18v-8h-4v8h4z\"><\/path>\r\n                               <\/svg><span id=\"yasr-vv-text-container-5c54b4163a9f4\" class=\"yasr-vv-text-container\">[Total: <span id=\"yasr-vv-votes-number-container-5c54b4163a9f4\">9<\/span>  Average: <span id=\"yasr-vv-average-container-5c54b4163a9f4\">4<\/span>]<\/span><\/div><div id='yasr-vv-loader-5c54b4163a9f4' class='yasr-vv-container-loader'><\/div><\/div><div id='yasr-vv-bottom-container-5c54b4163a9f4' class='yasr-vv-bottom-container'><\/div><\/div><!--End Yasr Visitor Votes Shortcode-->[\/et_pb_text][\/et_pb_column][\/et_pb_row][\/et_pb_section]<\/p>\n<div style='text-align:center' class='yasr-auto-insert-visitor'><!--Yasr Visitor Votes Shortcode--><div id='yasr_visitor_votes_5f64c5912f3be' class='yasr-visitor-votes'><div class=\"yasr-custom-text-vv-before yasr-custom-text-vv-before-25538\">Click to rate this post!<\/div><div id='yasr-vv-second-row-container-5f64c5912f3be'\r\n                                        class='yasr-vv-second-row-container'><div id='yasr-visitor-votes-rater-5f64c5912f3be'\r\n                                      class='yasr-rater-stars-vv'\r\n                                      data-rater-postid='25538'\r\n                                      data-rating='4'\r\n                                      data-rater-starsize='32'\r\n                                      data-rater-readonly='false'\r\n                                      data-rater-nonce='8f7ffd24bf'\r\n                                      data-issingular='false'\r\n                                    ><\/div><div class=\"yasr-vv-stats-text-container\" id=\"yasr-vv-stats-text-container-5f64c5912f3be\"><svg xmlns=\"https:\/\/www.w3.org\/2000\/svg\" width=\"20\" height=\"20\"\r\n                                   class=\"yasr-dashicons-visitor-stats\"\r\n                                   data-postid=\"25538\"\r\n                                   id=\"yasr-stats-dashicon-5f64c5912f3be\">\r\n                                   <path d=\"M18 18v-16h-4v16h4zM12 18v-11h-4v11h4zM6 18v-8h-4v8h4z\"><\/path>\r\n                               <\/svg><span id=\"yasr-vv-text-container-5f64c5912f3be\" class=\"yasr-vv-text-container\">[Total: <span id=\"yasr-vv-votes-number-container-5f64c5912f3be\">9<\/span>  Average: <span id=\"yasr-vv-average-container-5f64c5912f3be\">4<\/span>]<\/span><\/div><div id='yasr-vv-loader-5f64c5912f3be' class='yasr-vv-container-loader'><\/div><\/div><div id='yasr-vv-bottom-container-5f64c5912f3be' class='yasr-vv-bottom-container'><\/div><\/div><!--End Yasr Visitor Votes Shortcode--><\/div>","protected":false},"excerpt":{"rendered":"<p>Pr\u00eat personnel avec mauvais cr\u00e9ditComment est-ce possible de recevoir un pr\u00eat personnel avec un mauvais cr\u00e9dit?Lorsque vous tentez d\u2019obtenir un pr\u00eat personnel, l\u2019organisme qui va vous octroyer le pr\u00eat va consulter votre solvabilit\u00e9. La solvabilit\u00e9 est donc un \u00e9l\u00e9ment essentiel dans la prise d\u00e9cision de ses organismes de pr\u00eats. Pour les \u00e9tablissements de cr\u00e9dit ou [&hellip;]<\/p>\n","protected":false},"author":11,"featured_media":0,"parent":0,"menu_order":0,"comment_status":"closed","ping_status":"closed","template":"","meta":{"_et_pb_use_builder":"on","_et_pb_old_content":"","_et_gb_content_width":"","yasr_overall_rating":0,"yasr_post_is_review":"","yasr_auto_insert_disabled":"","yasr_review_type":"","footnotes":""},"class_list":["post-25538","page","type-page","status-publish","hentry"],"yasr_visitor_votes":{"stars_attributes":{"read_only":false,"span_bottom":false},"number_of_votes":9,"sum_votes":36},"_links":{"self":[{"href":"https:\/\/northstarbrokers.ca\/fr\/wp-json\/wp\/v2\/pages\/25538"}],"collection":[{"href":"https:\/\/northstarbrokers.ca\/fr\/wp-json\/wp\/v2\/pages"}],"about":[{"href":"https:\/\/northstarbrokers.ca\/fr\/wp-json\/wp\/v2\/types\/page"}],"author":[{"embeddable":true,"href":"https:\/\/northstarbrokers.ca\/fr\/wp-json\/wp\/v2\/users\/11"}],"replies":[{"embeddable":true,"href":"https:\/\/northstarbrokers.ca\/fr\/wp-json\/wp\/v2\/comments?post=25538"}],"version-history":[{"count":0,"href":"https:\/\/northstarbrokers.ca\/fr\/wp-json\/wp\/v2\/pages\/25538\/revisions"}],"wp:attachment":[{"href":"https:\/\/northstarbrokers.ca\/fr\/wp-json\/wp\/v2\/media?parent=25538"}],"curies":[{"name":"wp","href":"https:\/\/api.w.org\/{rel}","templated":true}]}}