{"id":25533,"date":"2021-01-25T21:38:55","date_gmt":"2021-01-25T21:38:55","guid":{"rendered":"http:\/\/dev.northstarbrokers.ca\/pret-sur-salaire\/"},"modified":"2021-03-05T12:33:12","modified_gmt":"2021-03-05T12:33:12","slug":"pret-sur-salaire","status":"publish","type":"page","link":"https:\/\/northstarbrokers.ca\/fr\/pret-sur-salaire\/","title":{"rendered":"Pret sur salaire"},"content":{"rendered":"<p>[et_pb_section fb_built=\u00a0\u00bb1&Prime; _builder_version=\u00a0\u00bb4.8.1&Prime; _module_preset=\u00a0\u00bbdefault\u00a0\u00bb background_image=\u00a0\u00bbhttps:\/\/northstarbrokers.ca\/wp-content\/uploads\/2021\/01\/bills.jpg\u00a0\u00bb custom_padding=\u00a0\u00bb150px||150px||true|false\u00a0\u00bb][et_pb_row column_structure=\u00a0\u00bb3_5,2_5&Prime; _builder_version=\u00a0\u00bb4.8.1&Prime; _module_preset=\u00a0\u00bbdefault\u00a0\u00bb][et_pb_column type=\u00a0\u00bb3_5&Prime; _builder_version=\u00a0\u00bb4.8.1&Prime; _module_preset=\u00a0\u00bbdefault\u00a0\u00bb][et_pb_text _builder_version=\u00a0\u00bb4.8.1&Prime; _module_preset=\u00a0\u00bbdefault\u00a0\u00bb header_font=\u00a0\u00bbPoppins|600|||||||\u00a0\u00bb header_text_color=\u00a0\u00bb#FFFFFF\u00a0\u00bb header_font_size=\u00a0\u00bb34px\u00a0\u00bb header_text_shadow_style=\u00a0\u00bbpreset3&Prime; header_text_shadow_color=\u00a0\u00bb#000000&Prime;]<\/p>\n<h1>Pr\u00eat sur salaire en ligne et partout au Canada<\/h1>\n<p>[\/et_pb_text][\/et_pb_column][et_pb_column type=\u00a0\u00bb2_5&Prime; _builder_version=\u00a0\u00bb4.8.1&Prime; _module_preset=\u00a0\u00bbdefault\u00a0\u00bb][\/et_pb_column][\/et_pb_row][\/et_pb_section][et_pb_section fb_built=\u00a0\u00bb1&Prime; _builder_version=\u00a0\u00bb4.8.1&Prime; _module_preset=\u00a0\u00bbdefault\u00a0\u00bb][et_pb_row column_structure=\u00a0\u00bb1_2,1_2&Prime; _builder_version=\u00a0\u00bb4.8.1&Prime; _module_preset=\u00a0\u00bbdefault\u00a0\u00bb][et_pb_column type=\u00a0\u00bb1_2&Prime; _builder_version=\u00a0\u00bb4.8.1&Prime; _module_preset=\u00a0\u00bbdefault\u00a0\u00bb][et_pb_text _builder_version=\u00a0\u00bb4.8.1&Prime; text_font=\u00a0\u00bbRoboto|300|||||||\u00a0\u00bb text_text_color=\u00a0\u00bb#000000&Prime; text_font_size=\u00a0\u00bb18px\u00a0\u00bb text_line_height=\u00a0\u00bb1.8em\u00a0\u00bb header_font=\u00a0\u00bbNunito Sans|700|||||||\u00a0\u00bb header_text_color=\u00a0\u00bb#297FCA\u00a0\u00bb header_line_height=\u00a0\u00bb1.3em\u00a0\u00bb custom_margin=\u00a0\u00bb||||false|false\u00a0\u00bb]Vous avez besoin d\u2019argent rapidement pour couvrir une d\u00e9pense urgente comme la r\u00e9paration d\u2019une voiture ou le retard sur une carte de cr\u00e9dit? Le pr\u00eat sur salaire est la solution \u00e0 vos besoins. Remplissez votre demande en ligne et vous recevrez votre argent dans les meilleurs d\u00e9lais. Nous acceptons des demandes de pr\u00eats pour des montants allant de 300 \u00e0 3000$[\/et_pb_text][et_pb_button button_url=\u00a0\u00bbhttps:\/\/northstarbrokers.ca\/fr\/demande-en-ligne\/\u00a0\u00bb button_text=\u00a0\u00bbPostuler Maintenant!\u00a0\u00bb button_alignment=\u00a0\u00bbleft\u00a0\u00bb _builder_version=\u00a0\u00bb4.8.1&Prime; _module_preset=\u00a0\u00bbdefault\u00a0\u00bb custom_button=\u00a0\u00bbon\u00a0\u00bb button_text_size=\u00a0\u00bb19px\u00a0\u00bb button_text_color=\u00a0\u00bb#FFFFFF\u00a0\u00bb button_bg_color=\u00a0\u00bb#0C71C3&Prime; button_border_width=\u00a0\u00bb0px\u00a0\u00bb button_border_color=\u00a0\u00bb#5C81F3&Prime; button_border_radius=\u00a0\u00bb100px\u00a0\u00bb button_font=\u00a0\u00bbDM Sans||||||||\u00a0\u00bb button_use_icon=\u00a0\u00bboff\u00a0\u00bb custom_margin=\u00a0\u00bb40px||||false|false\u00a0\u00bb custom_padding=\u00a0\u00bb9px|40px|8px|40px|false|true\u00a0\u00bb locked=\u00a0\u00bboff\u00a0\u00bb button_text_color__hover_enabled=\u00a0\u00bbon|hover\u00a0\u00bb button_text_color__hover=\u00a0\u00bb#ffffff\u00a0\u00bb button_bg_color__hover_enabled=\u00a0\u00bbon|desktop\u00a0\u00bb button_bg_color__hover=\u00a0\u00bb#5fd58c\u00a0\u00bb button_bg_enable_color__hover=\u00a0\u00bbon\u00a0\u00bb button_border_color__hover_enabled=\u00a0\u00bbon|hover\u00a0\u00bb button_border_color__hover=\u00a0\u00bb#5fd58c\u00a0\u00bb button_letter_spacing__hover_enabled=\u00a0\u00bbon|hover\u00a0\u00bb button_letter_spacing__hover=\u00a0\u00bb0px\u00a0\u00bb][\/et_pb_button][\/et_pb_column][et_pb_column type=\u00a0\u00bb1_2&Prime; _builder_version=\u00a0\u00bb4.8.1&Prime; _module_preset=\u00a0\u00bbdefault\u00a0\u00bb][et_pb_text _builder_version=\u00a0\u00bb4.8.1&Prime; text_font=\u00a0\u00bbPoppins|700|||||||\u00a0\u00bb text_text_color=\u00a0\u00bb#000000&Prime; text_font_size=\u00a0\u00bb26px\u00a0\u00bb text_line_height=\u00a0\u00bb1.1em\u00a0\u00bb header_font=\u00a0\u00bbPoppins|800|||||||\u00a0\u00bb header_text_color=\u00a0\u00bb#000000&Prime; header_line_height=\u00a0\u00bb1.3em\u00a0\u00bb header_3_font=\u00a0\u00bbPoppins|700|||||||\u00a0\u00bb header_font_size_tablet=\u00a0\u00bb\u00a0\u00bb header_font_size_phone=\u00a0\u00bb25px\u00a0\u00bb header_font_size_last_edited=\u00a0\u00bbon|desktop\u00a0\u00bb]<\/p>\n<h3>Qu\u2019est-ce qu\u2019un pr\u00eat sur salaire?<\/h3>\n<p>[\/et_pb_text][et_pb_text _builder_version=\u00a0\u00bb4.8.1&Prime; _module_preset=\u00a0\u00bbdefault\u00a0\u00bb text_font=\u00a0\u00bbPoppins||||||||\u00a0\u00bb header_3_font=\u00a0\u00bbRoboto||||||||\u00a0\u00bb header_3_font_size=\u00a0\u00bb18px\u00a0\u00bb]Le pr\u00eat sur salaire est un type de pr\u00eat qui permet de couvrir des d\u00e9penses urgentes. Elle vous permet d\u2019avoir acc\u00e8s \u00e0 de l\u2019argent tr\u00e8s rapidement. Cependant, il ne s\u2019agit pas d\u2019une solution \u00e0 long terme, car les taux d\u2019int\u00e9r\u00eat sont beaucoup plus \u00e9lev\u00e9s.[\/et_pb_text][\/et_pb_column][\/et_pb_row][\/et_pb_section][et_pb_section fb_built=\u00a0\u00bb1&Prime; _builder_version=\u00a0\u00bb4.8.1&Prime; _module_preset=\u00a0\u00bbdefault\u00a0\u00bb background_color=\u00a0\u00bb#f7f7f7&Prime;][et_pb_row column_structure=\u00a0\u00bb1_3,1_3,1_3&Prime; _builder_version=\u00a0\u00bb4.8.1&Prime; _module_preset=\u00a0\u00bbdefault\u00a0\u00bb][et_pb_column type=\u00a0\u00bb1_3&Prime; _builder_version=\u00a0\u00bb4.8.1&Prime; _module_preset=\u00a0\u00bbdefault\u00a0\u00bb][et_pb_text _builder_version=\u00a0\u00bb4.8.1&Prime; _module_preset=\u00a0\u00bbdefault\u00a0\u00bb text_font=\u00a0\u00bbPoppins|800|||||||\u00a0\u00bb text_text_color=\u00a0\u00bb#0C71C3&Prime; text_font_size=\u00a0\u00bb26px\u00a0\u00bb header_2_font=\u00a0\u00bbPoppins|800|||||||\u00a0\u00bb header_2_text_color=\u00a0\u00bb#0C71C3&Prime;]<\/p>\n<h2>Obtenez un pr\u00eat sur salaire gr\u00e2ce \u00e0 Northstar Brokers<\/h2>\n<p>[\/et_pb_text][et_pb_text _builder_version=\u00a0\u00bb4.8.1&Prime; _module_preset=\u00a0\u00bbdefault\u00a0\u00bb text_font=\u00a0\u00bbPoppins||||||||\u00a0\u00bb header_3_font=\u00a0\u00bbPoppins|700|||||||\u00a0\u00bb header_3_text_color=\u00a0\u00bb#0C71C3&Prime;]Northstar Brokers aide les gens avec leurs probl\u00e8mes financiers en leur offrant de l\u2019argent rapidement lorsqu\u2019ils en ont le plus besoin. Que ce soit pour une avance de fonds, un pr\u00eat sur salaire ou un pr\u00eat sans enqu\u00eate de cr\u00e9dit, nous avons la solution pour vous.[\/et_pb_text][\/et_pb_column][et_pb_column type=\u00a0\u00bb1_3&Prime; _builder_version=\u00a0\u00bb4.8.1&Prime; _module_preset=\u00a0\u00bbdefault\u00a0\u00bb][et_pb_text _builder_version=\u00a0\u00bb4.8.1&Prime; _module_preset=\u00a0\u00bbdefault\u00a0\u00bb text_font=\u00a0\u00bbPoppins|800|||||||\u00a0\u00bb text_text_color=\u00a0\u00bb#0C71C3&Prime; text_font_size=\u00a0\u00bb26px\u00a0\u00bb header_2_font=\u00a0\u00bbPoppins|800|||||||\u00a0\u00bb header_2_text_color=\u00a0\u00bb#0C71C3&Prime;]<\/p>\n<h2>Comment faire sa demande?<\/h2>\n<p>[\/et_pb_text][et_pb_text _builder_version=\u00a0\u00bb4.8.1&Prime; _module_preset=\u00a0\u00bbdefault\u00a0\u00bb text_font=\u00a0\u00bbPoppins||||||||\u00a0\u00bb]<\/p>\n<p>Pour faire une demande de pr\u00eat sur salaire, vous n\u2019avez qu\u2019\u00e0 prendre quelques minutes pour remplir un formulaire en ligne. Vous devrez \u00e9galement d\u00e9montrer que vous occupez un emploi \u00e0 temps plein et que vous r\u00e9sidez \u00e0 la m\u00eame adresse depuis au moins 6 mois. Pour ce faire vous devez remettre certains documents:<\/p>\n<ul>\n<li aria-level=\"1\">Deux pi\u00e8ces d\u2019identit\u00e9 avec photo;<\/li>\n<li aria-level=\"1\">Une preuve de votre num\u00e9ro d\u2019assurance sociale;<\/li>\n<li aria-level=\"1\">Une preuve d\u2019adresse;<\/li>\n<li aria-level=\"1\">Les 90 derniers jours de votre relev\u00e9 bancaire;<\/li>\n<li aria-level=\"1\">Vos deux derniers talons de paie.<\/li>\n<\/ul>\n<p>[\/et_pb_text][\/et_pb_column][et_pb_column type=\u00a0\u00bb1_3&Prime; _builder_version=\u00a0\u00bb4.8.1&Prime; _module_preset=\u00a0\u00bbdefault\u00a0\u00bb][et_pb_text _builder_version=\u00a0\u00bb4.8.1&Prime; _module_preset=\u00a0\u00bbdefault\u00a0\u00bb text_font=\u00a0\u00bbPoppins|800|||||||\u00a0\u00bb text_text_color=\u00a0\u00bb#0C71C3&Prime; text_font_size=\u00a0\u00bb26px\u00a0\u00bb header_2_font=\u00a0\u00bbPoppins|800|||||||\u00a0\u00bb header_2_text_color=\u00a0\u00bb#0C71C3&Prime;]<\/p>\n<h2 style=\"text-align: left;\">Comment rembourser son pr\u00eat sur salaire?<\/h2>\n<p>[\/et_pb_text][et_pb_text _builder_version=\u00a0\u00bb4.8.1&Prime; _module_preset=\u00a0\u00bbdefault\u00a0\u00bb text_font=\u00a0\u00bbPoppins||||||||\u00a0\u00bb]Vous commencerez \u00e0 rembourser votre contrat de pr\u00eat d\u00e8s que vous recevrez votre prochaine paie. La p\u00e9riode d\u2019amortissement est de 2 ans au maximum. Les frais de financement sont de 12$ par tranche de 100$ de pr\u00eat.<\/p>\n<p>Vous pouvez choisir de ne payer que des frais de financement lors de la paie qui suit la demande de pr\u00eat. Vous pouvez \u00e9galement choisir de rembourser du capital d\u00e8s les premi\u00e8res semaines pour le diminuer. Finalement, la troisi\u00e8me option est de rembourser la totalit\u00e9 de votre pr\u00eat.[\/et_pb_text][\/et_pb_column][\/et_pb_row][\/et_pb_section][et_pb_section fb_built=\u00a0\u00bb1&Prime; _builder_version=\u00a0\u00bb4.8.1&Prime; _module_preset=\u00a0\u00bbdefault\u00a0\u00bb][et_pb_row _builder_version=\u00a0\u00bb4.8.1&Prime; _module_preset=\u00a0\u00bbdefault\u00a0\u00bb][et_pb_column type=\u00a0\u00bb4_4&Prime; _builder_version=\u00a0\u00bb4.8.1&Prime; _module_preset=\u00a0\u00bbdefault\u00a0\u00bb][et_pb_text _builder_version=\u00a0\u00bb4.9.0&Prime; _module_preset=\u00a0\u00bbdefault\u00a0\u00bb text_font=\u00a0\u00bbPoppins|800|||||||\u00a0\u00bb text_text_color=\u00a0\u00bb#0C71C3&Prime; text_font_size=\u00a0\u00bb26px\u00a0\u00bb header_2_font=\u00a0\u00bbPoppins|800|||||||\u00a0\u00bb header_2_text_color=\u00a0\u00bb#0C71C3&Prime; hover_enabled=\u00a0\u00bb0&Prime; sticky_enabled=\u00a0\u00bb0&Prime;]<\/p>\n<h2>Quels sont les avantages d\u2019un pr\u00eat sur salaire<\/h2>\n<p>[\/et_pb_text][et_pb_text _builder_version=\u00a0\u00bb4.8.1&Prime; _module_preset=\u00a0\u00bbdefault\u00a0\u00bb text_font=\u00a0\u00bbPoppins||||||||\u00a0\u00bb]Lorsque vous contractez un pr\u00eat aupr\u00e8s d\u2019une institution financi\u00e8re, ces derni\u00e8res vont prendre le temps de faire une enqu\u00eate de cr\u00e9dit. Cela peut prendre un certain temps qui peut durer de une \u00e0 deux semaines, ce qui n\u2019est pas id\u00e9al si vous avez besoin d\u2019argent le plus rapidement possible. De plus, une mauvaise cote de cr\u00e9dit \u00e0 votre dossier peut \u00e9galement nuire grandement \u00e0 vos chances d\u2019obtenir le pr\u00eat que vous d\u00e9sirez.<\/p>\n<p>Lorsque vous contractez un pr\u00eat \u00e0 court terme, vous n\u2019avez pas \u00e0 faire l\u2019objet d\u2019une enqu\u00eate de cr\u00e9dit. Les pr\u00eateurs sur salaire se basent sur d\u2019autres crit\u00e8res que la cote de cr\u00e9dit pour octroyer une somme d\u2019argent. Votre cote de cr\u00e9dit ne vous emp\u00eachera pas d\u2019avoir acc\u00e8s \u00e0 l\u2019argent dont vous avez besoin. De plus, vous aurez tr\u00e8s peu de documents \u00e0 remettre.<\/p>\n<p>Cela vous permet d\u2019\u00e9conomiser du temps. Lorsque vous aurez termin\u00e9 de compl\u00e9ter votre demande, votre argent sera d\u00e9pos\u00e9 directement dans votre compte bancaire dans un d\u00e9lai de 24 heures.[\/et_pb_text][\/et_pb_column][\/et_pb_row][et_pb_row _builder_version=\u00a0\u00bb4.8.1&Prime; _module_preset=\u00a0\u00bbdefault\u00a0\u00bb locked=\u00a0\u00bboff\u00a0\u00bb][et_pb_column type=\u00a0\u00bb4_4&Prime; _builder_version=\u00a0\u00bb4.8.1&Prime; _module_preset=\u00a0\u00bbdefault\u00a0\u00bb][et_pb_text _builder_version=\u00a0\u00bb4.8.1&Prime; _module_preset=\u00a0\u00bbdefault\u00a0\u00bb]<!--Yasr Visitor Votes Shortcode--><div id='yasr_visitor_votes_a3e4e6d0896b9' class='yasr-visitor-votes'><div class=\"yasr-custom-text-vv-before yasr-custom-text-vv-before-25533\">Click to rate this post!<\/div><div id='yasr-vv-second-row-container-a3e4e6d0896b9'\r\n                                        class='yasr-vv-second-row-container'><div id='yasr-visitor-votes-rater-a3e4e6d0896b9'\r\n                                      class='yasr-rater-stars-vv'\r\n                                      data-rater-postid='25533'\r\n                                      data-rating='4.5'\r\n                                      data-rater-starsize='32'\r\n                                      data-rater-readonly='false'\r\n                                      data-rater-nonce='1e007fcce7'\r\n                                      data-issingular='false'\r\n                                    ><\/div><div class=\"yasr-vv-stats-text-container\" id=\"yasr-vv-stats-text-container-a3e4e6d0896b9\"><svg xmlns=\"https:\/\/www.w3.org\/2000\/svg\" width=\"20\" height=\"20\"\r\n                                   class=\"yasr-dashicons-visitor-stats\"\r\n                                   data-postid=\"25533\"\r\n                                   id=\"yasr-stats-dashicon-a3e4e6d0896b9\">\r\n                                   <path d=\"M18 18v-16h-4v16h4zM12 18v-11h-4v11h4zM6 18v-8h-4v8h4z\"><\/path>\r\n                               <\/svg><span id=\"yasr-vv-text-container-a3e4e6d0896b9\" class=\"yasr-vv-text-container\">[Total: <span id=\"yasr-vv-votes-number-container-a3e4e6d0896b9\">2<\/span>  Average: <span id=\"yasr-vv-average-container-a3e4e6d0896b9\">4.5<\/span>]<\/span><\/div><div id='yasr-vv-loader-a3e4e6d0896b9' class='yasr-vv-container-loader'><\/div><\/div><div id='yasr-vv-bottom-container-a3e4e6d0896b9' class='yasr-vv-bottom-container'><\/div><\/div><!--End Yasr Visitor Votes Shortcode-->[\/et_pb_text][\/et_pb_column][\/et_pb_row][\/et_pb_section]<\/p>\n<div style='text-align:center' class='yasr-auto-insert-visitor'><!--Yasr Visitor Votes Shortcode--><div id='yasr_visitor_votes_193a97de0a6e3' class='yasr-visitor-votes'><div class=\"yasr-custom-text-vv-before yasr-custom-text-vv-before-25533\">Click to rate this post!<\/div><div id='yasr-vv-second-row-container-193a97de0a6e3'\r\n                                        class='yasr-vv-second-row-container'><div id='yasr-visitor-votes-rater-193a97de0a6e3'\r\n                                      class='yasr-rater-stars-vv'\r\n                                      data-rater-postid='25533'\r\n                                      data-rating='4.5'\r\n                                      data-rater-starsize='32'\r\n                                      data-rater-readonly='false'\r\n                                      data-rater-nonce='1e007fcce7'\r\n                                      data-issingular='false'\r\n                                    ><\/div><div class=\"yasr-vv-stats-text-container\" id=\"yasr-vv-stats-text-container-193a97de0a6e3\"><svg xmlns=\"https:\/\/www.w3.org\/2000\/svg\" width=\"20\" height=\"20\"\r\n                                   class=\"yasr-dashicons-visitor-stats\"\r\n                                   data-postid=\"25533\"\r\n                                   id=\"yasr-stats-dashicon-193a97de0a6e3\">\r\n                                   <path d=\"M18 18v-16h-4v16h4zM12 18v-11h-4v11h4zM6 18v-8h-4v8h4z\"><\/path>\r\n                               <\/svg><span id=\"yasr-vv-text-container-193a97de0a6e3\" class=\"yasr-vv-text-container\">[Total: <span id=\"yasr-vv-votes-number-container-193a97de0a6e3\">2<\/span>  Average: <span id=\"yasr-vv-average-container-193a97de0a6e3\">4.5<\/span>]<\/span><\/div><div id='yasr-vv-loader-193a97de0a6e3' class='yasr-vv-container-loader'><\/div><\/div><div id='yasr-vv-bottom-container-193a97de0a6e3' class='yasr-vv-bottom-container'><\/div><\/div><!--End Yasr Visitor Votes Shortcode--><\/div>","protected":false},"excerpt":{"rendered":"<p>Pr\u00eat sur salaire en ligne et partout au CanadaVous avez besoin d\u2019argent rapidement pour couvrir une d\u00e9pense urgente comme la r\u00e9paration d\u2019une voiture ou le retard sur une carte de cr\u00e9dit? Le pr\u00eat sur salaire est la solution \u00e0 vos besoins. Remplissez votre demande en ligne et vous recevrez votre argent dans les meilleurs d\u00e9lais. [&hellip;]<\/p>\n","protected":false},"author":11,"featured_media":0,"parent":0,"menu_order":0,"comment_status":"closed","ping_status":"closed","template":"","meta":{"_et_pb_use_builder":"on","_et_pb_old_content":"","_et_gb_content_width":"","yasr_overall_rating":0,"yasr_post_is_review":"","yasr_auto_insert_disabled":"","yasr_review_type":"","footnotes":""},"class_list":["post-25533","page","type-page","status-publish","hentry"],"yasr_visitor_votes":{"stars_attributes":{"read_only":false,"span_bottom":false},"number_of_votes":2,"sum_votes":9},"_links":{"self":[{"href":"https:\/\/northstarbrokers.ca\/fr\/wp-json\/wp\/v2\/pages\/25533"}],"collection":[{"href":"https:\/\/northstarbrokers.ca\/fr\/wp-json\/wp\/v2\/pages"}],"about":[{"href":"https:\/\/northstarbrokers.ca\/fr\/wp-json\/wp\/v2\/types\/page"}],"author":[{"embeddable":true,"href":"https:\/\/northstarbrokers.ca\/fr\/wp-json\/wp\/v2\/users\/11"}],"replies":[{"embeddable":true,"href":"https:\/\/northstarbrokers.ca\/fr\/wp-json\/wp\/v2\/comments?post=25533"}],"version-history":[{"count":0,"href":"https:\/\/northstarbrokers.ca\/fr\/wp-json\/wp\/v2\/pages\/25533\/revisions"}],"wp:attachment":[{"href":"https:\/\/northstarbrokers.ca\/fr\/wp-json\/wp\/v2\/media?parent=25533"}],"curies":[{"name":"wp","href":"https:\/\/api.w.org\/{rel}","templated":true}]}}