{"id":25525,"date":"2021-01-25T19:47:06","date_gmt":"2021-01-25T19:47:06","guid":{"rendered":"http:\/\/dev.northstarbrokers.ca\/informations-importantes\/"},"modified":"2021-01-28T14:20:34","modified_gmt":"2021-01-28T14:20:34","slug":"informations-importantes","status":"publish","type":"page","link":"https:\/\/northstarbrokers.ca\/fr\/informations-importantes\/","title":{"rendered":"Informations importantes"},"content":{"rendered":"\n[et_pb_section fb_built=\u00a0\u00bb1&Prime; _builder_version=\u00a0\u00bb4.8.1&Prime; _module_preset=\u00a0\u00bbdefault\u00a0\u00bb background_image=\u00a0\u00bbhttps:\/\/northstarbrokers.ca\/wp-content\/uploads\/2021\/01\/important-det.jpg\u00a0\u00bb background_position=\u00a0\u00bbtop_center\u00a0\u00bb custom_padding=\u00a0\u00bb150px||150px||true|false\u00a0\u00bb][et_pb_row column_structure=\u00a0\u00bb1_2,1_2&Prime; _builder_version=\u00a0\u00bb4.8.1&Prime; _module_preset=\u00a0\u00bbdefault\u00a0\u00bb][et_pb_column type=\u00a0\u00bb1_2&Prime; _builder_version=\u00a0\u00bb4.8.1&Prime; _module_preset=\u00a0\u00bbdefault\u00a0\u00bb][et_pb_text _builder_version=\u00a0\u00bb4.8.1&Prime; _module_preset=\u00a0\u00bbdefault\u00a0\u00bb header_font=\u00a0\u00bbPoppins|600|||||||\u00a0\u00bb header_text_color=\u00a0\u00bb#000000&Prime; header_font_size=\u00a0\u00bb34px\u00a0\u00bb header_line_height=\u00a0\u00bb1.2em\u00a0\u00bb header_text_shadow_style=\u00a0\u00bbpreset3&Prime; header_text_shadow_blur_strength=\u00a0\u00bb0.33em\u00a0\u00bb header_text_shadow_color=\u00a0\u00bb#FFFFFF\u00a0\u00bb]<h1>Informations importantes<\/h1>[\/et_pb_text][\/et_pb_column][et_pb_column type=\u00a0\u00bb1_2&Prime; _builder_version=\u00a0\u00bb4.8.1&Prime; _module_preset=\u00a0\u00bbdefault\u00a0\u00bb][\/et_pb_column][\/et_pb_row][\/et_pb_section][et_pb_section fb_built=\u00a0\u00bb1&Prime; _builder_version=\u00a0\u00bb4.8.1&Prime; _module_preset=\u00a0\u00bbdefault\u00a0\u00bb][et_pb_row column_structure=\u00a0\u00bb2_3,1_3&Prime; _builder_version=\u00a0\u00bb4.8.1&Prime; _module_preset=\u00a0\u00bbdefault\u00a0\u00bb][et_pb_column type=\u00a0\u00bb2_3&Prime; _builder_version=\u00a0\u00bb4.8.1&Prime; _module_preset=\u00a0\u00bbdefault\u00a0\u00bb][et_pb_text _builder_version=\u00a0\u00bb4.8.1&Prime; text_font=\u00a0\u00bbPoppins|700|||||||\u00a0\u00bb text_text_color=\u00a0\u00bb#000000&Prime; text_font_size=\u00a0\u00bb26px\u00a0\u00bb text_line_height=\u00a0\u00bb1.1em\u00a0\u00bb header_font=\u00a0\u00bbPoppins|700|||||||\u00a0\u00bb header_text_color=\u00a0\u00bb#000000&Prime; header_line_height=\u00a0\u00bb1.3em\u00a0\u00bb header_2_font=\u00a0\u00bbPoppins|700|||||||\u00a0\u00bb header_font_size_tablet=\u00a0\u00bb\u00a0\u00bb header_font_size_phone=\u00a0\u00bb25px\u00a0\u00bb header_font_size_last_edited=\u00a0\u00bbon|desktop\u00a0\u00bb]<h2>Politique de pr\u00eats responsables<\/h2>[\/et_pb_text][et_pb_text _builder_version=\u00a0\u00bb4.8.1&Prime; _module_preset=\u00a0\u00bbdefault\u00a0\u00bb text_font=\u00a0\u00bbPoppins||||||||\u00a0\u00bb hover_enabled=\u00a0\u00bb0&Prime; sticky_enabled=\u00a0\u00bb0&Prime;]<p>Votre demande de pr\u00eat sur notre site fera l\u2019objet d\u2019un processus d\u2019analyse et de s\u00e9lection. Nous voulons ainsi nous assurer que le montant de votre emprunt correspond \u00e0 votre capacit\u00e9 de payer.<\/p>\n<p>Cela inclut entre autres:<\/p>\n<ul>\n<li>S\u2019assurer que votre revenu convient \u00e0 nos crit\u00e8res;<\/li>\n<li>S\u2019assurer aupr\u00e8s de votre institution financi\u00e8re que vous n\u2019avez pas trop de factures non pay\u00e9es<\/li>\n<li>D\u00e9terminer si vous serez capable de rembourser le montant de votre emprunt.<\/li>\n<\/ul>\n<p>Si votre demande respecte tous nos crit\u00e8res, celle-ci sera ACCEPT\u00c9E.<\/p>\n[\/et_pb_text][et_pb_text _builder_version=\u00a0\u00bb4.8.1&Prime; text_font=\u00a0\u00bbPoppins|700|||||||\u00a0\u00bb text_text_color=\u00a0\u00bb#000000&Prime; text_font_size=\u00a0\u00bb26px\u00a0\u00bb text_line_height=\u00a0\u00bb1.1em\u00a0\u00bb header_font=\u00a0\u00bbPoppins|700|||||||\u00a0\u00bb header_text_color=\u00a0\u00bb#000000&Prime; header_line_height=\u00a0\u00bb1.3em\u00a0\u00bb header_2_font=\u00a0\u00bbPoppins|700|||||||\u00a0\u00bb header_font_size_tablet=\u00a0\u00bb\u00a0\u00bb header_font_size_phone=\u00a0\u00bb25px\u00a0\u00bb header_font_size_last_edited=\u00a0\u00bbon|desktop\u00a0\u00bb]<h2>Recouvrement responsable<\/h2>[\/et_pb_text][et_pb_text _builder_version=\u00a0\u00bb4.8.1&Prime; _module_preset=\u00a0\u00bbdefault\u00a0\u00bb text_font=\u00a0\u00bbPoppins||||||||\u00a0\u00bb hover_enabled=\u00a0\u00bb0&Prime; sticky_enabled=\u00a0\u00bb0&Prime;]<p>Northstars Brokers utilise des pratiques de recouvrement responsable et conforme aux dispositions l\u00e9gales au Canada. Si vous avez pour une raison ou pour une autre, de la difficult\u00e9 \u00e0 rembourser votre pr\u00eat, nos employ\u00e9s n\u00e9gocieront avec vous une entente qui respecte votre capacit\u00e9 de payer. Si vous ne payez pas vos versements dans les d\u00e9lais prescrits, vos int\u00e9r\u00eats pourraient augmenter. La responsabilit\u00e9 des frais judiciaires due au recouvrement de votre solde vous incombe.<\/p>[\/et_pb_text][et_pb_text _builder_version=\u00a0\u00bb4.8.1&Prime; text_font=\u00a0\u00bbPoppins|700|||||||\u00a0\u00bb text_text_color=\u00a0\u00bb#000000&Prime; text_font_size=\u00a0\u00bb26px\u00a0\u00bb text_line_height=\u00a0\u00bb1.1em\u00a0\u00bb header_font=\u00a0\u00bbPoppins|700|||||||\u00a0\u00bb header_text_color=\u00a0\u00bb#000000&Prime; header_line_height=\u00a0\u00bb1.3em\u00a0\u00bb header_2_font=\u00a0\u00bbPoppins|700|||||||\u00a0\u00bb header_font_size_tablet=\u00a0\u00bb\u00a0\u00bb header_font_size_phone=\u00a0\u00bb25px\u00a0\u00bb header_font_size_last_edited=\u00a0\u00bbon|desktop\u00a0\u00bb]<h2>Paiements manqu\u00e9s et pointage de cr\u00e9dit<\/h2>[\/et_pb_text][et_pb_text _builder_version=\u00a0\u00bb4.8.1&Prime; _module_preset=\u00a0\u00bbdefault\u00a0\u00bb text_font=\u00a0\u00bbPoppins||||||||\u00a0\u00bb hover_enabled=\u00a0\u00bb0&Prime; sticky_enabled=\u00a0\u00bb0&Prime;]<p>Les versements qui ont \u00e9t\u00e9 refus\u00e9s par votre institution financi\u00e8re par manque de fonds seront report\u00e9s \u00e0 la fin du contrat et entra\u00eeneront des frais de 40$. La difficult\u00e9 \u00e0 rembourser vos paiements n\u2019aura pas d\u2019impact sur votre cote de cr\u00e9dit. Votre dossier ne sera donc jamais rapport\u00e9 aux agences de cr\u00e9dit. Si vous avez urgemment besoin de reporter un de vos paiements, t\u00e9l\u00e9phonez-nous dans les 48 heures<\/p>[\/et_pb_text][\/et_pb_column][et_pb_column type=\u00a0\u00bb1_3&Prime; _builder_version=\u00a0\u00bb4.8.1&Prime; _module_preset=\u00a0\u00bbdefault\u00a0\u00bb][et_pb_text _builder_version=\u00a0\u00bb4.8.1&Prime; text_font=\u00a0\u00bbPoppins|700|||||||\u00a0\u00bb text_text_color=\u00a0\u00bb#000000&Prime; text_font_size=\u00a0\u00bb26px\u00a0\u00bb text_line_height=\u00a0\u00bb1.1em\u00a0\u00bb header_font=\u00a0\u00bbPoppins|800|||||||\u00a0\u00bb header_text_color=\u00a0\u00bb#000000&Prime; header_line_height=\u00a0\u00bb1.3em\u00a0\u00bb header_3_font=\u00a0\u00bbPoppins|700|||||||\u00a0\u00bb header_font_size_tablet=\u00a0\u00bb\u00a0\u00bb header_font_size_phone=\u00a0\u00bb25px\u00a0\u00bb header_font_size_last_edited=\u00a0\u00bbon|desktop\u00a0\u00bb]<h3>NOS SERVICES<\/h3>[\/et_pb_text][et_pb_text _builder_version=\u00a0\u00bb4.8.1&Prime; _module_preset=\u00a0\u00bbdefault\u00a0\u00bb text_font=\u00a0\u00bbPoppins||||||||\u00a0\u00bb header_3_font=\u00a0\u00bbRoboto||||||||\u00a0\u00bb header_3_font_size=\u00a0\u00bb18px\u00a0\u00bb header_3_line_height=\u00a0\u00bb1.4em\u00a0\u00bb locked=\u00a0\u00bboff\u00a0\u00bb]<strong><a href=\"https:\/\/northstarbrokers.ca\/fr\/prets-sans-enquete-de-credit\/\">Pr\u00eats sans enqu\u00eate de cr\u00e9dit<\/a>\r\n<\/strong>Votre pass\u00e9 ne devrait pas affecter votre avenir\r\n\r\n<strong><a href=\"https:\/\/northstarbrokers.ca\/fr\/consolidation-de-dettes\/\">Consolidation de dettes<\/a>\r\n<\/strong>Un pr\u00eat pour tout r\u00e9gler\r\n\r\n<strong><a href=\"https:\/\/northstarbrokers.ca\/fr\/pret-mauvais-credit\/\">Pr\u00eats pour les mauvais cr\u00e9dits<\/a>\r\n<\/strong>De l\u2019argent quand vous en avez le plus besoin\r\n\r\n<strong><a href=\"https:\/\/northstarbrokers.ca\/fr\/avance-de-fonds\/\">Avance de fonds en ligne<\/a>\r\n<\/strong>Obtenez avance de fonds en ligne dont vous avez besoin, quand vous en avez besoin!\r\n\r\n<strong><a href=\"https:\/\/northstarbrokers.ca\/fr\/pret-argent-rapide\/\">Pr\u00eat argent rapide<\/a>\r\n<\/strong>Pr\u00eat rapide \u2013 C\u2019est simple!\r\n\r\n<strong><a href=\"https:\/\/northstarbrokers.ca\/fr\/refaire-son-credit\/\">Refaire son cr\u00e9dit<\/a>\r\n<\/strong>Une bonne cote de cr\u00e9dit peut vous faire \u00e9conomiser de l\u2019argent[\/et_pb_text][\/et_pb_column][\/et_pb_row][\/et_pb_section][et_pb_section fb_built=\u00a0\u00bb1&Prime; _builder_version=\u00a0\u00bb4.8.1&Prime; _module_preset=\u00a0\u00bbdefault\u00a0\u00bb background_color=\u00a0\u00bb#f7f7f7&Prime;][et_pb_row _builder_version=\u00a0\u00bb4.8.1&Prime; _module_preset=\u00a0\u00bbdefault\u00a0\u00bb][et_pb_column type=\u00a0\u00bb4_4&Prime; _builder_version=\u00a0\u00bb4.8.1&Prime; _module_preset=\u00a0\u00bbdefault\u00a0\u00bb][et_pb_text _builder_version=\u00a0\u00bb4.8.1&Prime; _module_preset=\u00a0\u00bbdefault\u00a0\u00bb text_font=\u00a0\u00bbPoppins||||||||\u00a0\u00bb hover_enabled=\u00a0\u00bb0&Prime; sticky_enabled=\u00a0\u00bb0&Prime;]<h3>Avertissement<\/h3>\nLes pr\u00eats que nous offrons sont une solution \u00e0 court terme. Elles ne devraient servir qu\u2019\u00e0 des situations d\u2019urgence o\u00f9 vous avez besoin d\u2019argent rapidement pour des d\u00e9penses de premi\u00e8re n\u00e9cessit\u00e9. Ils ne repr\u00e9sentent en aucun cas une solution \u00e0 long terme. \u00c9vitez donc d\u2019accumuler des pr\u00eats \u00e0 court terme, car ces derniers pourraient vous mettre dans une situation financi\u00e8re instable. <a href=\"https:\/\/northstarbrokers.ca\/fr\/demande-en-ligne\/\">Obtenez votre argent d\u00e8s maintenant !<\/a>[\/et_pb_text][\/et_pb_column][\/et_pb_row][\/et_pb_section]\n<div style='text-align:center' class='yasr-auto-insert-visitor'><!--Yasr Visitor Votes Shortcode--><div id='yasr_visitor_votes_d35a65bce99d1' class='yasr-visitor-votes'><div class=\"yasr-custom-text-vv-before yasr-custom-text-vv-before-25525\">Click to rate this post!<\/div><div id='yasr-vv-second-row-container-d35a65bce99d1'\r\n                                        class='yasr-vv-second-row-container'><div id='yasr-visitor-votes-rater-d35a65bce99d1'\r\n                                      class='yasr-rater-stars-vv'\r\n                                      data-rater-postid='25525'\r\n                                      data-rating='0'\r\n                                      data-rater-starsize='32'\r\n                                      data-rater-readonly='false'\r\n                                      data-rater-nonce='b8456f3e30'\r\n                                      data-issingular='false'\r\n                                    ><\/div><div class=\"yasr-vv-stats-text-container\" id=\"yasr-vv-stats-text-container-d35a65bce99d1\"><svg xmlns=\"https:\/\/www.w3.org\/2000\/svg\" width=\"20\" height=\"20\"\r\n                                   class=\"yasr-dashicons-visitor-stats\"\r\n                                   data-postid=\"25525\"\r\n                                   id=\"yasr-stats-dashicon-d35a65bce99d1\">\r\n                                   <path d=\"M18 18v-16h-4v16h4zM12 18v-11h-4v11h4zM6 18v-8h-4v8h4z\"><\/path>\r\n                               <\/svg><span id=\"yasr-vv-text-container-d35a65bce99d1\" class=\"yasr-vv-text-container\">[Total: <span id=\"yasr-vv-votes-number-container-d35a65bce99d1\">0<\/span>  Average: <span id=\"yasr-vv-average-container-d35a65bce99d1\">0<\/span>]<\/span><\/div><div id='yasr-vv-loader-d35a65bce99d1' class='yasr-vv-container-loader'><\/div><\/div><div id='yasr-vv-bottom-container-d35a65bce99d1' class='yasr-vv-bottom-container'><\/div><\/div><!--End Yasr Visitor Votes Shortcode--><\/div>","protected":false},"excerpt":{"rendered":"<p>Informations importantesPolitique de pr\u00eats responsablesVotre demande de pr\u00eat sur notre site fera l\u2019objet d\u2019un processus d\u2019analyse et de s\u00e9lection. Nous voulons ainsi nous assurer que le montant de votre emprunt correspond \u00e0 votre capacit\u00e9 de payer. Cela inclut entre autres: S\u2019assurer que votre revenu convient \u00e0 nos crit\u00e8res; S\u2019assurer aupr\u00e8s de votre institution financi\u00e8re que [&hellip;]<\/p>\n","protected":false},"author":11,"featured_media":0,"parent":0,"menu_order":0,"comment_status":"closed","ping_status":"closed","template":"","meta":{"_et_pb_use_builder":"on","_et_pb_old_content":"","_et_gb_content_width":"","yasr_overall_rating":0,"yasr_post_is_review":"","yasr_auto_insert_disabled":"","yasr_review_type":"","footnotes":""},"class_list":["post-25525","page","type-page","status-publish","hentry"],"yasr_visitor_votes":{"stars_attributes":{"read_only":false,"span_bottom":false},"number_of_votes":0,"sum_votes":0},"_links":{"self":[{"href":"https:\/\/northstarbrokers.ca\/fr\/wp-json\/wp\/v2\/pages\/25525"}],"collection":[{"href":"https:\/\/northstarbrokers.ca\/fr\/wp-json\/wp\/v2\/pages"}],"about":[{"href":"https:\/\/northstarbrokers.ca\/fr\/wp-json\/wp\/v2\/types\/page"}],"author":[{"embeddable":true,"href":"https:\/\/northstarbrokers.ca\/fr\/wp-json\/wp\/v2\/users\/11"}],"replies":[{"embeddable":true,"href":"https:\/\/northstarbrokers.ca\/fr\/wp-json\/wp\/v2\/comments?post=25525"}],"version-history":[{"count":0,"href":"https:\/\/northstarbrokers.ca\/fr\/wp-json\/wp\/v2\/pages\/25525\/revisions"}],"wp:attachment":[{"href":"https:\/\/northstarbrokers.ca\/fr\/wp-json\/wp\/v2\/media?parent=25525"}],"curies":[{"name":"wp","href":"https:\/\/api.w.org\/{rel}","templated":true}]}}