{"id":25514,"date":"2021-01-25T18:56:31","date_gmt":"2021-01-25T18:56:31","guid":{"rendered":"http:\/\/dev.northstarbrokers.ca\/pret-argent-rapide\/"},"modified":"2021-08-12T14:27:58","modified_gmt":"2021-08-12T18:27:58","slug":"pret-argent-rapide","status":"publish","type":"page","link":"https:\/\/northstarbrokers.ca\/fr\/pret-argent-rapide\/","title":{"rendered":"Pret argent rapide"},"content":{"rendered":"\n[et_pb_section fb_built=\u00a0\u00bb1&Prime; _builder_version=\u00a0\u00bb4.8.1&Prime; _module_preset=\u00a0\u00bbdefault\u00a0\u00bb background_image=\u00a0\u00bbhttps:\/\/northstarbrokers.ca\/wp-content\/uploads\/2021\/01\/without-money.jpg\u00a0\u00bb custom_padding=\u00a0\u00bb150px||150px||true|false\u00a0\u00bb][et_pb_row column_structure=\u00a0\u00bb3_5,2_5&Prime; _builder_version=\u00a0\u00bb4.8.1&Prime; _module_preset=\u00a0\u00bbdefault\u00a0\u00bb][et_pb_column type=\u00a0\u00bb3_5&Prime; _builder_version=\u00a0\u00bb4.8.1&Prime; _module_preset=\u00a0\u00bbdefault\u00a0\u00bb][et_pb_text _builder_version=\u00a0\u00bb4.8.1&Prime; _module_preset=\u00a0\u00bbdefault\u00a0\u00bb header_font=\u00a0\u00bbPoppins|600|||||||\u00a0\u00bb header_text_color=\u00a0\u00bb#FFFFFF\u00a0\u00bb header_font_size=\u00a0\u00bb34px\u00a0\u00bb header_text_shadow_style=\u00a0\u00bbpreset3&Prime; header_text_shadow_color=\u00a0\u00bb#000000&Prime;]<h1>Pr\u00eat d\u2019argent rapide<\/h1>[\/et_pb_text][\/et_pb_column][et_pb_column type=\u00a0\u00bb2_5&Prime; _builder_version=\u00a0\u00bb4.8.1&Prime; _module_preset=\u00a0\u00bbdefault\u00a0\u00bb][\/et_pb_column][\/et_pb_row][\/et_pb_section][et_pb_section fb_built=\u00a0\u00bb1&Prime; _builder_version=\u00a0\u00bb4.8.1&Prime; _module_preset=\u00a0\u00bbdefault\u00a0\u00bb][et_pb_row column_structure=\u00a0\u00bb1_2,1_2&Prime; _builder_version=\u00a0\u00bb4.8.1&Prime; _module_preset=\u00a0\u00bbdefault\u00a0\u00bb][et_pb_column type=\u00a0\u00bb1_2&Prime; _builder_version=\u00a0\u00bb4.8.1&Prime; _module_preset=\u00a0\u00bbdefault\u00a0\u00bb][et_pb_text _builder_version=\u00a0\u00bb4.8.1&Prime; text_font=\u00a0\u00bbRoboto|300|||||||\u00a0\u00bb text_text_color=\u00a0\u00bb#000000&Prime; text_font_size=\u00a0\u00bb18px\u00a0\u00bb text_line_height=\u00a0\u00bb1.8em\u00a0\u00bb header_font=\u00a0\u00bbNunito Sans|700|||||||\u00a0\u00bb header_text_color=\u00a0\u00bb#297FCA\u00a0\u00bb header_line_height=\u00a0\u00bb1.3em\u00a0\u00bb custom_margin=\u00a0\u00bb||||false|false\u00a0\u00bb]<p>Personne n\u2019est \u00e0 l\u2019abri d\u2019un impr\u00e9vu financier. Dans les moments o\u00f9 nous nous y attendons le moins, nous faisons face \u00e0 des d\u00e9penses d\u2019urgence alors que notre argent en comptant ne pourrait pas suffire \u00e0 les couvrir. C\u2019est l\u00e0 que Northstar vous vient en aide.<\/p>[\/et_pb_text][et_pb_button button_url=\u00a0\u00bbhttps:\/\/northstarbrokers.ca\/fr\/demande-en-ligne\/\u00a0\u00bb button_text=\u00a0\u00bbPostuler maintenant\u00a0\u00bb button_alignment=\u00a0\u00bbleft\u00a0\u00bb _builder_version=\u00a0\u00bb4.8.1&Prime; _module_preset=\u00a0\u00bbdefault\u00a0\u00bb custom_button=\u00a0\u00bbon\u00a0\u00bb button_text_size=\u00a0\u00bb19px\u00a0\u00bb button_text_color=\u00a0\u00bb#FFFFFF\u00a0\u00bb button_bg_color=\u00a0\u00bb#0C71C3&Prime; button_border_width=\u00a0\u00bb0px\u00a0\u00bb button_border_color=\u00a0\u00bb#5C81F3&Prime; button_border_radius=\u00a0\u00bb100px\u00a0\u00bb button_font=\u00a0\u00bbDM Sans||||||||\u00a0\u00bb button_use_icon=\u00a0\u00bboff\u00a0\u00bb custom_margin=\u00a0\u00bb40px||||false|false\u00a0\u00bb custom_padding=\u00a0\u00bb9px|40px|8px|40px|false|true\u00a0\u00bb locked=\u00a0\u00bboff\u00a0\u00bb button_text_color__hover_enabled=\u00a0\u00bbon|hover\u00a0\u00bb button_text_color__hover=\u00a0\u00bb#ffffff\u00a0\u00bb button_bg_color__hover_enabled=\u00a0\u00bbon|desktop\u00a0\u00bb button_bg_color__hover=\u00a0\u00bb#5fd58c\u00a0\u00bb button_bg_enable_color__hover=\u00a0\u00bbon\u00a0\u00bb button_border_color__hover_enabled=\u00a0\u00bbon|hover\u00a0\u00bb button_border_color__hover=\u00a0\u00bb#5fd58c\u00a0\u00bb button_letter_spacing__hover_enabled=\u00a0\u00bbon|hover\u00a0\u00bb button_letter_spacing__hover=\u00a0\u00bb0px\u00a0\u00bb][\/et_pb_button][\/et_pb_column][et_pb_column type=\u00a0\u00bb1_2&Prime; _builder_version=\u00a0\u00bb4.8.1&Prime; _module_preset=\u00a0\u00bbdefault\u00a0\u00bb][et_pb_text _builder_version=\u00a0\u00bb4.9.0&Prime; text_font=\u00a0\u00bbPoppins|700|||||||\u00a0\u00bb text_text_color=\u00a0\u00bb#000000&Prime; text_font_size=\u00a0\u00bb26px\u00a0\u00bb text_line_height=\u00a0\u00bb1.1em\u00a0\u00bb header_font=\u00a0\u00bbPoppins|800|||||||\u00a0\u00bb header_text_color=\u00a0\u00bb#000000&Prime; header_line_height=\u00a0\u00bb1.3em\u00a0\u00bb header_3_font=\u00a0\u00bbPoppins|700|||||||\u00a0\u00bb hover_enabled=\u00a0\u00bb0&Prime; header_font_size_tablet=\u00a0\u00bb\u00a0\u00bb header_font_size_phone=\u00a0\u00bb25px\u00a0\u00bb header_font_size_last_edited=\u00a0\u00bbon|desktop\u00a0\u00bb sticky_enabled=\u00a0\u00bb0&Prime;]<h2>Pourquoi choisir Courtiers Northstar?<\/h2>[\/et_pb_text][et_pb_text _builder_version=\u00a0\u00bb4.8.1&Prime; _module_preset=\u00a0\u00bbdefault\u00a0\u00bb text_font=\u00a0\u00bbPoppins||||||||\u00a0\u00bb header_3_font=\u00a0\u00bbRoboto||||||||\u00a0\u00bb header_3_font_size=\u00a0\u00bb18px\u00a0\u00bb header_3_line_height=\u00a0\u00bb1.4em\u00a0\u00bb]<p>Si vous avez rapidement besoin d\u2019argent, Northstar vous donne la possibilit\u00e9 <strong>d\u2019emprunter un fond de 300 $ \u00e0 3 000 $<\/strong> imm\u00e9diatement. Pour cela, nous ne faisons aucune enqu\u00eate de cr\u00e9dit ni de v\u00e9rification de solvabilit\u00e9.<\/p>\n<p>Northstar est en fait une \u00e9quipe de courtiers exp\u00e9riment\u00e9s qui travaille dans le secteur du pr\u00eat sur salaire depuis plus de 12 ans maintenant. Nous sommes pass\u00e9s experts dans ce genre de march\u00e9.<\/p>[\/et_pb_text][\/et_pb_column][\/et_pb_row][\/et_pb_section][et_pb_section fb_built=\u00a0\u00bb1&Prime; _builder_version=\u00a0\u00bb4.8.1&Prime; _module_preset=\u00a0\u00bbdefault\u00a0\u00bb background_color=\u00a0\u00bb#f7f7f7&Prime;][et_pb_row column_structure=\u00a0\u00bb1_2,1_2&Prime; _builder_version=\u00a0\u00bb4.8.1&Prime; _module_preset=\u00a0\u00bbdefault\u00a0\u00bb][et_pb_column type=\u00a0\u00bb1_2&Prime; _builder_version=\u00a0\u00bb4.8.1&Prime; _module_preset=\u00a0\u00bbdefault\u00a0\u00bb][et_pb_text _builder_version=\u00a0\u00bb4.8.1&Prime; _module_preset=\u00a0\u00bbdefault\u00a0\u00bb text_font=\u00a0\u00bbPoppins|800|||||||\u00a0\u00bb text_text_color=\u00a0\u00bb#0C71C3&Prime; text_font_size=\u00a0\u00bb26px\u00a0\u00bb header_2_font=\u00a0\u00bbPoppins|800|||||||\u00a0\u00bb header_2_text_color=\u00a0\u00bb#0C71C3&Prime;]<h2>QU\u2019EST-CE QU\u2019UN PR\u00caT SUR SALAIRE?<\/h2>[\/et_pb_text][et_pb_text _builder_version=\u00a0\u00bb4.8.1&Prime; _module_preset=\u00a0\u00bbdefault\u00a0\u00bb text_font=\u00a0\u00bbPoppins||||||||\u00a0\u00bb]Un pr\u00eat sur salaire est en fait une avance sur votre salaire que vous promettez de rembourser le jour de votre prochaine paie.[\/et_pb_text][\/et_pb_column][et_pb_column type=\u00a0\u00bb1_2&Prime; _builder_version=\u00a0\u00bb4.8.1&Prime; _module_preset=\u00a0\u00bbdefault\u00a0\u00bb][et_pb_text _builder_version=\u00a0\u00bb4.8.1&Prime; _module_preset=\u00a0\u00bbdefault\u00a0\u00bb text_font=\u00a0\u00bbPoppins|800|||||||\u00a0\u00bb text_text_color=\u00a0\u00bb#0C71C3&Prime; text_font_size=\u00a0\u00bb26px\u00a0\u00bb header_2_font=\u00a0\u00bbPoppins|800|||||||\u00a0\u00bb header_2_text_color=\u00a0\u00bb#0C71C3&Prime;]<h2>POURQUOI CONTRACTER UN PR\u00caT SUR SALAIRE?<\/h2>[\/et_pb_text][et_pb_text _builder_version=\u00a0\u00bb4.8.1&Prime; _module_preset=\u00a0\u00bbdefault\u00a0\u00bb text_font=\u00a0\u00bbPoppins||||||||\u00a0\u00bb]<p>Les avances sur salaire sont surtout utilis\u00e9es pour <b>couvrir des situations d\u2019urgence ou des d\u00e9penses inattendues<\/b>. Elles peuvent \u00e9galement vous sauver d\u2019un paiement sans provision en vous \u00e9vitant les frais qui peuvent s\u2019en suivre. Les pr\u00eats sur salaire aident de nombreux Canadiens \u00e0 obtenir de l\u2019argent rapidement et facilement qui leur serait probablement refus\u00e9 par les banques.<\/p>[\/et_pb_text][\/et_pb_column][\/et_pb_row][et_pb_row _builder_version=\u00a0\u00bb4.8.1&Prime; _module_preset=\u00a0\u00bbdefault\u00a0\u00bb][et_pb_column type=\u00a0\u00bb4_4&Prime; _builder_version=\u00a0\u00bb4.8.1&Prime; _module_preset=\u00a0\u00bbdefault\u00a0\u00bb][et_pb_text _builder_version=\u00a0\u00bb4.8.1&Prime; _module_preset=\u00a0\u00bbdefault\u00a0\u00bb text_font=\u00a0\u00bbPoppins|800|||||||\u00a0\u00bb text_text_color=\u00a0\u00bb#0C71C3&Prime; text_font_size=\u00a0\u00bb26px\u00a0\u00bb header_2_font=\u00a0\u00bbPoppins|800|||||||\u00a0\u00bb header_2_text_color=\u00a0\u00bb#0C71C3&Prime;]<h2>Quelles sont les conditions n\u00e9cessaires pour b\u00e9n\u00e9ficier d\u2019un pr\u00eat argent rapide?<\/h2>[\/et_pb_text][et_pb_text _builder_version=\u00a0\u00bb4.8.1&Prime; _module_preset=\u00a0\u00bbdefault\u00a0\u00bb text_font=\u00a0\u00bbPoppins||||||||\u00a0\u00bb]<p>Pour obtenir rapidement de l\u2019argent, nous avons mis en place un syst\u00e8me simple, rapide et responsable afin que vous puissiez acc\u00e9der \u00e0 votre argent le plus vite possible. Vous acc\u00e9l\u00e9rez encore plus la demande si vous :<\/p>\n<p>&nbsp;<\/p>\n<ul>\n<li>Avez un compte ch\u00e8que valide depuis au moins 3 mois,<\/li>\n<li>Avez un emploi stable depuis au moins 6 mois<\/li>\n<li>Habitez dans la m\u00eame r\u00e9sidence depuis au moins 6 mois<\/li>\n<li>\u00cates r\u00e9mun\u00e9r\u00e9 par ch\u00e8que ou par d\u00e9p\u00f4t direct<\/li>\n<li>N\u2019\u00eates pas en faillite ou ne faites pas l\u2019objet d\u2019une saisie sur salaire.<\/li>\n<\/ul>[\/et_pb_text][\/et_pb_column][\/et_pb_row][\/et_pb_section][et_pb_section fb_built=\u00a0\u00bb1&Prime; _builder_version=\u00a0\u00bb4.8.1&Prime; _module_preset=\u00a0\u00bbdefault\u00a0\u00bb background_enable_color=\u00a0\u00bboff\u00a0\u00bb][et_pb_row _builder_version=\u00a0\u00bb4.8.1&Prime; _module_preset=\u00a0\u00bbdefault\u00a0\u00bb][et_pb_column type=\u00a0\u00bb4_4&Prime; _builder_version=\u00a0\u00bb4.8.1&Prime; _module_preset=\u00a0\u00bbdefault\u00a0\u00bb][et_pb_text _builder_version=\u00a0\u00bb4.9.0&Prime; _module_preset=\u00a0\u00bbdefault\u00a0\u00bb text_font=\u00a0\u00bbPoppins|800|||||||\u00a0\u00bb text_text_color=\u00a0\u00bb#0C71C3&Prime; text_font_size=\u00a0\u00bb26px\u00a0\u00bb header_2_font=\u00a0\u00bbPoppins|800|||||||\u00a0\u00bb header_2_text_color=\u00a0\u00bb#0C71C3&Prime; hover_enabled=\u00a0\u00bb0&Prime; sticky_enabled=\u00a0\u00bb0&Prime;]<h2 style=\"text-align: center;\">Foire aux Questions?<\/h2>[\/et_pb_text][\/et_pb_column][\/et_pb_row][et_pb_row column_structure=\u00a0\u00bb1_3,1_3,1_3&Prime; _builder_version=\u00a0\u00bb4.8.1&Prime; _module_preset=\u00a0\u00bbdefault\u00a0\u00bb][et_pb_column type=\u00a0\u00bb1_3&Prime; _builder_version=\u00a0\u00bb4.8.1&Prime; _module_preset=\u00a0\u00bbdefault\u00a0\u00bb][et_pb_text _builder_version=\u00a0\u00bb4.8.1&Prime; _module_preset=\u00a0\u00bbdefault\u00a0\u00bb text_font=\u00a0\u00bbPoppins|800|||||||\u00a0\u00bb text_text_color=\u00a0\u00bb#0C71C3&Prime; text_font_size=\u00a0\u00bb26px\u00a0\u00bb header_2_font=\u00a0\u00bbPoppins|800|||||||\u00a0\u00bb header_2_text_color=\u00a0\u00bb#0C71C3&Prime;]<h2>QU\u2019EST-CE QU\u2019UN PR\u00caT \u00c0 COURT TERME?<\/h2>[\/et_pb_text][et_pb_text _builder_version=\u00a0\u00bb4.8.1&Prime; _module_preset=\u00a0\u00bbdefault\u00a0\u00bb text_font=\u00a0\u00bbPoppins||||||||\u00a0\u00bb]Un pr\u00eat \u00e0 court terme est un service fourni par une institution financi\u00e8re qui permet aux clients de r\u00e9gler des difficult\u00e9s financi\u00e8res passag\u00e8res. En g\u00e9n\u00e9ral, le remboursement des pr\u00eats \u00e0 court terme peut se faire pendant une dur\u00e9e de 5 ans.[\/et_pb_text][\/et_pb_column][et_pb_column type=\u00a0\u00bb1_3&Prime; _builder_version=\u00a0\u00bb4.8.1&Prime; _module_preset=\u00a0\u00bbdefault\u00a0\u00bb][et_pb_text _builder_version=\u00a0\u00bb4.8.1&Prime; _module_preset=\u00a0\u00bbdefault\u00a0\u00bb text_font=\u00a0\u00bbPoppins|800|||||||\u00a0\u00bb text_text_color=\u00a0\u00bb#0C71C3&Prime; text_font_size=\u00a0\u00bb26px\u00a0\u00bb header_2_font=\u00a0\u00bbPoppins|800|||||||\u00a0\u00bb header_2_text_color=\u00a0\u00bb#0C71C3&Prime;]<h2>POUR QUELLES RAISONS UTILISER MON CR\u00c9DIT \u00c0 COURT TERME?<\/h2>[\/et_pb_text][et_pb_text _builder_version=\u00a0\u00bb4.8.1&Prime; _module_preset=\u00a0\u00bbdefault\u00a0\u00bb text_font=\u00a0\u00bbPoppins||||||||\u00a0\u00bb]<p>Dans la majorit\u00e9 des cas, les pr\u00eats \u00e0 court terme sont utilis\u00e9s pour payer des factures, des d\u00e9penses inattendues, des escapades le temps d\u2019un week-end ou pour \u00e9viter de frais suite \u00e0 des paiements sans provision. Il s\u2019agit d\u2019un v\u00e9ritable fonds de secours !<\/p>[\/et_pb_text][\/et_pb_column][et_pb_column type=\u00a0\u00bb1_3&Prime; _builder_version=\u00a0\u00bb4.8.1&Prime; _module_preset=\u00a0\u00bbdefault\u00a0\u00bb][et_pb_text _builder_version=\u00a0\u00bb4.8.1&Prime; _module_preset=\u00a0\u00bbdefault\u00a0\u00bb text_font=\u00a0\u00bbPoppins|800|||||||\u00a0\u00bb text_text_color=\u00a0\u00bb#0C71C3&Prime; text_font_size=\u00a0\u00bb26px\u00a0\u00bb header_2_font=\u00a0\u00bbPoppins|800|||||||\u00a0\u00bb header_2_text_color=\u00a0\u00bb#0C71C3&Prime;]<h2>QUAND ME CONTACTEREZ-VOUS?<\/h2>[\/et_pb_text][et_pb_text _builder_version=\u00a0\u00bb4.8.1&Prime; _module_preset=\u00a0\u00bbdefault\u00a0\u00bb text_font=\u00a0\u00bbPoppins||||||||\u00a0\u00bb]Apr\u00e8s avoir postul\u00e9 votre demande en ligne, un de nos agents prendra contact avec vous en moins d\u2019une heure pour traiter et v\u00e9rifier votre demande. Si vous avez soumis votre demande hors de nos heures de travail (lundi au vendredi de 10h \u00e0 18h), notre \u00e9quipe vous contactera \u00e0 la premi\u00e8re heure du jour \u0153uvr\u00e9 suivant.\n\nSi vous avez besoin de plus d\u2019information, n\u2019h\u00e9sitez pas \u00e0 nous appeler au 1-514-344-1499 ou \u00e0 nous envoyer un courriel \u00e0 l\u2019adresse : info@northstarbrokers.ca , c\u2019est toujours un plaisir de vous r\u00e9pondre.[\/et_pb_text][\/et_pb_column][\/et_pb_row][et_pb_row _builder_version=\u00a0\u00bb4.8.1&Prime; _module_preset=\u00a0\u00bbdefault\u00a0\u00bb locked=\u00a0\u00bboff\u00a0\u00bb][et_pb_column type=\u00a0\u00bb4_4&Prime; _builder_version=\u00a0\u00bb4.8.1&Prime; _module_preset=\u00a0\u00bbdefault\u00a0\u00bb][et_pb_text _builder_version=\u00a0\u00bb4.8.1&Prime; _module_preset=\u00a0\u00bbdefault\u00a0\u00bb]<!--Yasr Visitor Votes Shortcode--><div id='yasr_visitor_votes_ebd69d55e103c' class='yasr-visitor-votes'><div class=\"yasr-custom-text-vv-before yasr-custom-text-vv-before-25514\">Click to rate this post!<\/div><div id='yasr-vv-second-row-container-ebd69d55e103c'\r\n                                        class='yasr-vv-second-row-container'><div id='yasr-visitor-votes-rater-ebd69d55e103c'\r\n                                      class='yasr-rater-stars-vv'\r\n                                      data-rater-postid='25514'\r\n                                      data-rating='5'\r\n                                      data-rater-starsize='32'\r\n                                      data-rater-readonly='false'\r\n                                      data-rater-nonce='dfc266c914'\r\n                                      data-issingular='false'\r\n                                    ><\/div><div class=\"yasr-vv-stats-text-container\" id=\"yasr-vv-stats-text-container-ebd69d55e103c\"><svg xmlns=\"https:\/\/www.w3.org\/2000\/svg\" width=\"20\" height=\"20\"\r\n                                   class=\"yasr-dashicons-visitor-stats\"\r\n                                   data-postid=\"25514\"\r\n                                   id=\"yasr-stats-dashicon-ebd69d55e103c\">\r\n                                   <path d=\"M18 18v-16h-4v16h4zM12 18v-11h-4v11h4zM6 18v-8h-4v8h4z\"><\/path>\r\n                               <\/svg><span id=\"yasr-vv-text-container-ebd69d55e103c\" class=\"yasr-vv-text-container\">[Total: <span id=\"yasr-vv-votes-number-container-ebd69d55e103c\">1<\/span>  Average: <span id=\"yasr-vv-average-container-ebd69d55e103c\">5<\/span>]<\/span><\/div><div id='yasr-vv-loader-ebd69d55e103c' class='yasr-vv-container-loader'><\/div><\/div><div id='yasr-vv-bottom-container-ebd69d55e103c' class='yasr-vv-bottom-container'><\/div><\/div><!--End Yasr Visitor Votes Shortcode-->[\/et_pb_text][\/et_pb_column][\/et_pb_row][\/et_pb_section]\n<div style='text-align:center' class='yasr-auto-insert-visitor'><!--Yasr Visitor Votes Shortcode--><div id='yasr_visitor_votes_6e2590b207d5e' class='yasr-visitor-votes'><div class=\"yasr-custom-text-vv-before yasr-custom-text-vv-before-25514\">Click to rate this post!<\/div><div id='yasr-vv-second-row-container-6e2590b207d5e'\r\n                                        class='yasr-vv-second-row-container'><div id='yasr-visitor-votes-rater-6e2590b207d5e'\r\n                                      class='yasr-rater-stars-vv'\r\n                                      data-rater-postid='25514'\r\n                                      data-rating='5'\r\n                                      data-rater-starsize='32'\r\n                                      data-rater-readonly='false'\r\n                                      data-rater-nonce='dfc266c914'\r\n                                      data-issingular='false'\r\n                                    ><\/div><div class=\"yasr-vv-stats-text-container\" id=\"yasr-vv-stats-text-container-6e2590b207d5e\"><svg xmlns=\"https:\/\/www.w3.org\/2000\/svg\" width=\"20\" height=\"20\"\r\n                                   class=\"yasr-dashicons-visitor-stats\"\r\n                                   data-postid=\"25514\"\r\n                                   id=\"yasr-stats-dashicon-6e2590b207d5e\">\r\n                                   <path d=\"M18 18v-16h-4v16h4zM12 18v-11h-4v11h4zM6 18v-8h-4v8h4z\"><\/path>\r\n                               <\/svg><span id=\"yasr-vv-text-container-6e2590b207d5e\" class=\"yasr-vv-text-container\">[Total: <span id=\"yasr-vv-votes-number-container-6e2590b207d5e\">1<\/span>  Average: <span id=\"yasr-vv-average-container-6e2590b207d5e\">5<\/span>]<\/span><\/div><div id='yasr-vv-loader-6e2590b207d5e' class='yasr-vv-container-loader'><\/div><\/div><div id='yasr-vv-bottom-container-6e2590b207d5e' class='yasr-vv-bottom-container'><\/div><\/div><!--End Yasr Visitor Votes Shortcode--><\/div>","protected":false},"excerpt":{"rendered":"<p>Pr\u00eat d\u2019argent rapidePersonne n\u2019est \u00e0 l\u2019abri d\u2019un impr\u00e9vu financier. Dans les moments o\u00f9 nous nous y attendons le moins, nous faisons face \u00e0 des d\u00e9penses d\u2019urgence alors que notre argent en comptant ne pourrait pas suffire \u00e0 les couvrir. C\u2019est l\u00e0 que Northstar vous vient en aide.Pourquoi choisir Courtiers Northstar?Si vous avez rapidement besoin d\u2019argent, [&hellip;]<\/p>\n","protected":false},"author":11,"featured_media":0,"parent":0,"menu_order":0,"comment_status":"closed","ping_status":"closed","template":"","meta":{"_et_pb_use_builder":"on","_et_pb_old_content":"","_et_gb_content_width":"","yasr_overall_rating":0,"yasr_post_is_review":"","yasr_auto_insert_disabled":"","yasr_review_type":"","footnotes":""},"class_list":["post-25514","page","type-page","status-publish","hentry"],"yasr_visitor_votes":{"stars_attributes":{"read_only":false,"span_bottom":false},"number_of_votes":1,"sum_votes":5},"_links":{"self":[{"href":"https:\/\/northstarbrokers.ca\/fr\/wp-json\/wp\/v2\/pages\/25514"}],"collection":[{"href":"https:\/\/northstarbrokers.ca\/fr\/wp-json\/wp\/v2\/pages"}],"about":[{"href":"https:\/\/northstarbrokers.ca\/fr\/wp-json\/wp\/v2\/types\/page"}],"author":[{"embeddable":true,"href":"https:\/\/northstarbrokers.ca\/fr\/wp-json\/wp\/v2\/users\/11"}],"replies":[{"embeddable":true,"href":"https:\/\/northstarbrokers.ca\/fr\/wp-json\/wp\/v2\/comments?post=25514"}],"version-history":[{"count":0,"href":"https:\/\/northstarbrokers.ca\/fr\/wp-json\/wp\/v2\/pages\/25514\/revisions"}],"wp:attachment":[{"href":"https:\/\/northstarbrokers.ca\/fr\/wp-json\/wp\/v2\/media?parent=25514"}],"curies":[{"name":"wp","href":"https:\/\/api.w.org\/{rel}","templated":true}]}}