{"id":25510,"date":"2021-01-25T18:46:56","date_gmt":"2021-01-25T18:46:56","guid":{"rendered":"http:\/\/dev.northstarbrokers.ca\/faq\/"},"modified":"2023-08-14T05:28:24","modified_gmt":"2023-08-14T09:28:24","slug":"faq","status":"publish","type":"page","link":"https:\/\/northstarbrokers.ca\/fr\/faq\/","title":{"rendered":"Faq"},"content":{"rendered":"<p>[et_pb_section fb_built=\u00a0\u00bb1&Prime; _builder_version=\u00a0\u00bb4.8.1&Prime; _module_preset=\u00a0\u00bbdefault\u00a0\u00bb background_image=\u00a0\u00bbhttps:\/\/northstarbrokers.ca\/wp-content\/uploads\/2021\/01\/faq-nb.jpg\u00a0\u00bb custom_padding=\u00a0\u00bb150px||150px||true|false\u00a0\u00bb][et_pb_row column_structure=\u00a0\u00bb1_2,1_2&Prime; _builder_version=\u00a0\u00bb4.8.1&Prime; _module_preset=\u00a0\u00bbdefault\u00a0\u00bb][et_pb_column type=\u00a0\u00bb1_2&Prime; _builder_version=\u00a0\u00bb4.8.1&Prime; _module_preset=\u00a0\u00bbdefault\u00a0\u00bb][\/et_pb_column][et_pb_column type=\u00a0\u00bb1_2&Prime; _builder_version=\u00a0\u00bb4.8.1&Prime; _module_preset=\u00a0\u00bbdefault\u00a0\u00bb][\/et_pb_column][\/et_pb_row][\/et_pb_section][et_pb_section fb_built=\u00a0\u00bb1&Prime; admin_label=\u00a0\u00bbFAQ\u00a0\u00bb _builder_version=\u00a0\u00bb3.22.3&Prime; custom_padding=\u00a0\u00bb80px|0px|80px|0px|true|false\u00a0\u00bb][et_pb_row _builder_version=\u00a0\u00bb3.25&Prime; custom_padding=\u00a0\u00bb|0px||0px|false|false\u00a0\u00bb][et_pb_column type=\u00a0\u00bb4_4&Prime; _builder_version=\u00a0\u00bb3.25&Prime; custom_padding=\u00a0\u00bb|||\u00a0\u00bb custom_padding__hover=\u00a0\u00bb|||\u00a0\u00bb][et_pb_text _builder_version=\u00a0\u00bb3.27.4&Prime; text_font=\u00a0\u00bbPoppins|700|||||||\u00a0\u00bb text_text_color=\u00a0\u00bb#000000&Prime; text_font_size=\u00a0\u00bb30px\u00a0\u00bb text_orientation=\u00a0\u00bbcenter\u00a0\u00bb text_font_size_tablet=\u00a0\u00bb\u00a0\u00bb text_font_size_phone=\u00a0\u00bb20px\u00a0\u00bb text_font_size_last_edited=\u00a0\u00bbon|desktop\u00a0\u00bb]<\/p>\n<p>FAQ<\/p>\n<p>[\/et_pb_text][\/et_pb_column][\/et_pb_row][et_pb_row column_structure=\u00a0\u00bb1_3,1_3,1_3&Prime; _builder_version=\u00a0\u00bb4.8.1&Prime; background_size=\u00a0\u00bbinitial\u00a0\u00bb background_position=\u00a0\u00bbtop_left\u00a0\u00bb background_repeat=\u00a0\u00bbrepeat\u00a0\u00bb custom_padding=\u00a0\u00bb40px|0px|40px|0px\u00a0\u00bb][et_pb_column type=\u00a0\u00bb1_3&Prime; _builder_version=\u00a0\u00bb3.25&Prime; custom_padding=\u00a0\u00bb|||\u00a0\u00bb custom_padding__hover=\u00a0\u00bb|||\u00a0\u00bb][et_pb_text admin_label=\u00a0\u00bb1&Prime; _builder_version=\u00a0\u00bb4.8.1&Prime; text_font=\u00a0\u00bbRoboto|300|||||||\u00a0\u00bb text_text_color=\u00a0\u00bb#000000&Prime; text_font_size=\u00a0\u00bb15px\u00a0\u00bb text_line_height=\u00a0\u00bb1.8em\u00a0\u00bb header_font=\u00a0\u00bbPoppins|600|||||||\u00a0\u00bb header_text_color=\u00a0\u00bb#000000&Prime; header_font_size=\u00a0\u00bb20px\u00a0\u00bb header_line_height=\u00a0\u00bb1.4em\u00a0\u00bb background_size=\u00a0\u00bbinitial\u00a0\u00bb background_position=\u00a0\u00bbtop_left\u00a0\u00bb background_repeat=\u00a0\u00bbrepeat\u00a0\u00bb max_width=\u00a0\u00bb710px\u00a0\u00bb module_alignment=\u00a0\u00bbcenter\u00a0\u00bb]<\/p>\n<h2>QU\u2019EST-CE QU\u2019UNE AVANCE D\u2019ARGENT?<\/h2>\n<p>Une avance d\u2019argent est un pr\u00eat \u00e0 court terme souvent utilis\u00e9 pour couvrir des d\u00e9penses inattendues, des p\u00e9nalit\u00e9s de retard, des ch\u00e8ques sans provision et des urgences. Les pr\u00eats \u00e0 court terme sont efficaces lorsqu\u2019on est confront\u00e9 \u00e0 des situations financi\u00e8res imm\u00e9diates, mais ils ne sont pas cens\u00e9s agir comme des solutions \u00e0 long terme.[\/et_pb_text][et_pb_text admin_label=\u00a0\u00bb1&Prime; _builder_version=\u00a0\u00bb4.8.1&Prime; text_font=\u00a0\u00bbRoboto|300|||||||\u00a0\u00bb text_text_color=\u00a0\u00bb#000000&Prime; text_font_size=\u00a0\u00bb15px\u00a0\u00bb text_line_height=\u00a0\u00bb1.8em\u00a0\u00bb header_font=\u00a0\u00bbPoppins|600|||||||\u00a0\u00bb header_text_color=\u00a0\u00bb#000000&Prime; header_font_size=\u00a0\u00bb20px\u00a0\u00bb header_line_height=\u00a0\u00bb1.4em\u00a0\u00bb background_size=\u00a0\u00bbinitial\u00a0\u00bb background_position=\u00a0\u00bbtop_left\u00a0\u00bb background_repeat=\u00a0\u00bbrepeat\u00a0\u00bb max_width=\u00a0\u00bb710px\u00a0\u00bb module_alignment=\u00a0\u00bbcenter\u00a0\u00bb]<\/p>\n<h2>QUELLE SOMME D\u2019ARGENT SUIS-JE AUTORIS\u00c9 \u00c0 EMPRUNTER?<\/h2>\n<p>Nous pouvons fournir des avances d\u2019argent allant de 300 $ \u00e0 1500 $[\/et_pb_text][et_pb_text admin_label=\u00a0\u00bb1&Prime; _builder_version=\u00a0\u00bb4.8.1&Prime; text_font=\u00a0\u00bbRoboto|300|||||||\u00a0\u00bb text_text_color=\u00a0\u00bb#000000&Prime; text_font_size=\u00a0\u00bb15px\u00a0\u00bb text_line_height=\u00a0\u00bb1.8em\u00a0\u00bb header_font=\u00a0\u00bbPoppins|600|||||||\u00a0\u00bb header_text_color=\u00a0\u00bb#000000&Prime; header_font_size=\u00a0\u00bb20px\u00a0\u00bb header_line_height=\u00a0\u00bb1.4em\u00a0\u00bb background_size=\u00a0\u00bbinitial\u00a0\u00bb background_position=\u00a0\u00bbtop_left\u00a0\u00bb background_repeat=\u00a0\u00bbrepeat\u00a0\u00bb max_width=\u00a0\u00bb710px\u00a0\u00bb module_alignment=\u00a0\u00bbcenter\u00a0\u00bb]<\/p>\n<h2>QUELS DOCUMENTS AI-JE BESOIN DE FAXER?<\/h2>\n<div id=\"ui-id-12\" class=\"row-fluid ui-accordion-content ui-helper-reset ui-widget-content ui-corner-bottom ui-accordion-content-active\" role=\"tabpanel\" aria-labelledby=\"ui-id-11\" aria-hidden=\"false\">\n<section class=\"row \">\n<div class=\"spb_content_element col-sm-12 spb_text_column\">\n<div class=\"spb-asset-content\">\n<p><strong>Veuillez r\u00e9unir les documents suivants :<\/strong><\/p>\n<ul>\n<li>Deux pi\u00e8ces d\u2019identit\u00e9 avec photo et une preuve de votre num\u00e9ro d\u2019assurance social<\/li>\n<li>Une preuve d\u2019adresse (facture de service)<\/li>\n<li>Vos deux derniers talon de paie<\/li>\n<li>Un sp\u00e9cimen de ch\u00e8que \u2013 Formulaire de d\u00e9bit pr\u00e9 autoris\u00e9<\/li>\n<li>Les 90 derniers jours de votre relev\u00e9 bancaire<\/li>\n<\/ul>\n<\/div>\n<\/div>\n<\/section>\n<\/div>\n<p>&nbsp;<\/p>\n<p>[\/et_pb_text][\/et_pb_column][et_pb_column type=\u00a0\u00bb1_3&Prime; _builder_version=\u00a0\u00bb3.25&Prime; custom_padding=\u00a0\u00bb|||\u00a0\u00bb custom_padding__hover=\u00a0\u00bb|||\u00a0\u00bb][et_pb_text admin_label=\u00a0\u00bb1&Prime; _builder_version=\u00a0\u00bb4.8.1&Prime; text_font=\u00a0\u00bbRoboto|300|||||||\u00a0\u00bb text_text_color=\u00a0\u00bb#000000&Prime; text_font_size=\u00a0\u00bb15px\u00a0\u00bb text_line_height=\u00a0\u00bb1.8em\u00a0\u00bb header_font=\u00a0\u00bbPoppins|600|||||||\u00a0\u00bb header_text_color=\u00a0\u00bb#000000&Prime; header_font_size=\u00a0\u00bb20px\u00a0\u00bb header_line_height=\u00a0\u00bb1.4em\u00a0\u00bb background_size=\u00a0\u00bbinitial\u00a0\u00bb background_position=\u00a0\u00bbtop_left\u00a0\u00bb background_repeat=\u00a0\u00bbrepeat\u00a0\u00bb max_width=\u00a0\u00bb710px\u00a0\u00bb module_alignment=\u00a0\u00bbcenter\u00a0\u00bb]<\/p>\n<h2>QUELLES SONT LES CONDITIONS N\u00c9CESSAIRES POUR OBTENIR UNE AVANCE D\u2019ARGENT?<\/h2>\n<p>Bien que l\u2019obtention d\u2019une avance d\u2019argent soit plus facile que celle d\u2019un pr\u00eat bancaire, nous demandons tout de m\u00eame que nos clients remplissent les crit\u00e8res suivants:<\/p>\n<ul>\n<li>nous fournir un compte ch\u00e8que valide depuis au moins 3 mois<\/li>\n<li>avoir un travail \u00e0 temps complet depuis au moins 6 mois<\/li>\n<li>r\u00e9sider \u00e0 la m\u00eame adresse depuis au moins 6 mois<\/li>\n<li>\u00eatre pay\u00e9 par ch\u00e8que ou par d\u00e9p\u00f4t direct<\/li>\n<li>ne pas \u00eatre en faillite ou ne pas faire l\u2019objet de saisie sur salaire<\/li>\n<\/ul>\n<p>[\/et_pb_text][et_pb_text admin_label=\u00a0\u00bb1&Prime; _builder_version=\u00a0\u00bb4.8.1&Prime; text_font=\u00a0\u00bbRoboto|300|||||||\u00a0\u00bb text_text_color=\u00a0\u00bb#000000&Prime; text_font_size=\u00a0\u00bb15px\u00a0\u00bb text_line_height=\u00a0\u00bb1.8em\u00a0\u00bb header_font=\u00a0\u00bbPoppins|600|||||||\u00a0\u00bb header_text_color=\u00a0\u00bb#000000&Prime; header_font_size=\u00a0\u00bb20px\u00a0\u00bb header_line_height=\u00a0\u00bb1.4em\u00a0\u00bb background_size=\u00a0\u00bbinitial\u00a0\u00bb background_position=\u00a0\u00bbtop_left\u00a0\u00bb background_repeat=\u00a0\u00bbrepeat\u00a0\u00bb max_width=\u00a0\u00bb710px\u00a0\u00bb module_alignment=\u00a0\u00bbcenter\u00a0\u00bb]<\/p>\n<h2>QU&rsquo;EST QU&rsquo;UN PR\u00caT PERSONNEL?<\/h2>\n<p>Un pr\u00eat personnel est un service qui procure aux clients une aide a court terme.[\/et_pb_text][\/et_pb_column][et_pb_column type=\u00a0\u00bb1_3&Prime; _builder_version=\u00a0\u00bb3.25&Prime; custom_padding=\u00a0\u00bb|||\u00a0\u00bb custom_padding__hover=\u00a0\u00bb|||\u00a0\u00bb][et_pb_text admin_label=\u00a0\u00bb1&Prime; _builder_version=\u00a0\u00bb4.8.1&Prime; text_font=\u00a0\u00bbRoboto|300|||||||\u00a0\u00bb text_text_color=\u00a0\u00bb#000000&Prime; text_font_size=\u00a0\u00bb15px\u00a0\u00bb text_line_height=\u00a0\u00bb1.8em\u00a0\u00bb header_font=\u00a0\u00bbPoppins|600|||||||\u00a0\u00bb header_text_color=\u00a0\u00bb#000000&Prime; header_font_size=\u00a0\u00bb20px\u00a0\u00bb header_line_height=\u00a0\u00bb1.4em\u00a0\u00bb background_size=\u00a0\u00bbinitial\u00a0\u00bb background_position=\u00a0\u00bbtop_left\u00a0\u00bb background_repeat=\u00a0\u00bbrepeat\u00a0\u00bb max_width=\u00a0\u00bb710px\u00a0\u00bb module_alignment=\u00a0\u00bbcenter\u00a0\u00bb]<\/p>\n<h2>JE SUIS UN ENTREPRENEUR. PUIS-JE D\u00c9POSER UNE DEMANDE D\u2019AVANCE D\u2019ARGENT?<\/h2>\n<p>Nous acceptons uniquement les demandeurs qui re\u00e7oivent leur salaire par d\u00e9p\u00f4t direct.[\/et_pb_text][et_pb_text admin_label=\u00a0\u00bb1&Prime; _builder_version=\u00a0\u00bb4.8.1&Prime; text_font=\u00a0\u00bbRoboto|300|||||||\u00a0\u00bb text_text_color=\u00a0\u00bb#000000&Prime; text_font_size=\u00a0\u00bb15px\u00a0\u00bb text_line_height=\u00a0\u00bb1.8em\u00a0\u00bb header_font=\u00a0\u00bbPoppins|600|||||||\u00a0\u00bb header_text_color=\u00a0\u00bb#000000&Prime; header_font_size=\u00a0\u00bb20px\u00a0\u00bb header_line_height=\u00a0\u00bb1.4em\u00a0\u00bb background_size=\u00a0\u00bbinitial\u00a0\u00bb background_position=\u00a0\u00bbtop_left\u00a0\u00bb background_repeat=\u00a0\u00bbrepeat\u00a0\u00bb max_width=\u00a0\u00bb710px\u00a0\u00bb module_alignment=\u00a0\u00bbcenter\u00a0\u00bb]<\/p>\n<h2>QUAND LES FONDS ARRIVERONT-ILS?<\/h2>\n<p>1) La fa\u00e7on la plus rapide c\u2019est de vous pr\u00e9senter \u00e0 notre place d\u2019affaires en personne et vous recevrez votre pr\u00eat en argent comptant dans 30 minutes.<\/p>\n<p>2) Si le transfert est effectu\u00e9 avant 11h00 (heure de l\u2019Est) vous recevrez votre pr\u00eat par virement bancaire dans votre compte bancaire avant la fin de la journ\u00e9e. Cependant, si le transfert est fait apr\u00e8s 11h00, un d\u00e9lai de 24 heures s\u2019impose.[\/et_pb_text][\/et_pb_column][\/et_pb_row][\/et_pb_section]<\/p>\n<div style='text-align:center' class='yasr-auto-insert-visitor'><!--Yasr Visitor Votes Shortcode--><div id='yasr_visitor_votes_2b0802af5d6d0' class='yasr-visitor-votes'><div class=\"yasr-custom-text-vv-before yasr-custom-text-vv-before-25510\">Click to rate this post!<\/div><div id='yasr-vv-second-row-container-2b0802af5d6d0'\r\n                                        class='yasr-vv-second-row-container'><div id='yasr-visitor-votes-rater-2b0802af5d6d0'\r\n                                      class='yasr-rater-stars-vv'\r\n                                      data-rater-postid='25510'\r\n                                      data-rating='0'\r\n                                      data-rater-starsize='32'\r\n                                      data-rater-readonly='false'\r\n                                      data-rater-nonce='d1d0e49dfc'\r\n                                      data-issingular='false'\r\n                                    ><\/div><div class=\"yasr-vv-stats-text-container\" id=\"yasr-vv-stats-text-container-2b0802af5d6d0\"><svg xmlns=\"https:\/\/www.w3.org\/2000\/svg\" width=\"20\" height=\"20\"\r\n                                   class=\"yasr-dashicons-visitor-stats\"\r\n                                   data-postid=\"25510\"\r\n                                   id=\"yasr-stats-dashicon-2b0802af5d6d0\">\r\n                                   <path d=\"M18 18v-16h-4v16h4zM12 18v-11h-4v11h4zM6 18v-8h-4v8h4z\"><\/path>\r\n                               <\/svg><span id=\"yasr-vv-text-container-2b0802af5d6d0\" class=\"yasr-vv-text-container\">[Total: <span id=\"yasr-vv-votes-number-container-2b0802af5d6d0\">0<\/span>  Average: <span id=\"yasr-vv-average-container-2b0802af5d6d0\">0<\/span>]<\/span><\/div><div id='yasr-vv-loader-2b0802af5d6d0' class='yasr-vv-container-loader'><\/div><\/div><div id='yasr-vv-bottom-container-2b0802af5d6d0' class='yasr-vv-bottom-container'><\/div><\/div><!--End Yasr Visitor Votes Shortcode--><\/div>","protected":false},"excerpt":{"rendered":"<p>FAQQU\u2019EST-CE QU\u2019UNE AVANCE D\u2019ARGENT? Une avance d\u2019argent est un pr\u00eat \u00e0 court terme souvent utilis\u00e9 pour couvrir des d\u00e9penses inattendues, des p\u00e9nalit\u00e9s de retard, des ch\u00e8ques sans provision et des urgences. Les pr\u00eats \u00e0 court terme sont efficaces lorsqu\u2019on est confront\u00e9 \u00e0 des situations financi\u00e8res imm\u00e9diates, mais ils ne sont pas cens\u00e9s agir comme des [&hellip;]<\/p>\n","protected":false},"author":11,"featured_media":0,"parent":0,"menu_order":0,"comment_status":"closed","ping_status":"closed","template":"","meta":{"_et_pb_use_builder":"on","_et_pb_old_content":"","_et_gb_content_width":"","yasr_overall_rating":0,"yasr_post_is_review":"","yasr_auto_insert_disabled":"","yasr_review_type":"","footnotes":""},"class_list":["post-25510","page","type-page","status-publish","hentry"],"yasr_visitor_votes":{"stars_attributes":{"read_only":false,"span_bottom":false},"number_of_votes":0,"sum_votes":0},"_links":{"self":[{"href":"https:\/\/northstarbrokers.ca\/fr\/wp-json\/wp\/v2\/pages\/25510"}],"collection":[{"href":"https:\/\/northstarbrokers.ca\/fr\/wp-json\/wp\/v2\/pages"}],"about":[{"href":"https:\/\/northstarbrokers.ca\/fr\/wp-json\/wp\/v2\/types\/page"}],"author":[{"embeddable":true,"href":"https:\/\/northstarbrokers.ca\/fr\/wp-json\/wp\/v2\/users\/11"}],"replies":[{"embeddable":true,"href":"https:\/\/northstarbrokers.ca\/fr\/wp-json\/wp\/v2\/comments?post=25510"}],"version-history":[{"count":0,"href":"https:\/\/northstarbrokers.ca\/fr\/wp-json\/wp\/v2\/pages\/25510\/revisions"}],"wp:attachment":[{"href":"https:\/\/northstarbrokers.ca\/fr\/wp-json\/wp\/v2\/media?parent=25510"}],"curies":[{"name":"wp","href":"https:\/\/api.w.org\/{rel}","templated":true}]}}