{"id":25507,"date":"2021-01-25T18:25:03","date_gmt":"2021-01-25T18:25:03","guid":{"rendered":"http:\/\/dev.northstarbrokers.ca\/consolidation-de-dettes\/"},"modified":"2021-08-12T14:19:38","modified_gmt":"2021-08-12T18:19:38","slug":"consolidation-de-dettes","status":"publish","type":"page","link":"https:\/\/northstarbrokers.ca\/fr\/consolidation-de-dettes\/","title":{"rendered":"Consolidation de dettes"},"content":{"rendered":"\n\n[et_pb_section fb_built=\u00a0\u00bb1&Prime; _builder_version=\u00a0\u00bb4.8.1&Prime; _module_preset=\u00a0\u00bbdefault\u00a0\u00bb background_image=\u00a0\u00bbhttps:\/\/northstarbrokers.ca\/wp-content\/uploads\/2021\/01\/credit-cards2.jpg\u00a0\u00bb custom_padding=\u00a0\u00bb150px||150px||true|false\u00a0\u00bb][et_pb_row column_structure=\u00a0\u00bb1_2,1_2&Prime; _builder_version=\u00a0\u00bb4.8.1&Prime; _module_preset=\u00a0\u00bbdefault\u00a0\u00bb][et_pb_column type=\u00a0\u00bb1_2&Prime; _builder_version=\u00a0\u00bb4.8.1&Prime; _module_preset=\u00a0\u00bbdefault\u00a0\u00bb][et_pb_text _builder_version=\u00a0\u00bb4.8.1&Prime; _module_preset=\u00a0\u00bbdefault\u00a0\u00bb header_font=\u00a0\u00bbPoppins|600|||||||\u00a0\u00bb header_text_color=\u00a0\u00bb#FFFFFF\u00a0\u00bb header_font_size=\u00a0\u00bb34px\u00a0\u00bb header_line_height=\u00a0\u00bb1.2em\u00a0\u00bb header_text_shadow_style=\u00a0\u00bbpreset3&Prime; header_text_shadow_blur_strength=\u00a0\u00bb0.33em\u00a0\u00bb header_text_shadow_color=\u00a0\u00bb#000000&Prime;]<h1>Faire une demande en ligne de consolidation de dettes au Canada<\/h1>[\/et_pb_text][\/et_pb_column][et_pb_column type=\u00a0\u00bb1_2&Prime; _builder_version=\u00a0\u00bb4.8.1&Prime; _module_preset=\u00a0\u00bbdefault\u00a0\u00bb][\/et_pb_column][\/et_pb_row][\/et_pb_section][et_pb_section fb_built=\u00a0\u00bb1&Prime; _builder_version=\u00a0\u00bb4.8.1&Prime; _module_preset=\u00a0\u00bbdefault\u00a0\u00bb][et_pb_row column_structure=\u00a0\u00bb2_5,3_5&Prime; _builder_version=\u00a0\u00bb4.8.1&Prime; _module_preset=\u00a0\u00bbdefault\u00a0\u00bb][et_pb_column type=\u00a0\u00bb2_5&Prime; _builder_version=\u00a0\u00bb4.8.1&Prime; _module_preset=\u00a0\u00bbdefault\u00a0\u00bb][et_pb_text _builder_version=\u00a0\u00bb4.8.1&Prime; text_font=\u00a0\u00bbPoppins|700|||||||\u00a0\u00bb text_text_color=\u00a0\u00bb#000000&Prime; text_font_size=\u00a0\u00bb22px\u00a0\u00bb text_line_height=\u00a0\u00bb1.1em\u00a0\u00bb header_font=\u00a0\u00bbPoppins|700|||||||\u00a0\u00bb header_text_color=\u00a0\u00bb#000000&Prime; header_line_height=\u00a0\u00bb1.3em\u00a0\u00bb header_font_size_tablet=\u00a0\u00bb\u00a0\u00bb header_font_size_phone=\u00a0\u00bb25px\u00a0\u00bb header_font_size_last_edited=\u00a0\u00bbon|desktop\u00a0\u00bb]<p>Consolidation de dettes<\/p>[\/et_pb_text][et_pb_text _builder_version=\u00a0\u00bb4.8.1&Prime; text_font=\u00a0\u00bbRoboto|300|||||||\u00a0\u00bb text_text_color=\u00a0\u00bb#000000&Prime; text_font_size=\u00a0\u00bb18px\u00a0\u00bb text_line_height=\u00a0\u00bb1.8em\u00a0\u00bb header_font=\u00a0\u00bbNunito Sans|700|||||||\u00a0\u00bb header_text_color=\u00a0\u00bb#297FCA\u00a0\u00bb header_line_height=\u00a0\u00bb1.3em\u00a0\u00bb custom_margin=\u00a0\u00bb-27px||\u00a0\u00bb]<p>Vous \u00e9prouvez certaines difficult\u00e9s \u00e0 couvrir toutes vos dettes et vos factures de cartes de cr\u00e9dit ? Pas de panique, <strong>Northstar<\/strong> peut vous venir en aide. Gr\u00e2ce \u00e0 notre offre <strong>consolidation de dette<\/strong>, nous sommes pr\u00eats \u00e0 vous emprunter rapidement de l\u2019argent jusqu\u2019\u00e0 3 000 $<\/p>[\/et_pb_text][et_pb_button button_url=\u00a0\u00bbhttps:\/\/northstarbrokers.ca\/fr\/demande-en-ligne\/\u00a0\u00bb button_text=\u00a0\u00bbPostuler Maintenant!\u00a0\u00bb button_alignment=\u00a0\u00bbleft\u00a0\u00bb _builder_version=\u00a0\u00bb4.8.1&Prime; _module_preset=\u00a0\u00bbdefault\u00a0\u00bb custom_button=\u00a0\u00bbon\u00a0\u00bb button_text_size=\u00a0\u00bb19px\u00a0\u00bb button_text_color=\u00a0\u00bb#FFFFFF\u00a0\u00bb button_bg_color=\u00a0\u00bb#0C71C3&Prime; button_border_width=\u00a0\u00bb0px\u00a0\u00bb button_border_color=\u00a0\u00bb#5C81F3&Prime; button_border_radius=\u00a0\u00bb100px\u00a0\u00bb button_font=\u00a0\u00bbDM Sans||||||||\u00a0\u00bb button_use_icon=\u00a0\u00bboff\u00a0\u00bb custom_margin=\u00a0\u00bb40px||||false|false\u00a0\u00bb custom_padding=\u00a0\u00bb9px|40px|8px|40px|false|true\u00a0\u00bb locked=\u00a0\u00bboff\u00a0\u00bb button_text_color__hover_enabled=\u00a0\u00bbon|hover\u00a0\u00bb button_text_color__hover=\u00a0\u00bb#ffffff\u00a0\u00bb button_bg_color__hover_enabled=\u00a0\u00bbon|desktop\u00a0\u00bb button_bg_color__hover=\u00a0\u00bb#5fd58c\u00a0\u00bb button_bg_enable_color__hover=\u00a0\u00bbon\u00a0\u00bb button_border_color__hover_enabled=\u00a0\u00bbon|hover\u00a0\u00bb button_border_color__hover=\u00a0\u00bb#5fd58c\u00a0\u00bb button_letter_spacing__hover_enabled=\u00a0\u00bbon|hover\u00a0\u00bb button_letter_spacing__hover=\u00a0\u00bb0px\u00a0\u00bb][\/et_pb_button][\/et_pb_column][et_pb_column type=\u00a0\u00bb3_5&Prime; _builder_version=\u00a0\u00bb4.8.1&Prime; _module_preset=\u00a0\u00bbdefault\u00a0\u00bb][et_pb_text _builder_version=\u00a0\u00bb4.8.1&Prime; text_font=\u00a0\u00bbPoppins|700|||||||\u00a0\u00bb text_text_color=\u00a0\u00bb#000000&Prime; text_font_size=\u00a0\u00bb26px\u00a0\u00bb text_line_height=\u00a0\u00bb1.1em\u00a0\u00bb header_font=\u00a0\u00bbPoppins|800|||||||\u00a0\u00bb header_text_color=\u00a0\u00bb#000000&Prime; header_line_height=\u00a0\u00bb1.3em\u00a0\u00bb header_3_font=\u00a0\u00bbPoppins|700|||||||\u00a0\u00bb header_font_size_tablet=\u00a0\u00bb\u00a0\u00bb header_font_size_phone=\u00a0\u00bb25px\u00a0\u00bb header_font_size_last_edited=\u00a0\u00bbon|desktop\u00a0\u00bb]<h3>Pourquoi choisir les Courtiers Northstar?<\/h3>[\/et_pb_text][et_pb_text _builder_version=\u00a0\u00bb4.8.1&Prime; _module_preset=\u00a0\u00bbdefault\u00a0\u00bb text_font=\u00a0\u00bbPoppins||||||||\u00a0\u00bb header_3_font=\u00a0\u00bbRoboto||||||||\u00a0\u00bb header_3_font_size=\u00a0\u00bb18px\u00a0\u00bb header_3_line_height=\u00a0\u00bb1.4em\u00a0\u00bb]<p>Si vous avez rapidement besoin d\u2019argent, postulez d\u00e8s maintenant pour notre service. La demande se fait en seulement quelques clics. M\u00eame pas besoin de vous d\u00e9placer, vous pouvez soumettre votre dossier de n\u2019importe quel lieu o\u00f9 vous \u00eates. Les courtiers de Northstar s\u2019occupent du reste. Nous avons tout fait pour simplifier la proc\u00e9dure et pour acc\u00e9l\u00e9rer le traitement de votre demande. En ce qui concerne notre professionnalisme, vous n\u2019avez aucun souci \u00e0 vous faire. Nous avons mis en place un syst\u00e8me <b>100 % s\u00e9curis\u00e9<\/b> qui prot\u00e8ge la confidentialit\u00e9 de toute l\u2019op\u00e9ration et de vos op\u00e9rations. Par ailleurs, nous collaborons uniquement avec des entreprises de cr\u00e9dit qui disposent d\u2019une licence de <b>l\u2019<\/b><a href=\"https:\/\/www.opc.gouv.qc.ca\/\"><b>Office de la Protection du consommateur<\/b><\/a>.<\/p>[\/et_pb_text][\/et_pb_column][\/et_pb_row][\/et_pb_section][et_pb_section fb_built=\u00a0\u00bb1&Prime; _builder_version=\u00a0\u00bb4.8.1&Prime; _module_preset=\u00a0\u00bbdefault\u00a0\u00bb background_color=\u00a0\u00bb#f7f7f7&Prime;][et_pb_row column_structure=\u00a0\u00bb1_4,1_4,1_2&Prime; _builder_version=\u00a0\u00bb4.8.1&Prime; _module_preset=\u00a0\u00bbdefault\u00a0\u00bb][et_pb_column type=\u00a0\u00bb1_4&Prime; _builder_version=\u00a0\u00bb4.8.1&Prime; _module_preset=\u00a0\u00bbdefault\u00a0\u00bb][et_pb_text _builder_version=\u00a0\u00bb4.8.1&Prime; _module_preset=\u00a0\u00bbdefault\u00a0\u00bb text_font=\u00a0\u00bbPoppins|800|||||||\u00a0\u00bb text_text_color=\u00a0\u00bb#0C71C3&Prime; text_font_size=\u00a0\u00bb26px\u00a0\u00bb header_2_font=\u00a0\u00bbPoppins|800|||||||\u00a0\u00bb header_2_text_color=\u00a0\u00bb#0C71C3&Prime;]<h2>QU\u2019EST-CE QU\u2019UNE CONSOLIDATION DE DETTES?<\/h2>[\/et_pb_text][et_pb_text _builder_version=\u00a0\u00bb4.8.1&Prime; _module_preset=\u00a0\u00bbdefault\u00a0\u00bb text_font=\u00a0\u00bbPoppins||||||||\u00a0\u00bb]<p>Une consolidation de dettes, ou consolidation de cr\u00e9dit est un pr\u00eat qui sert \u00e0 rembourser deux ou plusieurs cr\u00e9anciers non garantis.<\/p>[\/et_pb_text][\/et_pb_column][et_pb_column type=\u00a0\u00bb1_4&Prime; _builder_version=\u00a0\u00bb4.8.1&Prime; _module_preset=\u00a0\u00bbdefault\u00a0\u00bb][et_pb_text _builder_version=\u00a0\u00bb4.8.1&Prime; _module_preset=\u00a0\u00bbdefault\u00a0\u00bb text_font=\u00a0\u00bbPoppins|800|||||||\u00a0\u00bb text_text_color=\u00a0\u00bb#0C71C3&Prime; text_font_size=\u00a0\u00bb26px\u00a0\u00bb header_2_font=\u00a0\u00bbPoppins|800|||||||\u00a0\u00bb header_2_text_color=\u00a0\u00bb#0C71C3&Prime;]<h2>COMMENT UTILISER UNE CONSOLIDATION DE DETTES?<\/h2>[\/et_pb_text][et_pb_text _builder_version=\u00a0\u00bb4.8.1&Prime; _module_preset=\u00a0\u00bbdefault\u00a0\u00bb text_font=\u00a0\u00bbPoppins||||||||\u00a0\u00bb]Si vous faites face \u00e0 un probl\u00e8me de surendettement, la consolidation de dettes peut \u00eatre la meilleure solution. Vous pouvez l\u2019utiliser pour payer toutes vos factures en une seule fois en ne vous laissant plus qu\u2019un seul remboursement \u00e0 faire. Tous les paiements sont ainsi regroup\u00e9s en un seul paiement mensuel remboursable sur une p\u00e9riode maximale de 5 ans.[\/et_pb_text][\/et_pb_column][et_pb_column type=\u00a0\u00bb1_2&Prime; _builder_version=\u00a0\u00bb4.8.1&Prime; _module_preset=\u00a0\u00bbdefault\u00a0\u00bb][et_pb_text _builder_version=\u00a0\u00bb4.8.1&Prime; _module_preset=\u00a0\u00bbdefault\u00a0\u00bb text_font=\u00a0\u00bbPoppins|800|||||||\u00a0\u00bb text_text_color=\u00a0\u00bb#0C71C3&Prime; text_font_size=\u00a0\u00bb26px\u00a0\u00bb header_2_font=\u00a0\u00bbPoppins|800|||||||\u00a0\u00bb header_2_text_color=\u00a0\u00bb#0C71C3&Prime;]<h2 style=\"text-align: left;\">QUELS SONT LES AVANTAGES D\u2019UNE CONSOLIDATION DE DETTES?<\/h2>[\/et_pb_text][et_pb_text _builder_version=\u00a0\u00bb4.8.1&Prime; _module_preset=\u00a0\u00bbdefault\u00a0\u00bb text_font=\u00a0\u00bbPoppins||||||||\u00a0\u00bb]<p>En plus de vous \u00e9viter la faillite, la consolidation de dettes vous permet de r\u00e9gler rapidement vos dettes. En ne contractant qu\u2019un seul emprunt, vous pouvez simplifier la gestion de votre budget. Il se peut m\u00eame que vos paiements mensuels diminuent si vous \u00eates \u00e9ligibles pour de nouvelles conditions avec des taux plus faibles.<\/p>\r\n<p><strong>Pratiques de recouvrement responsables<\/strong><\/p>\r\n<p>Chez les Courtiers Northstar, nous prenons toujours en consid\u00e9ration le statut financier de l\u2019emprunteur. En cas de pr\u00eats en souffrance, nous pourrons prendre des accords de remboursement. Mais si l\u2019emprunteur n\u2019arrive pas \u00e0 recouvrir toutes les dettes, nous sommes pr\u00eats \u00e0 engager une agence de recouvrement tierce pour s\u2019occuper du processus de recouvrement. Les frais juridiques qui en d\u00e9coulent seront \u00e0 la charge de l\u2019emprunteur et les dettes non rembours\u00e9es engageront des actions en justice avec toute la rigueur de la loi.<\/p>[\/et_pb_text][\/et_pb_column][\/et_pb_row][et_pb_row _builder_version=\u00a0\u00bb4.8.1&Prime; _module_preset=\u00a0\u00bbdefault\u00a0\u00bb locked=\u00a0\u00bboff\u00a0\u00bb][et_pb_column _builder_version=\u00a0\u00bb4.8.1&Prime; _module_preset=\u00a0\u00bbdefault\u00a0\u00bb type=\u00a0\u00bb4_4&Prime;][et_pb_text _builder_version=\u00a0\u00bb4.8.1&Prime; _module_preset=\u00a0\u00bbdefault\u00a0\u00bb hover_enabled=\u00a0\u00bb0&Prime; sticky_enabled=\u00a0\u00bb0&Prime;]<!--Yasr Visitor Votes Shortcode--><div id='yasr_visitor_votes_fe6c1b0a59e75' class='yasr-visitor-votes'><div class=\"yasr-custom-text-vv-before yasr-custom-text-vv-before-25507\">Click to rate this post!<\/div><div id='yasr-vv-second-row-container-fe6c1b0a59e75'\r\n                                        class='yasr-vv-second-row-container'><div id='yasr-visitor-votes-rater-fe6c1b0a59e75'\r\n                                      class='yasr-rater-stars-vv'\r\n                                      data-rater-postid='25507'\r\n                                      data-rating='5'\r\n                                      data-rater-starsize='32'\r\n                                      data-rater-readonly='false'\r\n                                      data-rater-nonce='b8456f3e30'\r\n                                      data-issingular='false'\r\n                                    ><\/div><div class=\"yasr-vv-stats-text-container\" id=\"yasr-vv-stats-text-container-fe6c1b0a59e75\"><svg xmlns=\"https:\/\/www.w3.org\/2000\/svg\" width=\"20\" height=\"20\"\r\n                                   class=\"yasr-dashicons-visitor-stats\"\r\n                                   data-postid=\"25507\"\r\n                                   id=\"yasr-stats-dashicon-fe6c1b0a59e75\">\r\n                                   <path d=\"M18 18v-16h-4v16h4zM12 18v-11h-4v11h4zM6 18v-8h-4v8h4z\"><\/path>\r\n                               <\/svg><span id=\"yasr-vv-text-container-fe6c1b0a59e75\" class=\"yasr-vv-text-container\">[Total: <span id=\"yasr-vv-votes-number-container-fe6c1b0a59e75\">1<\/span>  Average: <span id=\"yasr-vv-average-container-fe6c1b0a59e75\">5<\/span>]<\/span><\/div><div id='yasr-vv-loader-fe6c1b0a59e75' class='yasr-vv-container-loader'><\/div><\/div><div id='yasr-vv-bottom-container-fe6c1b0a59e75' class='yasr-vv-bottom-container'><\/div><\/div><!--End Yasr Visitor Votes Shortcode-->[\/et_pb_text][\/et_pb_column][\/et_pb_row][\/et_pb_section]\n\n<div style='text-align:center' class='yasr-auto-insert-visitor'><!--Yasr Visitor Votes Shortcode--><div id='yasr_visitor_votes_58d67be79ae52' class='yasr-visitor-votes'><div class=\"yasr-custom-text-vv-before yasr-custom-text-vv-before-25507\">Click to rate this post!<\/div><div id='yasr-vv-second-row-container-58d67be79ae52'\r\n                                        class='yasr-vv-second-row-container'><div id='yasr-visitor-votes-rater-58d67be79ae52'\r\n                                      class='yasr-rater-stars-vv'\r\n                                      data-rater-postid='25507'\r\n                                      data-rating='5'\r\n                                      data-rater-starsize='32'\r\n                                      data-rater-readonly='false'\r\n                                      data-rater-nonce='b8456f3e30'\r\n                                      data-issingular='false'\r\n                                    ><\/div><div class=\"yasr-vv-stats-text-container\" id=\"yasr-vv-stats-text-container-58d67be79ae52\"><svg xmlns=\"https:\/\/www.w3.org\/2000\/svg\" width=\"20\" height=\"20\"\r\n                                   class=\"yasr-dashicons-visitor-stats\"\r\n                                   data-postid=\"25507\"\r\n                                   id=\"yasr-stats-dashicon-58d67be79ae52\">\r\n                                   <path d=\"M18 18v-16h-4v16h4zM12 18v-11h-4v11h4zM6 18v-8h-4v8h4z\"><\/path>\r\n                               <\/svg><span id=\"yasr-vv-text-container-58d67be79ae52\" class=\"yasr-vv-text-container\">[Total: <span id=\"yasr-vv-votes-number-container-58d67be79ae52\">1<\/span>  Average: <span id=\"yasr-vv-average-container-58d67be79ae52\">5<\/span>]<\/span><\/div><div id='yasr-vv-loader-58d67be79ae52' class='yasr-vv-container-loader'><\/div><\/div><div id='yasr-vv-bottom-container-58d67be79ae52' class='yasr-vv-bottom-container'><\/div><\/div><!--End Yasr Visitor Votes Shortcode--><\/div>","protected":false},"excerpt":{"rendered":"<p>Faire une demande en ligne de consolidation de dettes au CanadaConsolidation de dettesVous \u00e9prouvez certaines difficult\u00e9s \u00e0 couvrir toutes vos dettes et vos factures de cartes de cr\u00e9dit ? Pas de panique, Northstar peut vous venir en aide. Gr\u00e2ce \u00e0 notre offre consolidation de dette, nous sommes pr\u00eats \u00e0 vous emprunter rapidement de l\u2019argent jusqu\u2019\u00e0 [&hellip;]<\/p>\n","protected":false},"author":11,"featured_media":0,"parent":0,"menu_order":0,"comment_status":"closed","ping_status":"closed","template":"","meta":{"_et_pb_use_builder":"on","_et_pb_old_content":"","_et_gb_content_width":"","yasr_overall_rating":0,"yasr_post_is_review":"","yasr_auto_insert_disabled":"","yasr_review_type":"","footnotes":""},"class_list":["post-25507","page","type-page","status-publish","hentry"],"yasr_visitor_votes":{"stars_attributes":{"read_only":false,"span_bottom":false},"number_of_votes":1,"sum_votes":5},"_links":{"self":[{"href":"https:\/\/northstarbrokers.ca\/fr\/wp-json\/wp\/v2\/pages\/25507"}],"collection":[{"href":"https:\/\/northstarbrokers.ca\/fr\/wp-json\/wp\/v2\/pages"}],"about":[{"href":"https:\/\/northstarbrokers.ca\/fr\/wp-json\/wp\/v2\/types\/page"}],"author":[{"embeddable":true,"href":"https:\/\/northstarbrokers.ca\/fr\/wp-json\/wp\/v2\/users\/11"}],"replies":[{"embeddable":true,"href":"https:\/\/northstarbrokers.ca\/fr\/wp-json\/wp\/v2\/comments?post=25507"}],"version-history":[{"count":0,"href":"https:\/\/northstarbrokers.ca\/fr\/wp-json\/wp\/v2\/pages\/25507\/revisions"}],"wp:attachment":[{"href":"https:\/\/northstarbrokers.ca\/fr\/wp-json\/wp\/v2\/media?parent=25507"}],"curies":[{"name":"wp","href":"https:\/\/api.w.org\/{rel}","templated":true}]}}