{"id":25480,"date":"2021-01-25T15:34:54","date_gmt":"2021-01-25T15:34:54","guid":{"rendered":"http:\/\/dev.northstarbrokers.ca\/a-propos\/"},"modified":"2021-01-29T12:36:15","modified_gmt":"2021-01-29T12:36:15","slug":"a-propos","status":"publish","type":"page","link":"https:\/\/northstarbrokers.ca\/fr\/a-propos\/","title":{"rendered":"\u00c0 Propos"},"content":{"rendered":"<p>[et_pb_section fb_built=\u00a0\u00bb1&Prime; _builder_version=\u00a0\u00bb4.8.1&Prime; _module_preset=\u00a0\u00bbdefault\u00a0\u00bb background_image=\u00a0\u00bbhttps:\/\/northstarbrokers.ca\/wp-content\/uploads\/2021\/01\/loanscontact.jpg\u00a0\u00bb custom_padding=\u00a0\u00bb150px||150px||true|false\u00a0\u00bb][et_pb_row column_structure=\u00a0\u00bb1_2,1_2&Prime; _builder_version=\u00a0\u00bb4.8.1&Prime; _module_preset=\u00a0\u00bbdefault\u00a0\u00bb][et_pb_column type=\u00a0\u00bb1_2&Prime; _builder_version=\u00a0\u00bb4.8.1&Prime; _module_preset=\u00a0\u00bbdefault\u00a0\u00bb][et_pb_text _builder_version=\u00a0\u00bb4.8.1&Prime; _module_preset=\u00a0\u00bbdefault\u00a0\u00bb header_font=\u00a0\u00bbPoppins|600|||||||\u00a0\u00bb header_text_color=\u00a0\u00bb#000000&Prime; header_font_size=\u00a0\u00bb34px\u00a0\u00bb header_line_height=\u00a0\u00bb1.2em\u00a0\u00bb header_text_shadow_style=\u00a0\u00bbpreset3&Prime; header_text_shadow_blur_strength=\u00a0\u00bb0.33em\u00a0\u00bb header_text_shadow_color=\u00a0\u00bb#FFFFFF\u00a0\u00bb]<\/p>\n<h1>\u00c0 Propos Northstar<\/h1>\n<p>[\/et_pb_text][\/et_pb_column][et_pb_column type=\u00a0\u00bb1_2&Prime; _builder_version=\u00a0\u00bb4.8.1&Prime; _module_preset=\u00a0\u00bbdefault\u00a0\u00bb][\/et_pb_column][\/et_pb_row][\/et_pb_section][et_pb_section fb_built=\u00a0\u00bb1&Prime; _builder_version=\u00a0\u00bb4.8.1&Prime; _module_preset=\u00a0\u00bbdefault\u00a0\u00bb][et_pb_row column_structure=\u00a0\u00bb2_3,1_3&Prime; _builder_version=\u00a0\u00bb4.8.1&Prime; _module_preset=\u00a0\u00bbdefault\u00a0\u00bb][et_pb_column type=\u00a0\u00bb2_3&Prime; _builder_version=\u00a0\u00bb4.8.1&Prime; _module_preset=\u00a0\u00bbdefault\u00a0\u00bb][et_pb_text _builder_version=\u00a0\u00bb4.8.1&Prime; text_font=\u00a0\u00bbPoppins|700|||||||\u00a0\u00bb text_text_color=\u00a0\u00bb#000000&Prime; text_font_size=\u00a0\u00bb26px\u00a0\u00bb text_line_height=\u00a0\u00bb1.1em\u00a0\u00bb header_font=\u00a0\u00bbPoppins|700|||||||\u00a0\u00bb header_text_color=\u00a0\u00bb#000000&Prime; header_line_height=\u00a0\u00bb1.3em\u00a0\u00bb header_2_font=\u00a0\u00bbPoppins|700|||||||\u00a0\u00bb header_font_size_tablet=\u00a0\u00bb\u00a0\u00bb header_font_size_phone=\u00a0\u00bb25px\u00a0\u00bb header_font_size_last_edited=\u00a0\u00bbon|desktop\u00a0\u00bb]<\/p>\n<h2>QUI SOMMES-NOUS<\/h2>\n<p>[\/et_pb_text][et_pb_text _builder_version=\u00a0\u00bb4.8.1&Prime; _module_preset=\u00a0\u00bbdefault\u00a0\u00bb text_font=\u00a0\u00bbPoppins||||||||\u00a0\u00bb]<\/p>\n<p>Northstar est une institution de cr\u00e9dit qui propose des pr\u00eats sur salaire, des pr\u00eats rapides, des avances de fonds, des pr\u00eats pour mauvais cr\u00e9dit, des consolidations de dettes et des pr\u00eats sans enqu\u00eate de cr\u00e9dit. Toutes les demandes envoy\u00e9es peuvent \u00eatre approuv\u00e9es dans l\u2019imm\u00e9diat. Nous pouvons \u00e9galement nous occuper de la restauration de votre cr\u00e9dit gr\u00e2ce \u00e0 une carte de cr\u00e9dit s\u00e9curis\u00e9e que nous vous proposons en toute confidentialit\u00e9.<\/p>\n<p>Nous ne sommes en collaboration qu\u2019avec des soci\u00e9t\u00e9s en ordre avec le Bureau de la protection du consommateur, et nous veillons particuli\u00e8rement \u00e0 veiller sur la s\u00e9curit\u00e9 absolue de tous nos pr\u00eats. \u00c7a fait d\u00e9j\u00e0 12 ans que nous travaillons dans ce secteur et notre objectif reste le m\u00eame : aider des personnes dans le besoin \u00e0 obtenir facilement une assistance financi\u00e8re sans \u00eatre factur\u00e9 de frais initiaux et disponibles \u00e0 tout moment.<\/p>\n<p>[\/et_pb_text][\/et_pb_column][et_pb_column type=\u00a0\u00bb1_3&Prime; _builder_version=\u00a0\u00bb4.8.1&Prime; _module_preset=\u00a0\u00bbdefault\u00a0\u00bb][et_pb_text _builder_version=\u00a0\u00bb4.8.1&Prime; text_font=\u00a0\u00bbPoppins|700|||||||\u00a0\u00bb text_text_color=\u00a0\u00bb#000000&Prime; text_font_size=\u00a0\u00bb26px\u00a0\u00bb text_line_height=\u00a0\u00bb1.1em\u00a0\u00bb header_font=\u00a0\u00bbPoppins|800|||||||\u00a0\u00bb header_text_color=\u00a0\u00bb#000000&Prime; header_line_height=\u00a0\u00bb1.3em\u00a0\u00bb header_3_font=\u00a0\u00bbPoppins|700|||||||\u00a0\u00bb header_font_size_tablet=\u00a0\u00bb\u00a0\u00bb header_font_size_phone=\u00a0\u00bb25px\u00a0\u00bb header_font_size_last_edited=\u00a0\u00bbon|desktop\u00a0\u00bb]<\/p>\n<h3>NOS SERVICES<\/h3>\n<p>[\/et_pb_text][et_pb_text _builder_version=\u00a0\u00bb4.8.2&Prime; _module_preset=\u00a0\u00bbdefault\u00a0\u00bb text_font=\u00a0\u00bbPoppins||||||||\u00a0\u00bb header_3_font=\u00a0\u00bbRoboto||||||||\u00a0\u00bb header_3_font_size=\u00a0\u00bb18px\u00a0\u00bb header_3_line_height=\u00a0\u00bb1.4em\u00a0\u00bb hover_enabled=\u00a0\u00bb0&Prime; sticky_enabled=\u00a0\u00bb0&Prime;]<\/p>\n<p><strong><a href=\"https:\/\/northstarbrokers.ca\/fr\/prets-sans-enquete-de-credit\/\">Pr\u00eats sans enqu\u00eate de cr\u00e9dit<\/a><br \/> <\/strong>Votre pass\u00e9 ne devrait pas affecter votre avenir<\/p>\n<p><strong><a href=\"https:\/\/northstarbrokers.ca\/fr\/consolidation-de-dettes\/\">Consolidation de dettes<\/a><br \/> <\/strong>Un pr\u00eat pour tout r\u00e9gler<\/p>\n<p><strong><a href=\"https:\/\/northstarbrokers.ca\/fr\/pret-mauvais-credit\/\">Pr\u00eats pour les mauvais cr\u00e9dits<\/a><br \/> <\/strong>De l\u2019argent quand vous en avez le plus besoin<\/p>\n<p><strong><a href=\"https:\/\/northstarbrokers.ca\/fr\/avance-de-fonds\/\">Avance de fonds en ligne<\/a><br \/> <\/strong>Obtenez avance de fonds en ligne dont vous avez besoin, quand vous en avez besoin!<\/p>\n<p><strong><a href=\"https:\/\/northstarbrokers.ca\/fr\/pret-argent-rapide\/\">Pr\u00eat argent rapide<\/a><br \/> <\/strong>Pr\u00eat rapide \u2013 C\u2019est simple!<\/p>\n<p><strong><a href=\"https:\/\/northstarbrokers.ca\/fr\/refaire-son-credit\/\">Refaire son cr\u00e9dit<\/a><br \/> <\/strong>Une bonne cote de cr\u00e9dit peut vous faire \u00e9conomiser de l\u2019argent<\/p>\n<p>[\/et_pb_text][\/et_pb_column][\/et_pb_row][\/et_pb_section][et_pb_section fb_built=\u00a0\u00bb1&Prime; _builder_version=\u00a0\u00bb4.8.1&Prime; _module_preset=\u00a0\u00bbdefault\u00a0\u00bb background_color=\u00a0\u00bb#f7f7f7&Prime;][et_pb_row column_structure=\u00a0\u00bb1_3,1_3,1_3&Prime; _builder_version=\u00a0\u00bb4.8.1&Prime; _module_preset=\u00a0\u00bbdefault\u00a0\u00bb][et_pb_column type=\u00a0\u00bb1_3&Prime; _builder_version=\u00a0\u00bb4.8.1&Prime; _module_preset=\u00a0\u00bbdefault\u00a0\u00bb][et_pb_text _builder_version=\u00a0\u00bb4.8.1&Prime; _module_preset=\u00a0\u00bbdefault\u00a0\u00bb text_font=\u00a0\u00bbPoppins|800|||||||\u00a0\u00bb text_text_color=\u00a0\u00bb#0C71C3&Prime; text_font_size=\u00a0\u00bb26px\u00a0\u00bb header_2_font=\u00a0\u00bbPoppins|800|||||||\u00a0\u00bb header_2_text_color=\u00a0\u00bb#0C71C3&Prime;]<\/p>\n<h2>NOTRE MISSION<\/h2>\n<p>[\/et_pb_text][et_pb_text _builder_version=\u00a0\u00bb4.8.1&Prime; _module_preset=\u00a0\u00bbdefault\u00a0\u00bb text_font=\u00a0\u00bbPoppins||||||||\u00a0\u00bb]Accorder aussi vite que possible des pr\u00eats \u00e0 court terme et devenir le premier fournisseur d\u2019avances de cr\u00e9dit au Canada. Pour arriver \u00e0 nos fins, nous avons simplifi\u00e9 l\u2019ensemble du processus de pr\u00eats afin que vous puissiez soumettre votre demande d\u2019emprunt dans la simplicit\u00e9 et que vous recevez votre argent quasi imm\u00e9diatement.[\/et_pb_text][\/et_pb_column][et_pb_column type=\u00a0\u00bb1_3&Prime; _builder_version=\u00a0\u00bb4.8.1&Prime; _module_preset=\u00a0\u00bbdefault\u00a0\u00bb][et_pb_text _builder_version=\u00a0\u00bb4.8.1&Prime; _module_preset=\u00a0\u00bbdefault\u00a0\u00bb text_font=\u00a0\u00bbPoppins|800|||||||\u00a0\u00bb text_text_color=\u00a0\u00bb#0C71C3&Prime; text_font_size=\u00a0\u00bb26px\u00a0\u00bb header_2_font=\u00a0\u00bbPoppins|800|||||||\u00a0\u00bb header_2_text_color=\u00a0\u00bb#0C71C3&Prime;]<\/p>\n<h2>NOTRE VISION<\/h2>\n<p>[\/et_pb_text][et_pb_text _builder_version=\u00a0\u00bb4.8.1&Prime; _module_preset=\u00a0\u00bbdefault\u00a0\u00bb text_font=\u00a0\u00bbPoppins||||||||\u00a0\u00bb]Nous faisons en sorte que nos services s\u2019adaptent \u00e0 toute situation. C\u2019est pourquoi nous fournissons des produits r\u00e9volutionnaires qui vous sont propos\u00e9s en suivant des m\u00e9thodes \u00e0 la pointe de la technologie.[\/et_pb_text][\/et_pb_column][et_pb_column type=\u00a0\u00bb1_3&Prime; _builder_version=\u00a0\u00bb4.8.1&Prime; _module_preset=\u00a0\u00bbdefault\u00a0\u00bb][et_pb_text _builder_version=\u00a0\u00bb4.8.1&Prime; _module_preset=\u00a0\u00bbdefault\u00a0\u00bb text_font=\u00a0\u00bbPoppins|800|||||||\u00a0\u00bb text_text_color=\u00a0\u00bb#0C71C3&Prime; text_font_size=\u00a0\u00bb26px\u00a0\u00bb header_2_font=\u00a0\u00bbPoppins|800|||||||\u00a0\u00bb header_2_text_color=\u00a0\u00bb#0C71C3&Prime;]<\/p>\n<h2 style=\"text-align: left;\">NOS VALEURS<\/h2>\n<p>[\/et_pb_text][et_pb_text _builder_version=\u00a0\u00bb4.8.1&Prime; _module_preset=\u00a0\u00bbdefault\u00a0\u00bb text_font=\u00a0\u00bbPoppins||||||||\u00a0\u00bb]Nous mettons l\u2019emphase sur l\u2019\u00e9thique et la responsabilit\u00e9 soci\u00e9tale au sein de notre entreprise. Par ailleurs, le respect de nos clients, de nos employ\u00e9s ainsi que celui de nos partenaires fait partie de notre priorit\u00e9 absolue.[\/et_pb_text][\/et_pb_column][\/et_pb_row][\/et_pb_section]<\/p>\n<div style='text-align:center' class='yasr-auto-insert-visitor'><!--Yasr Visitor Votes Shortcode--><div id='yasr_visitor_votes_f95e7a6cc15e2' class='yasr-visitor-votes'><div class=\"yasr-custom-text-vv-before yasr-custom-text-vv-before-25480\">Click to rate this post!<\/div><div id='yasr-vv-second-row-container-f95e7a6cc15e2'\r\n                                        class='yasr-vv-second-row-container'><div id='yasr-visitor-votes-rater-f95e7a6cc15e2'\r\n                                      class='yasr-rater-stars-vv'\r\n                                      data-rater-postid='25480'\r\n                                      data-rating='0'\r\n                                      data-rater-starsize='32'\r\n                                      data-rater-readonly='false'\r\n                                      data-rater-nonce='b8456f3e30'\r\n                                      data-issingular='false'\r\n                                    ><\/div><div class=\"yasr-vv-stats-text-container\" id=\"yasr-vv-stats-text-container-f95e7a6cc15e2\"><svg xmlns=\"https:\/\/www.w3.org\/2000\/svg\" width=\"20\" height=\"20\"\r\n                                   class=\"yasr-dashicons-visitor-stats\"\r\n                                   data-postid=\"25480\"\r\n                                   id=\"yasr-stats-dashicon-f95e7a6cc15e2\">\r\n                                   <path d=\"M18 18v-16h-4v16h4zM12 18v-11h-4v11h4zM6 18v-8h-4v8h4z\"><\/path>\r\n                               <\/svg><span id=\"yasr-vv-text-container-f95e7a6cc15e2\" class=\"yasr-vv-text-container\">[Total: <span id=\"yasr-vv-votes-number-container-f95e7a6cc15e2\">0<\/span>  Average: <span id=\"yasr-vv-average-container-f95e7a6cc15e2\">0<\/span>]<\/span><\/div><div id='yasr-vv-loader-f95e7a6cc15e2' class='yasr-vv-container-loader'><\/div><\/div><div id='yasr-vv-bottom-container-f95e7a6cc15e2' class='yasr-vv-bottom-container'><\/div><\/div><!--End Yasr Visitor Votes Shortcode--><\/div>","protected":false},"excerpt":{"rendered":"<p>\u00c0 Propos NorthstarQUI SOMMES-NOUSNorthstar est une institution de cr\u00e9dit qui propose des pr\u00eats sur salaire, des pr\u00eats rapides, des avances de fonds, des pr\u00eats pour mauvais cr\u00e9dit, des consolidations de dettes et des pr\u00eats sans enqu\u00eate de cr\u00e9dit. Toutes les demandes envoy\u00e9es peuvent \u00eatre approuv\u00e9es dans l\u2019imm\u00e9diat. Nous pouvons \u00e9galement nous occuper de la restauration [&hellip;]<\/p>\n","protected":false},"author":11,"featured_media":0,"parent":0,"menu_order":0,"comment_status":"closed","ping_status":"closed","template":"","meta":{"_et_pb_use_builder":"on","_et_pb_old_content":"","_et_gb_content_width":"","yasr_overall_rating":0,"yasr_post_is_review":"","yasr_auto_insert_disabled":"","yasr_review_type":"","footnotes":""},"class_list":["post-25480","page","type-page","status-publish","hentry"],"yasr_visitor_votes":{"stars_attributes":{"read_only":false,"span_bottom":false},"number_of_votes":0,"sum_votes":0},"_links":{"self":[{"href":"https:\/\/northstarbrokers.ca\/fr\/wp-json\/wp\/v2\/pages\/25480"}],"collection":[{"href":"https:\/\/northstarbrokers.ca\/fr\/wp-json\/wp\/v2\/pages"}],"about":[{"href":"https:\/\/northstarbrokers.ca\/fr\/wp-json\/wp\/v2\/types\/page"}],"author":[{"embeddable":true,"href":"https:\/\/northstarbrokers.ca\/fr\/wp-json\/wp\/v2\/users\/11"}],"replies":[{"embeddable":true,"href":"https:\/\/northstarbrokers.ca\/fr\/wp-json\/wp\/v2\/comments?post=25480"}],"version-history":[{"count":0,"href":"https:\/\/northstarbrokers.ca\/fr\/wp-json\/wp\/v2\/pages\/25480\/revisions"}],"wp:attachment":[{"href":"https:\/\/northstarbrokers.ca\/fr\/wp-json\/wp\/v2\/media?parent=25480"}],"curies":[{"name":"wp","href":"https:\/\/api.w.org\/{rel}","templated":true}]}}